{"id":402,"date":"2022-03-23T08:25:26","date_gmt":"2022-03-23T08:25:26","guid":{"rendered":"https:\/\/www.city-bahn.de\/?page_id=402"},"modified":"2024-06-10T11:20:39","modified_gmt":"2024-06-10T09:20:39","slug":"variobahn-6ngt-ldz","status":"publish","type":"page","link":"https:\/\/www.city-bahn.de\/en\/ueber-uns\/fahrzeuge\/variobahn-6ngt-ldz\/","title":{"rendered":"Variobahn 6NGT-LDZ"},"content":{"rendered":"<div data-elementor-type=\"wp-page\" data-elementor-id=\"402\" class=\"elementor elementor-402\" data-elementor-post-type=\"page\">\n\t\t\t\t<div class=\"elementor-element elementor-element-0e16025 e-con-full e-flex e-con e-parent\" data-id=\"0e16025\" data-element_type=\"container\">\n\t\t\t\t<div class=\"elementor-element elementor-element-dd28693 elementor-widget elementor-widget-template\" data-id=\"dd28693\" data-element_type=\"widget\" data-widget_type=\"template.default\">\n\t\t\t\t<div class=\"elementor-widget-container\">\n\t\t\t\t\t\t\t<div class=\"elementor-template\">\n\t\t\t\t\t<div data-elementor-type=\"section\" data-elementor-id=\"1369\" class=\"elementor elementor-1369\" data-elementor-post-type=\"elementor_library\">\n\t\t\t<div class=\"elementor-element elementor-element-1274cd1 e-con-full e-flex e-con e-parent\" data-id=\"1274cd1\" data-element_type=\"container\" data-settings=\"{&quot;background_background&quot;:&quot;classic&quot;}\">\n\t\t<div class=\"elementor-element elementor-element-3a760d5 e-con-full e-flex e-con e-child\" data-id=\"3a760d5\" data-element_type=\"container\" data-settings=\"{&quot;background_background&quot;:&quot;classic&quot;}\">\n\t\t\t\t<div class=\"elementor-element elementor-element-5a475b5 elementor-widget__width-auto cb-outline-shadow elementor-widget elementor-widget-heading\" data-id=\"5a475b5\" data-element_type=\"widget\" data-widget_type=\"heading.default\">\n\t\t\t\t<div class=\"elementor-widget-container\">\n\t\t\t\t\t<h2 class=\"elementor-heading-title elementor-size-default\"><a href=\"https:\/\/www.city-bahn.de\/en\/ueber-uns\/fahrzeuge\/\">Vehicles<\/a><\/h2>\t\t\t\t<\/div>\n\t\t\t\t<\/div>\n\t\t\t\t<div class=\"elementor-element elementor-element-fd26813 cb-outline-shadow elementor-widget elementor-widget-html\" data-id=\"fd26813\" data-element_type=\"widget\" data-widget_type=\"html.default\">\n\t\t\t\t<div class=\"elementor-widget-container\">\n\t\t\t\t\t<h1 class=\"cb_title_small cb_title_style\">Variobahn 6NGT-LDZ<\/h1>\t\t\t\t<\/div>\n\t\t\t\t<\/div>\n\t\t\t\t<\/div>\n\t\t\t\t<\/div>\n\t\t\t\t<\/div>\n\t\t\t\t<\/div>\n\t\t\t\t\t\t<\/div>\n\t\t\t\t<\/div>\n\t\t\t\t<\/div>\n\t\t\t\t<section class=\"elementor-section elementor-top-section elementor-element elementor-element-9b4f1df elementor-section-boxed elementor-section-height-default elementor-section-height-default\" data-id=\"9b4f1df\" data-element_type=\"section\">\n\t\t\t\t\t\t<div class=\"elementor-container elementor-column-gap-wide\">\n\t\t\t\t\t<div class=\"elementor-column elementor-col-50 elementor-top-column elementor-element elementor-element-7328602\" data-id=\"7328602\" data-element_type=\"column\">\n\t\t\t<div class=\"elementor-widget-wrap elementor-element-populated\">\n\t\t\t\t\t\t<div class=\"elementor-element elementor-element-8329c4b elementor-pagination-position-inside elementor-arrows-position-inside elementor-widget elementor-widget-image-carousel\" data-id=\"8329c4b\" data-element_type=\"widget\" data-settings=\"{&quot;slides_to_show&quot;:&quot;1&quot;,&quot;navigation&quot;:&quot;both&quot;,&quot;autoplay&quot;:&quot;yes&quot;,&quot;pause_on_hover&quot;:&quot;yes&quot;,&quot;pause_on_interaction&quot;:&quot;yes&quot;,&quot;autoplay_speed&quot;:5000,&quot;infinite&quot;:&quot;yes&quot;,&quot;effect&quot;:&quot;slide&quot;,&quot;speed&quot;:500}\" data-widget_type=\"image-carousel.default\">\n\t\t\t\t<div class=\"elementor-widget-container\">\n\t\t\t\t\t\t\t<div class=\"elementor-image-carousel-wrapper swiper\" role=\"region\" aria-roledescription=\"carousel\" aria-label=\"image carousel\" dir=\"ltr\">\n\t\t\t<div class=\"elementor-image-carousel swiper-wrapper\" aria-live=\"off\">\n\t\t\t\t\t\t\t\t<div class=\"swiper-slide\" role=\"group\" aria-roledescription=\"slide\" aria-label=\"1 of 2\"><figure class=\"swiper-slide-inner\"><img decoding=\"async\" class=\"swiper-slide-image\" src=\"https:\/\/www.city-bahn.de\/wp-content\/uploads\/2022\/03\/C11_a-768x512.jpg\" alt=\"Die Variobahn der Linie C11 vor dem Haltepunkt Roter Turm, im Hintergrund die Galeria Roter Turm mit Werbung f\u00fcr Saturn und CineStar\" \/><\/figure><\/div><div class=\"swiper-slide\" role=\"group\" aria-roledescription=\"slide\" aria-label=\"2 of 2\"><figure class=\"swiper-slide-inner\"><img decoding=\"async\" class=\"swiper-slide-image\" src=\"https:\/\/www.city-bahn.de\/wp-content\/uploads\/2022\/03\/IMG_7416-768x512.jpg\" alt=\"Eine rote Variobahn der Linie C11 in Chemnitzer Stadtgebiet in Fahrtrichtung Stollberg\" \/><\/figure><\/div>\t\t\t<\/div>\n\t\t\t\t\t\t\t\t\t\t\t\t<div class=\"elementor-swiper-button elementor-swiper-button-prev\" role=\"button\" tabindex=\"0\">\n\t\t\t\t\t\t<i aria-hidden=\"true\" class=\"eicon-chevron-left\"><\/i>\t\t\t\t\t<\/div>\n\t\t\t\t\t<div class=\"elementor-swiper-button elementor-swiper-button-next\" role=\"button\" tabindex=\"0\">\n\t\t\t\t\t\t<i aria-hidden=\"true\" class=\"eicon-chevron-right\"><\/i>\t\t\t\t\t<\/div>\n\t\t\t\t\n\t\t\t\t\t\t\t\t\t<div class=\"swiper-pagination\"><\/div>\n\t\t\t\t\t\t\t\t\t<\/div>\n\t\t\t\t\t\t<\/div>\n\t\t\t\t<\/div>\n\t\t\t\t<div class=\"elementor-element elementor-element-c89e622 elementor-widget elementor-widget-text-editor\" data-id=\"c89e622\" data-element_type=\"widget\" data-widget_type=\"text-editor.default\">\n\t\t\t\t<div class=\"elementor-widget-container\">\n\t\t\t\t\t\t\t\t\t<p>For the pilot line of the Chemnitz model, vehicles suitable for both the tram and railway networks are required. After electrification of the section Altchemnitz - Stollberg with 750 V DC, the use of a Regio-Variobahn (with modifications compared to series CVAG) was the most economical variant of operation.<\/p><p>The main differences to the conventional equipment for the tram network are a new wheel profile, a prerequisite for smooth running and high derailment safety of the trains on both tracks, a train control system (Indusi I60R) prescribed due to the higher speed and the single-track route, train radio and a signal horn. All the comfort features already familiar from inner-city use, such as level boarding through four wide doors on both sides, good visibility to the outside through large windows, optical and acoustic passenger information, air-conditioned interior and a ticket vending machine, are of course also available in the Regio vehicles.<\/p><p>The City-Bahn Chemnitz has a total of six railcars of this type (411-416), which are maintained at CVAG's Adelsberg tram depot.<\/p><p>The Variobahn 6NGT-LDZ vehicles are in service on the C11 Chemnitz - Stollberg line.<\/p>\t\t\t\t\t\t\t\t<\/div>\n\t\t\t\t<\/div>\n\t\t\t\t<div class=\"elementor-element elementor-element-fc24b68 cb-no-deco elementor-widget elementor-widget-image\" data-id=\"fc24b68\" data-element_type=\"widget\" data-widget_type=\"image.default\">\n\t\t\t\t<div class=\"elementor-widget-container\">\n\t\t\t\t\t\t\t\t\t\t\t\t<figure class=\"wp-caption\">\n\t\t\t\t\t\t\t\t\t\t\t<a href=\"https:\/\/www.city-bahn.de\/wp-content\/uploads\/2022\/03\/skizze_vario_193021.png\" data-elementor-open-lightbox=\"yes\" data-elementor-lightbox-title=\"Seitenansicht 6NGT-LDZ\" data-elementor-lightbox-description=\"Seitenansicht 6NGT-LDZ (Variobahn)\" data-e-action-hash=\"#elementor-action%3Aaction%3Dlightbox%26settings%3DeyJpZCI6NDEyLCJ1cmwiOiJodHRwczpcL1wvd3d3LmNpdHktYmFobi5kZVwvd3AtY29udGVudFwvdXBsb2Fkc1wvMjAyMlwvMDNcL3NraXp6ZV92YXJpb18xOTMwMjEucG5nIn0%3D\">\n\t\t\t\t\t\t\t<img fetchpriority=\"high\" decoding=\"async\" width=\"760\" height=\"122\" src=\"https:\/\/www.city-bahn.de\/wp-content\/uploads\/2022\/03\/skizze_vario_193021.png\" class=\"attachment-large size-large wp-image-412\" alt=\"Seitenansicht 6NGT-LDZ (Variobahn)\" srcset=\"https:\/\/www.city-bahn.de\/wp-content\/uploads\/2022\/03\/skizze_vario_193021.png 760w, https:\/\/www.city-bahn.de\/wp-content\/uploads\/2022\/03\/skizze_vario_193021-300x48.png 300w\" sizes=\"(max-width: 760px) 100vw, 760px\" \/>\t\t\t\t\t\t\t\t<\/a>\n\t\t\t\t\t\t\t\t\t\t\t<figcaption class=\"widget-image-caption wp-caption-text\">Side view 6NGT-LDZ<\/figcaption>\n\t\t\t\t\t\t\t\t\t\t<\/figure>\n\t\t\t\t\t\t\t\t\t<\/div>\n\t\t\t\t<\/div>\n\t\t\t\t\t<\/div>\n\t\t<\/div>\n\t\t\t\t<div class=\"elementor-column elementor-col-50 elementor-top-column elementor-element elementor-element-68392f0\" data-id=\"68392f0\" data-element_type=\"column\">\n\t\t\t<div class=\"elementor-widget-wrap elementor-element-populated\">\n\t\t\t\t\t\t<section class=\"elementor-section elementor-inner-section elementor-element elementor-element-e5baa1c elementor-section-boxed elementor-section-height-default elementor-section-height-default\" data-id=\"e5baa1c\" data-element_type=\"section\">\n\t\t\t\t\t\t<div class=\"elementor-container elementor-column-gap-wide\">\n\t\t\t\t\t<div class=\"elementor-column elementor-col-100 elementor-inner-column elementor-element elementor-element-5e0c2be cb-deco cb-bd cb-bd--shift-tl cb-ul cb-ul--red-light\" data-id=\"5e0c2be\" data-element_type=\"column\" data-settings=\"{&quot;background_background&quot;:&quot;classic&quot;}\">\n\t\t\t<div class=\"elementor-widget-wrap elementor-element-populated\">\n\t\t\t\t\t\t<div class=\"elementor-element elementor-element-4a02a5f cb-deco cb-table elementor-widget elementor-widget-text-editor\" data-id=\"4a02a5f\" data-element_type=\"widget\" data-widget_type=\"text-editor.default\">\n\t\t\t\t<div class=\"elementor-widget-container\">\n\t\t\t\t\t\t\t\t\t<p><strong>Dimensions<\/strong><\/p><table border=\"0\" width=\"560\" cellspacing=\"1\" cellpadding=\"1\" align=\"left\"><tbody><tr><td width=\"237\">Length<\/td><td width=\"310\">31,380 mm<\/td><\/tr><tr><td width=\"237\">Wide<\/td><td width=\"310\">2,650 mm<\/td><\/tr><tr><td width=\"237\">Height<\/td><td width=\"310\">3,350 mm<\/td><\/tr><tr><td width=\"237\">Entry height<\/td><td width=\"310\">300 mm<\/td><\/tr><\/tbody><\/table><p><strong>Loads<\/strong><\/p><table border=\"0\" width=\"560\" cellspacing=\"1\" cellpadding=\"1\" align=\"left\"><tbody><tr><td width=\"237\">Tare weight with supplies<\/td><td width=\"310\">37,800 kg<\/td><\/tr><tr><td width=\"237\">Maximum payload<\/td><td width=\"310\">21,200 kg<\/td><\/tr><\/tbody><\/table><p><strong>Chassis<\/strong><\/p><table border=\"0\" width=\"560\" cellspacing=\"1\" cellpadding=\"1\"><tbody><tr><td width=\"236\">Gauge<\/td><td width=\"311\">1,435 mm<\/td><\/tr><tr><td width=\"236\">Smallest passable<br \/>Arc radius<\/td><td width=\"311\">20,000 mm<\/td><\/tr><tr><td width=\"236\">Wheel diameter (new\/ worn)<\/td><td width=\"311\">663\/ 623 mm<\/td><\/tr><\/tbody><\/table><p><strong>Space available<\/strong><\/p><table border=\"0\" width=\"560\" cellspacing=\"1\" cellpadding=\"1\"><tbody><tr><td width=\"237\">Passenger seats<\/td><td width=\"310\">73<\/td><\/tr><tr><td width=\"237\">thereof folding seats<\/td><td width=\"310\">5<\/td><\/tr><tr><td width=\"237\">Standing room<\/td><td width=\"310\">124<\/td><\/tr><\/tbody><\/table><p><strong>Drive\/ Other<\/strong><\/p><table border=\"0\" width=\"560\" cellspacing=\"1\" cellpadding=\"1\"><tbody><tr><td width=\"238\">Nominal contact wire voltage<\/td><td width=\"309\">600 V\/ 750V<\/td><\/tr><tr><td width=\"238\">Traction motor power at nominal point<\/td><td width=\"309\">8\u00d745 kW<\/td><\/tr><tr><td width=\"238\">Maximum speed<\/td><td width=\"309\">80 km\/h<\/td><\/tr><tr><td width=\"238\">Control technology<\/td><td width=\"309\">MICAS<sup>\u00ae <\/sup>- Computer technology with integrated vehicle feeder bus (IFZ)<\/td><\/tr><tr><td width=\"238\">Year of manufacture<\/td><td width=\"309\">2001<\/td><\/tr><\/tbody><\/table>\t\t\t\t\t\t\t\t<\/div>\n\t\t\t\t<\/div>\n\t\t\t\t\t<\/div>\n\t\t<\/div>\n\t\t\t\t\t<\/div>\n\t\t<\/section>\n\t\t\t\t\t<\/div>\n\t\t<\/div>\n\t\t\t\t\t<\/div>\n\t\t<\/section>\n\t\t\t\t<\/div>","protected":false},"excerpt":{"rendered":"<p>The pilot line of the Chemnitz model requires vehicles suitable for both the tram and railway network. After electrification of the Altchemnitz - Stollberg section with 750 V DC, the use of a Regio-Variobahn (with modifications compared to the CVAG series) was the most economical variant for operation. The main differences to the conventional equipment for the tramway network are a new...<\/p>","protected":false},"author":2,"featured_media":539,"parent":1344,"menu_order":47,"comment_status":"closed","ping_status":"closed","template":"elementor_header_footer","meta":{"_acf_changed":false,"footnotes":""},"class_list":["post-402","page","type-page","status-publish","has-post-thumbnail","hentry"],"acf":[],"yoast_head":"<!-- This site is optimized with the Yoast SEO plugin v26.5 - https:\/\/yoast.com\/wordpress\/plugins\/seo\/ -->\n<title>Variobahn 6NGT-LDZ &#187; City-Bahn Chemnitz<\/title>\n<meta name=\"robots\" content=\"index, follow, max-snippet:-1, max-image-preview:large, max-video-preview:-1\" \/>\n<link rel=\"canonical\" href=\"https:\/\/www.city-bahn.de\/en\/ueber-uns\/fahrzeuge\/variobahn-6ngt-ldz\/\" \/>\n<meta property=\"og:locale\" content=\"en_GB\" \/>\n<meta property=\"og:type\" content=\"article\" \/>\n<meta property=\"og:title\" content=\"Variobahn 6NGT-LDZ &#187; City-Bahn Chemnitz\" \/>\n<meta property=\"og:description\" content=\"F\u00fcr die Pilotstrecke des Chemnitzer Modells sind sowohl f\u00fcr das Stra\u00dfenbahn- als auch Eisenbahnnetz geeignete Fahrzeuge notwendig. Nach Elektrifizierung des Streckenabschnitts Altchemnitz &#8211; Stollberg mit 750 V DC war der Einsatz einer Regio-Variobahn (mit Modifikationen gegen\u00fcber Serie CVAG) die wirtschaftlichste Variante der Betriebsdurchf\u00fchrung. Die wesentlichen Unterschiede zur herk\u00f6mmlichen Ausstattung f\u00fcr das Stra\u00dfenbahnnetz sind ein neues...\" \/>\n<meta property=\"og:url\" content=\"https:\/\/www.city-bahn.de\/en\/ueber-uns\/fahrzeuge\/variobahn-6ngt-ldz\/\" \/>\n<meta property=\"og:site_name\" content=\"City-Bahn Chemnitz\" \/>\n<meta property=\"article:publisher\" content=\"https:\/\/www.facebook.com\/city.bahn.chemnitz\" \/>\n<meta property=\"article:modified_time\" content=\"2024-06-10T09:20:39+00:00\" \/>\n<meta property=\"og:image\" content=\"https:\/\/www.city-bahn.de\/wp-content\/uploads\/2022\/03\/C11_a-scaled.jpg\" \/>\n\t<meta property=\"og:image:width\" content=\"2560\" \/>\n\t<meta property=\"og:image:height\" content=\"1708\" \/>\n\t<meta property=\"og:image:type\" content=\"image\/jpeg\" \/>\n<meta name=\"twitter:card\" content=\"summary_large_image\" \/>\n<meta name=\"twitter:site\" content=\"@citybahn\" \/>\n<meta name=\"twitter:label1\" content=\"Estimated reading time\" \/>\n\t<meta name=\"twitter:data1\" content=\"1 minute\" \/>\n<script type=\"application\/ld+json\" class=\"yoast-schema-graph\">{\"@context\":\"https:\/\/schema.org\",\"@graph\":[{\"@type\":\"WebPage\",\"@id\":\"https:\/\/www.city-bahn.de\/ueber-uns\/fahrzeuge\/variobahn-6ngt-ldz\/\",\"url\":\"https:\/\/www.city-bahn.de\/ueber-uns\/fahrzeuge\/variobahn-6ngt-ldz\/\",\"name\":\"Variobahn 6NGT-LDZ &#187; City-Bahn Chemnitz\",\"isPartOf\":{\"@id\":\"https:\/\/www.city-bahn.de\/#website\"},\"primaryImageOfPage\":{\"@id\":\"https:\/\/www.city-bahn.de\/ueber-uns\/fahrzeuge\/variobahn-6ngt-ldz\/#primaryimage\"},\"image\":{\"@id\":\"https:\/\/www.city-bahn.de\/ueber-uns\/fahrzeuge\/variobahn-6ngt-ldz\/#primaryimage\"},\"thumbnailUrl\":\"https:\/\/www.city-bahn.de\/wp-content\/uploads\/2022\/03\/C11_a-scaled.jpg\",\"datePublished\":\"2022-03-23T08:25:26+00:00\",\"dateModified\":\"2024-06-10T09:20:39+00:00\",\"breadcrumb\":{\"@id\":\"https:\/\/www.city-bahn.de\/ueber-uns\/fahrzeuge\/variobahn-6ngt-ldz\/#breadcrumb\"},\"inLanguage\":\"en-GB\",\"potentialAction\":[{\"@type\":\"ReadAction\",\"target\":[\"https:\/\/www.city-bahn.de\/ueber-uns\/fahrzeuge\/variobahn-6ngt-ldz\/\"]}]},{\"@type\":\"ImageObject\",\"inLanguage\":\"en-GB\",\"@id\":\"https:\/\/www.city-bahn.de\/ueber-uns\/fahrzeuge\/variobahn-6ngt-ldz\/#primaryimage\",\"url\":\"https:\/\/www.city-bahn.de\/wp-content\/uploads\/2022\/03\/C11_a-scaled.jpg\",\"contentUrl\":\"https:\/\/www.city-bahn.de\/wp-content\/uploads\/2022\/03\/C11_a-scaled.jpg\",\"width\":2560,\"height\":1708,\"caption\":\"Linie C11\"},{\"@type\":\"BreadcrumbList\",\"@id\":\"https:\/\/www.city-bahn.de\/ueber-uns\/fahrzeuge\/variobahn-6ngt-ldz\/#breadcrumb\",\"itemListElement\":[{\"@type\":\"ListItem\",\"position\":1,\"name\":\"Startseite\",\"item\":\"https:\/\/www.city-bahn.de\/\"},{\"@type\":\"ListItem\",\"position\":2,\"name\":\"\u00dcber uns\",\"item\":\"https:\/\/www.city-bahn.de\/ueber-uns\/\"},{\"@type\":\"ListItem\",\"position\":3,\"name\":\"Fahrzeuge\",\"item\":\"https:\/\/www.city-bahn.de\/ueber-uns\/fahrzeuge\/\"},{\"@type\":\"ListItem\",\"position\":4,\"name\":\"Variobahn 6NGT-LDZ\"}]},{\"@type\":\"WebSite\",\"@id\":\"https:\/\/www.city-bahn.de\/#website\",\"url\":\"https:\/\/www.city-bahn.de\/\",\"name\":\"City-Bahn Chemnitz\",\"description\":\"Wir verbinden die Region\",\"publisher\":{\"@id\":\"https:\/\/www.city-bahn.de\/#organization\"},\"alternateName\":\"City-Bahn Chemnitz GmbH\",\"potentialAction\":[{\"@type\":\"SearchAction\",\"target\":{\"@type\":\"EntryPoint\",\"urlTemplate\":\"https:\/\/www.city-bahn.de\/?s={search_term_string}\"},\"query-input\":{\"@type\":\"PropertyValueSpecification\",\"valueRequired\":true,\"valueName\":\"search_term_string\"}}],\"inLanguage\":\"en-GB\"},{\"@type\":\"Organization\",\"@id\":\"https:\/\/www.city-bahn.de\/#organization\",\"name\":\"City-Bahn Chemnitz GmbH\",\"url\":\"https:\/\/www.city-bahn.de\/\",\"logo\":{\"@type\":\"ImageObject\",\"inLanguage\":\"en-GB\",\"@id\":\"https:\/\/www.city-bahn.de\/#\/schema\/logo\/image\/\",\"url\":\"https:\/\/www.city-bahn.de\/wp-content\/uploads\/2022\/01\/LogoCBC.svg\",\"contentUrl\":\"https:\/\/www.city-bahn.de\/wp-content\/uploads\/2022\/01\/LogoCBC.svg\",\"width\":1385,\"height\":658,\"caption\":\"City-Bahn Chemnitz GmbH\"},\"image\":{\"@id\":\"https:\/\/www.city-bahn.de\/#\/schema\/logo\/image\/\"},\"sameAs\":[\"https:\/\/www.facebook.com\/city.bahn.chemnitz\",\"https:\/\/x.com\/citybahn\"]}]}<\/script>\n<!-- \/ Yoast SEO plugin. -->","yoast_head_json":{"title":"Variobahn 6NGT-LDZ \u00bb City-Bahn Chemnitz","robots":{"index":"index","follow":"follow","max-snippet":"max-snippet:-1","max-image-preview":"max-image-preview:large","max-video-preview":"max-video-preview:-1"},"canonical":"https:\/\/www.city-bahn.de\/en\/ueber-uns\/fahrzeuge\/variobahn-6ngt-ldz\/","og_locale":"en_GB","og_type":"article","og_title":"Variobahn 6NGT-LDZ &#187; City-Bahn Chemnitz","og_description":"F\u00fcr die Pilotstrecke des Chemnitzer Modells sind sowohl f\u00fcr das Stra\u00dfenbahn- als auch Eisenbahnnetz geeignete Fahrzeuge notwendig. Nach Elektrifizierung des Streckenabschnitts Altchemnitz &#8211; Stollberg mit 750 V DC war der Einsatz einer Regio-Variobahn (mit Modifikationen gegen\u00fcber Serie CVAG) die wirtschaftlichste Variante der Betriebsdurchf\u00fchrung. Die wesentlichen Unterschiede zur herk\u00f6mmlichen Ausstattung f\u00fcr das Stra\u00dfenbahnnetz sind ein neues...","og_url":"https:\/\/www.city-bahn.de\/en\/ueber-uns\/fahrzeuge\/variobahn-6ngt-ldz\/","og_site_name":"City-Bahn Chemnitz","article_publisher":"https:\/\/www.facebook.com\/city.bahn.chemnitz","article_modified_time":"2024-06-10T09:20:39+00:00","og_image":[{"width":2560,"height":1708,"url":"https:\/\/www.city-bahn.de\/wp-content\/uploads\/2022\/03\/C11_a-scaled.jpg","type":"image\/jpeg"}],"twitter_card":"summary_large_image","twitter_site":"@citybahn","twitter_misc":{"Estimated reading time":"1 minute"},"schema":{"@context":"https:\/\/schema.org","@graph":[{"@type":"WebPage","@id":"https:\/\/www.city-bahn.de\/ueber-uns\/fahrzeuge\/variobahn-6ngt-ldz\/","url":"https:\/\/www.city-bahn.de\/ueber-uns\/fahrzeuge\/variobahn-6ngt-ldz\/","name":"Variobahn 6NGT-LDZ \u00bb City-Bahn Chemnitz","isPartOf":{"@id":"https:\/\/www.city-bahn.de\/#website"},"primaryImageOfPage":{"@id":"https:\/\/www.city-bahn.de\/ueber-uns\/fahrzeuge\/variobahn-6ngt-ldz\/#primaryimage"},"image":{"@id":"https:\/\/www.city-bahn.de\/ueber-uns\/fahrzeuge\/variobahn-6ngt-ldz\/#primaryimage"},"thumbnailUrl":"https:\/\/www.city-bahn.de\/wp-content\/uploads\/2022\/03\/C11_a-scaled.jpg","datePublished":"2022-03-23T08:25:26+00:00","dateModified":"2024-06-10T09:20:39+00:00","breadcrumb":{"@id":"https:\/\/www.city-bahn.de\/ueber-uns\/fahrzeuge\/variobahn-6ngt-ldz\/#breadcrumb"},"inLanguage":"en-GB","potentialAction":[{"@type":"ReadAction","target":["https:\/\/www.city-bahn.de\/ueber-uns\/fahrzeuge\/variobahn-6ngt-ldz\/"]}]},{"@type":"ImageObject","inLanguage":"en-GB","@id":"https:\/\/www.city-bahn.de\/ueber-uns\/fahrzeuge\/variobahn-6ngt-ldz\/#primaryimage","url":"https:\/\/www.city-bahn.de\/wp-content\/uploads\/2022\/03\/C11_a-scaled.jpg","contentUrl":"https:\/\/www.city-bahn.de\/wp-content\/uploads\/2022\/03\/C11_a-scaled.jpg","width":2560,"height":1708,"caption":"Linie C11"},{"@type":"BreadcrumbList","@id":"https:\/\/www.city-bahn.de\/ueber-uns\/fahrzeuge\/variobahn-6ngt-ldz\/#breadcrumb","itemListElement":[{"@type":"ListItem","position":1,"name":"Startseite","item":"https:\/\/www.city-bahn.de\/"},{"@type":"ListItem","position":2,"name":"\u00dcber uns","item":"https:\/\/www.city-bahn.de\/ueber-uns\/"},{"@type":"ListItem","position":3,"name":"Fahrzeuge","item":"https:\/\/www.city-bahn.de\/ueber-uns\/fahrzeuge\/"},{"@type":"ListItem","position":4,"name":"Variobahn 6NGT-LDZ"}]},{"@type":"WebSite","@id":"https:\/\/www.city-bahn.de\/#website","url":"https:\/\/www.city-bahn.de\/","name":"Chemnitz City Railway","description":"We connect the region","publisher":{"@id":"https:\/\/www.city-bahn.de\/#organization"},"alternateName":"City-Bahn Chemnitz GmbH","potentialAction":[{"@type":"SearchAction","target":{"@type":"EntryPoint","urlTemplate":"https:\/\/www.city-bahn.de\/?s={search_term_string}"},"query-input":{"@type":"PropertyValueSpecification","valueRequired":true,"valueName":"search_term_string"}}],"inLanguage":"en-GB"},{"@type":"Organization","@id":"https:\/\/www.city-bahn.de\/#organization","name":"City-Bahn Chemnitz GmbH","url":"https:\/\/www.city-bahn.de\/","logo":{"@type":"ImageObject","inLanguage":"en-GB","@id":"https:\/\/www.city-bahn.de\/#\/schema\/logo\/image\/","url":"https:\/\/www.city-bahn.de\/wp-content\/uploads\/2022\/01\/LogoCBC.svg","contentUrl":"https:\/\/www.city-bahn.de\/wp-content\/uploads\/2022\/01\/LogoCBC.svg","width":1385,"height":658,"caption":"City-Bahn Chemnitz GmbH"},"image":{"@id":"https:\/\/www.city-bahn.de\/#\/schema\/logo\/image\/"},"sameAs":["https:\/\/www.facebook.com\/city.bahn.chemnitz","https:\/\/x.com\/citybahn"]}]}},"publishpress_future_workflow_manual_trigger":{"enabledWorkflows":[]},"_links":{"self":[{"href":"https:\/\/www.city-bahn.de\/en\/wp-json\/wp\/v2\/pages\/402","targetHints":{"allow":["GET"]}}],"collection":[{"href":"https:\/\/www.city-bahn.de\/en\/wp-json\/wp\/v2\/pages"}],"about":[{"href":"https:\/\/www.city-bahn.de\/en\/wp-json\/wp\/v2\/types\/page"}],"author":[{"embeddable":true,"href":"https:\/\/www.city-bahn.de\/en\/wp-json\/wp\/v2\/users\/2"}],"replies":[{"embeddable":true,"href":"https:\/\/www.city-bahn.de\/en\/wp-json\/wp\/v2\/comments?post=402"}],"version-history":[{"count":315,"href":"https:\/\/www.city-bahn.de\/en\/wp-json\/wp\/v2\/pages\/402\/revisions"}],"predecessor-version":[{"id":5457,"href":"https:\/\/www.city-bahn.de\/en\/wp-json\/wp\/v2\/pages\/402\/revisions\/5457"}],"up":[{"embeddable":true,"href":"https:\/\/www.city-bahn.de\/en\/wp-json\/wp\/v2\/pages\/1344"}],"wp:featuredmedia":[{"embeddable":true,"href":"https:\/\/www.city-bahn.de\/en\/wp-json\/wp\/v2\/media\/539"}],"wp:attachment":[{"href":"https:\/\/www.city-bahn.de\/en\/wp-json\/wp\/v2\/media?parent=402"}],"curies":[{"name":"wp","href":"https:\/\/api.w.org\/{rel}","templated":true}]}}