{"id":3037,"date":"2023-05-26T08:29:18","date_gmt":"2023-05-26T06:29:18","guid":{"rendered":"https:\/\/www.city-bahn.de\/?page_id=3037"},"modified":"2026-04-04T15:55:53","modified_gmt":"2026-04-04T13:55:53","slug":"tickets-und-preise","status":"publish","type":"page","link":"https:\/\/www.city-bahn.de\/en\/tickets-und-tarife\/tickets-und-preise\/","title":{"rendered":"Tickets and prices"},"content":{"rendered":"<div data-elementor-type=\"wp-page\" data-elementor-id=\"3037\" class=\"elementor elementor-3037\" data-elementor-post-type=\"page\">\n\t\t\t\t<div class=\"elementor-element elementor-element-29d7213 e-con-full e-flex e-con e-parent\" data-id=\"29d7213\" data-element_type=\"container\">\n\t\t\t\t<div class=\"elementor-element elementor-element-8010630 elementor-widget elementor-widget-template\" data-id=\"8010630\" data-element_type=\"widget\" data-widget_type=\"template.default\">\n\t\t\t\t<div class=\"elementor-widget-container\">\n\t\t\t\t\t\t\t<div class=\"elementor-template\">\n\t\t\t\t\t<div data-elementor-type=\"section\" data-elementor-id=\"1369\" class=\"elementor elementor-1369\" data-elementor-post-type=\"elementor_library\">\n\t\t\t<div class=\"elementor-element elementor-element-1274cd1 e-con-full e-flex e-con e-parent\" data-id=\"1274cd1\" data-element_type=\"container\" data-settings=\"{&quot;background_background&quot;:&quot;classic&quot;}\">\n\t\t<div class=\"elementor-element elementor-element-3a760d5 e-con-full e-flex e-con e-child\" data-id=\"3a760d5\" data-element_type=\"container\" data-settings=\"{&quot;background_background&quot;:&quot;classic&quot;}\">\n\t\t\t\t<div class=\"elementor-element elementor-element-5a475b5 elementor-widget__width-auto cb-outline-shadow elementor-widget elementor-widget-heading\" data-id=\"5a475b5\" data-element_type=\"widget\" data-widget_type=\"heading.default\">\n\t\t\t\t<div class=\"elementor-widget-container\">\n\t\t\t\t\t<h2 class=\"elementor-heading-title elementor-size-default\"><a href=\"https:\/\/www.city-bahn.de\/en\/tickets-und-tarife\/\">Tickets &amp; tariffs<\/a><\/h2>\t\t\t\t<\/div>\n\t\t\t\t<\/div>\n\t\t\t\t<div class=\"elementor-element elementor-element-fd26813 cb-outline-shadow elementor-widget elementor-widget-html\" data-id=\"fd26813\" data-element_type=\"widget\" data-widget_type=\"html.default\">\n\t\t\t\t<div class=\"elementor-widget-container\">\n\t\t\t\t\t<h1 class=\"cb_title_small cb_title_style\">Tickets and prices<\/h1>\t\t\t\t<\/div>\n\t\t\t\t<\/div>\n\t\t\t\t<\/div>\n\t\t\t\t<\/div>\n\t\t\t\t<\/div>\n\t\t\t\t<\/div>\n\t\t\t\t\t\t<\/div>\n\t\t\t\t<\/div>\n\t\t\t\t<\/div>\n\t\t<div class=\"elementor-element elementor-element-a6fdb50 e-flex e-con-boxed e-con e-parent\" data-id=\"a6fdb50\" data-element_type=\"container\">\n\t\t\t\t\t<div class=\"e-con-inner\">\n\t\t<div class=\"elementor-element elementor-element-e9b5f4b e-con-full e-flex e-con e-child\" data-id=\"e9b5f4b\" data-element_type=\"container\">\n\t\t\t\t<div class=\"elementor-element elementor-element-5737aa3 elementor-widget elementor-widget-text-editor\" data-id=\"5737aa3\" data-element_type=\"widget\" data-widget_type=\"text-editor.default\">\n\t\t\t\t<div class=\"elementor-widget-container\">\n\t\t\t\t\t\t\t\t\t<p>An overview of the currently available tickets and fares can be found on the VMS website.<\/p>\t\t\t\t\t\t\t\t<\/div>\n\t\t\t\t<\/div>\n\t\t\t\t<\/div>\n\t\t<div class=\"elementor-element elementor-element-0e43836 e-con-full e-flex e-con e-child\" data-id=\"0e43836\" data-element_type=\"container\">\n\t\t\t\t<div class=\"elementor-element elementor-element-d2bbc11 elementor-align-justify elementor-widget elementor-widget-button\" data-id=\"d2bbc11\" data-element_type=\"widget\" data-widget_type=\"button.default\">\n\t\t\t\t<div class=\"elementor-widget-container\">\n\t\t\t\t\t\t\t\t\t<div class=\"elementor-button-wrapper\">\n\t\t\t\t\t<a class=\"elementor-button elementor-button-link elementor-size-lg\" href=\"https:\/\/www.vms.de\/tarif-und-tickets\/tickets\/alle-tickets\/\" target=\"_blank\">\n\t\t\t\t\t\t<span class=\"elementor-button-content-wrapper\">\n\t\t\t\t\t\t<span class=\"elementor-button-icon\">\n\t\t\t\t<i aria-hidden=\"true\" class=\"fal fa-external-link-alt\"><\/i>\t\t\t<\/span>\n\t\t\t\t\t\t\t\t\t<span class=\"elementor-button-text\">Tickets &amp; Prices (vms.de)<\/span>\n\t\t\t\t\t<\/span>\n\t\t\t\t\t<\/a>\n\t\t\t\t<\/div>\n\t\t\t\t\t\t\t\t<\/div>\n\t\t\t\t<\/div>\n\t\t\t\t<\/div>\n\t\t\t\t\t<\/div>\n\t\t\t\t<\/div>\n\t\t<div class=\"elementor-element elementor-element-b98ad74 e-flex e-con-boxed e-con e-parent\" data-id=\"b98ad74\" data-element_type=\"container\">\n\t\t\t\t\t<div class=\"e-con-inner\">\n\t\t<div class=\"elementor-element elementor-element-eeee491 e-con-full e-flex e-con e-child\" data-id=\"eeee491\" data-element_type=\"container\">\n\t\t\t\t<div class=\"elementor-element elementor-element-ceda21a elementor-widget elementor-widget-heading\" data-id=\"ceda21a\" data-element_type=\"widget\" data-widget_type=\"heading.default\">\n\t\t\t\t<div class=\"elementor-widget-container\">\n\t\t\t\t\t<h2 class=\"elementor-heading-title elementor-size-default\">Buy tickets<\/h2>\t\t\t\t<\/div>\n\t\t\t\t<\/div>\n\t\t\t\t<div class=\"elementor-element elementor-element-620e8a6 elementor-widget elementor-widget-text-editor\" data-id=\"620e8a6\" data-element_type=\"widget\" data-widget_type=\"text-editor.default\">\n\t\t\t\t<div class=\"elementor-widget-container\">\n\t\t\t\t\t\t\t\t\t<p>City-Bahn Chemnitz offers various ticket purchase options: at the ticket machine, in the customer centre or via app.\u00a0<\/p>\t\t\t\t\t\t\t\t<\/div>\n\t\t\t\t<\/div>\n\t\t\t\t<div class=\"elementor-element elementor-element-1570d73 elementor-widget elementor-widget-toggle\" data-id=\"1570d73\" data-element_type=\"widget\" data-widget_type=\"toggle.default\">\n\t\t\t\t<div class=\"elementor-widget-container\">\n\t\t\t\t\t\t\t<div class=\"elementor-toggle\">\n\t\t\t\t\t\t\t<div class=\"elementor-toggle-item\">\n\t\t\t\t\t<div id=\"elementor-tab-title-2241\" class=\"elementor-tab-title\" data-tab=\"1\" role=\"button\" aria-controls=\"elementor-tab-content-2241\" aria-expanded=\"false\">\n\t\t\t\t\t\t\t\t\t\t\t\t<span class=\"elementor-toggle-icon elementor-toggle-icon-left\" aria-hidden=\"true\">\n\t\t\t\t\t\t\t\t\t\t\t\t\t\t\t<span class=\"elementor-toggle-icon-closed\"><i class=\"fas fa-caret-right\"><\/i><\/span>\n\t\t\t\t\t\t\t\t<span class=\"elementor-toggle-icon-opened\"><i class=\"elementor-toggle-icon-opened fas fa-caret-up\"><\/i><\/span>\n\t\t\t\t\t\t\t\t\t\t\t\t\t<\/span>\n\t\t\t\t\t\t\t\t\t\t\t\t<a class=\"elementor-toggle-title\" tabindex=\"0\">On the smartphone<\/a>\n\t\t\t\t\t<\/div>\n\n\t\t\t\t\t<div id=\"elementor-tab-content-2241\" class=\"elementor-tab-content elementor-clearfix\" data-tab=\"1\" role=\"region\" aria-labelledby=\"elementor-tab-title-2241\"><p>You can purchase tickets at the VMS tariff in the apps <strong>MOOVME<\/strong>, <strong>DB Navigator<\/strong> and <strong>Mobile Ticket Germany <\/strong>Buy<\/p><p>You can find the apps in the Google Play Store and Apple App Store.<\/p><\/div>\n\t\t\t\t<\/div>\n\t\t\t\t\t\t\t<div class=\"elementor-toggle-item\">\n\t\t\t\t\t<div id=\"elementor-tab-title-2242\" class=\"elementor-tab-title\" data-tab=\"2\" role=\"button\" aria-controls=\"elementor-tab-content-2242\" aria-expanded=\"false\">\n\t\t\t\t\t\t\t\t\t\t\t\t<span class=\"elementor-toggle-icon elementor-toggle-icon-left\" aria-hidden=\"true\">\n\t\t\t\t\t\t\t\t\t\t\t\t\t\t\t<span class=\"elementor-toggle-icon-closed\"><i class=\"fas fa-caret-right\"><\/i><\/span>\n\t\t\t\t\t\t\t\t<span class=\"elementor-toggle-icon-opened\"><i class=\"elementor-toggle-icon-opened fas fa-caret-up\"><\/i><\/span>\n\t\t\t\t\t\t\t\t\t\t\t\t\t<\/span>\n\t\t\t\t\t\t\t\t\t\t\t\t<a class=\"elementor-toggle-title\" tabindex=\"0\">Ticket vending machines in the vehicles<\/a>\n\t\t\t\t\t<\/div>\n\n\t\t\t\t\t<div id=\"elementor-tab-content-2242\" class=\"elementor-tab-content elementor-clearfix\" data-tab=\"2\" role=\"region\" aria-labelledby=\"elementor-tab-title-2242\"><p>In the\u00a0<strong>Variobahns, Regioshuttles<\/strong>\u00a0and\u00a0<strong>Citylinks<\/strong>\u00a0you can obtain the entire range of tickets of the Mittelsachsen Transport Association (VMS) as well as the German Rail (DB) tariff for immediate travel from our mobile ticket machines.<\/p><p><strong>The tickets are already validated at the time of purchase.<\/strong><\/p><p><u>Exception:<\/u>\u00a0<br \/>The 4-trip card must be validated accordingly in the vehicle at the start of the journey.<br \/><strong><br \/><\/strong><u>You pay with:<\/u><\/p><ul><li>Coins (5 cent, 10 cent, 20 cent, 50 cent, 1 euro, 2 euro)<\/li><li>Banknotes (5 Euro, 10 Euro, 20 Euro, 50 Euro)<\/li><li>EC card<\/li><li>Mobile phone (via app)<\/li><\/ul><\/div>\n\t\t\t\t<\/div>\n\t\t\t\t\t\t\t<div class=\"elementor-toggle-item\">\n\t\t\t\t\t<div id=\"elementor-tab-title-2243\" class=\"elementor-tab-title\" data-tab=\"3\" role=\"button\" aria-controls=\"elementor-tab-content-2243\" aria-expanded=\"false\">\n\t\t\t\t\t\t\t\t\t\t\t\t<span class=\"elementor-toggle-icon elementor-toggle-icon-left\" aria-hidden=\"true\">\n\t\t\t\t\t\t\t\t\t\t\t\t\t\t\t<span class=\"elementor-toggle-icon-closed\"><i class=\"fas fa-caret-right\"><\/i><\/span>\n\t\t\t\t\t\t\t\t<span class=\"elementor-toggle-icon-opened\"><i class=\"elementor-toggle-icon-opened fas fa-caret-up\"><\/i><\/span>\n\t\t\t\t\t\t\t\t\t\t\t\t\t<\/span>\n\t\t\t\t\t\t\t\t\t\t\t\t<a class=\"elementor-toggle-title\" tabindex=\"0\">Stationary ticket vending machines<\/a>\n\t\t\t\t\t<\/div>\n\n\t\t\t\t\t<div id=\"elementor-tab-content-2243\" class=\"elementor-tab-content elementor-clearfix\" data-tab=\"3\" role=\"region\" aria-labelledby=\"elementor-tab-title-2243\"><p>Stationary ticket vending machines of the VMS or other transport companies are located at some bus and train stations.<\/p><p>The tickets purchased there are also valid on the City-Bahn within the framework of the VMS tariff according to the chosen validity.<\/p><\/div>\n\t\t\t\t<\/div>\n\t\t\t\t\t\t\t\t\t\t<script type=\"application\/ld+json\">{\"@context\":\"https:\\\/\\\/schema.org\",\"@type\":\"FAQPage\",\"mainEntity\":[{\"@type\":\"Question\",\"name\":\"Auf dem Smartphone\",\"acceptedAnswer\":{\"@type\":\"Answer\",\"text\":\"<p>Sie k\\u00f6nnen Tickets im VMS-Tarif unter anderem in den Apps <strong>MOOVME<\\\/strong>, <strong>DB Navigator<\\\/strong> und <strong>Handyticket Deutschland <\\\/strong>kaufen.<\\\/p><p>Die Apps finden Sie im Google Play Store und Apple App Store.<\\\/p>\"}},{\"@type\":\"Question\",\"name\":\"Fahrscheinautomaten in den Fahrzeugen\",\"acceptedAnswer\":{\"@type\":\"Answer\",\"text\":\"<p>In den\\u00a0<strong>Variobahnen, Regioshuttles<\\\/strong>\\u00a0und\\u00a0<strong>Citylinks<\\\/strong>\\u00a0erhalten sie an unseren mobilen Fahrscheinautomaten das gesamte Sortiment an Fahrscheinen des Verkehrsverbundes Mittelsachsen (VMS) sowie dem Deutschlandtarif der Deutschen Bahn (DB) zum sofortigen Fahrtantritt.<\\\/p><p><strong>Die Fahrscheine sind beim Kauf bereits entwertet.<\\\/strong><\\\/p><p><u>Ausnahme:<\\\/u>\\u00a0<br \\\/>Die 4-Fahrten-Karte muss bei Fahrtantritt im Fahrzeug entsprechend entwertet werden.<br \\\/><strong><br \\\/><\\\/strong><u>Sie bezahlen mit:<\\\/u><\\\/p><ul><li>M\\u00fcnzen (5 cent, 10 cent, 20 cent, 50 cent, 1 Euro, 2 Euro)<\\\/li><li>Geldscheinen (5 Euro, 10 Euro, 20 Euro, 50 Euro)<\\\/li><li>EC-Karte<\\\/li><li>Mobiltelefon (per App)<\\\/li><\\\/ul>\"}},{\"@type\":\"Question\",\"name\":\"Station\\u00e4re Fahrscheinautomaten\",\"acceptedAnswer\":{\"@type\":\"Answer\",\"text\":\"<p>An einigen Bus- und Bahnstationen befinden sich station\\u00e4re Fahrscheinautomaten des VMS oder anderer Verkehrsunternehmen.<\\\/p><p>Die dort erworbenen Fahrausweise gelten im Rahmen des VMS-Tarifs entsprechend gew\\u00e4hlter G\\u00fcltigkeit auch bei der City-Bahn.<\\\/p>\"}}]}<\/script>\n\t\t\t\t\t<\/div>\n\t\t\t\t\t\t<\/div>\n\t\t\t\t<\/div>\n\t\t\t\t<\/div>\n\t\t\t\t\t<\/div>\n\t\t\t\t<\/div>\n\t\t\t\t<\/div>","protected":false},"excerpt":{"rendered":"<p>How to find and purchase the right ticket<\/p>","protected":false},"author":2,"featured_media":1505,"parent":1399,"menu_order":25,"comment_status":"closed","ping_status":"closed","template":"elementor_header_footer","meta":{"_acf_changed":false,"footnotes":""},"class_list":["post-3037","page","type-page","status-publish","has-post-thumbnail","hentry"],"acf":[],"yoast_head":"<!-- This site is optimized with the Yoast SEO plugin v26.5 - https:\/\/yoast.com\/wordpress\/plugins\/seo\/ -->\n<title>Tickets und Preise &#187; City-Bahn Chemnitz<\/title>\n<meta name=\"robots\" content=\"index, follow, max-snippet:-1, max-image-preview:large, max-video-preview:-1\" \/>\n<link rel=\"canonical\" href=\"https:\/\/www.city-bahn.de\/en\/tickets-und-tarife\/tickets-und-preise\/\" \/>\n<meta property=\"og:locale\" content=\"en_GB\" \/>\n<meta property=\"og:type\" content=\"article\" \/>\n<meta property=\"og:title\" content=\"Tickets und Preise &#187; City-Bahn Chemnitz\" \/>\n<meta property=\"og:description\" content=\"So finden und erwerben Sie das richtige Ticket\" \/>\n<meta property=\"og:url\" content=\"https:\/\/www.city-bahn.de\/en\/tickets-und-tarife\/tickets-und-preise\/\" \/>\n<meta property=\"og:site_name\" content=\"City-Bahn Chemnitz\" \/>\n<meta property=\"article:publisher\" content=\"https:\/\/www.facebook.com\/city.bahn.chemnitz\" \/>\n<meta property=\"article:modified_time\" content=\"2026-04-04T13:55:53+00:00\" \/>\n<meta property=\"og:image\" content=\"https:\/\/www.city-bahn.de\/wp-content\/uploads\/2022\/05\/vorschau_ticket_verkaufsstellen_kundenzentrum.jpg\" \/>\n\t<meta property=\"og:image:width\" content=\"1920\" \/>\n\t<meta property=\"og:image:height\" content=\"1080\" \/>\n\t<meta property=\"og:image:type\" content=\"image\/jpeg\" \/>\n<meta name=\"twitter:card\" content=\"summary_large_image\" \/>\n<meta name=\"twitter:site\" content=\"@citybahn\" \/>\n<meta name=\"twitter:label1\" content=\"Estimated reading time\" \/>\n\t<meta name=\"twitter:data1\" content=\"1 minute\" \/>\n<script type=\"application\/ld+json\" class=\"yoast-schema-graph\">{\"@context\":\"https:\/\/schema.org\",\"@graph\":[{\"@type\":\"WebPage\",\"@id\":\"https:\/\/www.city-bahn.de\/tickets-und-tarife\/tickets-und-preise\/\",\"url\":\"https:\/\/www.city-bahn.de\/tickets-und-tarife\/tickets-und-preise\/\",\"name\":\"Tickets und Preise &#187; City-Bahn Chemnitz\",\"isPartOf\":{\"@id\":\"https:\/\/www.city-bahn.de\/#website\"},\"primaryImageOfPage\":{\"@id\":\"https:\/\/www.city-bahn.de\/tickets-und-tarife\/tickets-und-preise\/#primaryimage\"},\"image\":{\"@id\":\"https:\/\/www.city-bahn.de\/tickets-und-tarife\/tickets-und-preise\/#primaryimage\"},\"thumbnailUrl\":\"https:\/\/www.city-bahn.de\/wp-content\/uploads\/2022\/05\/vorschau_ticket_verkaufsstellen_kundenzentrum.jpg\",\"datePublished\":\"2023-05-26T06:29:18+00:00\",\"dateModified\":\"2026-04-04T13:55:53+00:00\",\"breadcrumb\":{\"@id\":\"https:\/\/www.city-bahn.de\/tickets-und-tarife\/tickets-und-preise\/#breadcrumb\"},\"inLanguage\":\"en-GB\",\"potentialAction\":[{\"@type\":\"ReadAction\",\"target\":[\"https:\/\/www.city-bahn.de\/tickets-und-tarife\/tickets-und-preise\/\"]}]},{\"@type\":\"ImageObject\",\"inLanguage\":\"en-GB\",\"@id\":\"https:\/\/www.city-bahn.de\/tickets-und-tarife\/tickets-und-preise\/#primaryimage\",\"url\":\"https:\/\/www.city-bahn.de\/wp-content\/uploads\/2022\/05\/vorschau_ticket_verkaufsstellen_kundenzentrum.jpg\",\"contentUrl\":\"https:\/\/www.city-bahn.de\/wp-content\/uploads\/2022\/05\/vorschau_ticket_verkaufsstellen_kundenzentrum.jpg\",\"width\":1920,\"height\":1080,\"caption\":\"Collage: Eine freundliche Kundenbetreuerin h\u00e4lt einen Fahrplan in der Hand, links daneben eine gro\u00dfe Hand h\u00e4lt ein gro\u00dfes Smartphone, das Display zeigt eine App zum Erwerb von Fahrscheinen\"},{\"@type\":\"BreadcrumbList\",\"@id\":\"https:\/\/www.city-bahn.de\/tickets-und-tarife\/tickets-und-preise\/#breadcrumb\",\"itemListElement\":[{\"@type\":\"ListItem\",\"position\":1,\"name\":\"Startseite\",\"item\":\"https:\/\/www.city-bahn.de\/\"},{\"@type\":\"ListItem\",\"position\":2,\"name\":\"Tickets &#038; Tarife\",\"item\":\"https:\/\/www.city-bahn.de\/tickets-und-tarife\/\"},{\"@type\":\"ListItem\",\"position\":3,\"name\":\"Tickets und Preise\"}]},{\"@type\":\"WebSite\",\"@id\":\"https:\/\/www.city-bahn.de\/#website\",\"url\":\"https:\/\/www.city-bahn.de\/\",\"name\":\"City-Bahn Chemnitz\",\"description\":\"Wir verbinden die Region\",\"publisher\":{\"@id\":\"https:\/\/www.city-bahn.de\/#organization\"},\"alternateName\":\"City-Bahn Chemnitz GmbH\",\"potentialAction\":[{\"@type\":\"SearchAction\",\"target\":{\"@type\":\"EntryPoint\",\"urlTemplate\":\"https:\/\/www.city-bahn.de\/?s={search_term_string}\"},\"query-input\":{\"@type\":\"PropertyValueSpecification\",\"valueRequired\":true,\"valueName\":\"search_term_string\"}}],\"inLanguage\":\"en-GB\"},{\"@type\":\"Organization\",\"@id\":\"https:\/\/www.city-bahn.de\/#organization\",\"name\":\"City-Bahn Chemnitz GmbH\",\"url\":\"https:\/\/www.city-bahn.de\/\",\"logo\":{\"@type\":\"ImageObject\",\"inLanguage\":\"en-GB\",\"@id\":\"https:\/\/www.city-bahn.de\/#\/schema\/logo\/image\/\",\"url\":\"https:\/\/www.city-bahn.de\/wp-content\/uploads\/2022\/01\/LogoCBC.svg\",\"contentUrl\":\"https:\/\/www.city-bahn.de\/wp-content\/uploads\/2022\/01\/LogoCBC.svg\",\"width\":1385,\"height\":658,\"caption\":\"City-Bahn Chemnitz GmbH\"},\"image\":{\"@id\":\"https:\/\/www.city-bahn.de\/#\/schema\/logo\/image\/\"},\"sameAs\":[\"https:\/\/www.facebook.com\/city.bahn.chemnitz\",\"https:\/\/x.com\/citybahn\"]}]}<\/script>\n<!-- \/ Yoast SEO plugin. -->","yoast_head_json":{"title":"Tickets and prices \u00bb City-Bahn Chemnitz","robots":{"index":"index","follow":"follow","max-snippet":"max-snippet:-1","max-image-preview":"max-image-preview:large","max-video-preview":"max-video-preview:-1"},"canonical":"https:\/\/www.city-bahn.de\/en\/tickets-und-tarife\/tickets-und-preise\/","og_locale":"en_GB","og_type":"article","og_title":"Tickets und Preise &#187; City-Bahn Chemnitz","og_description":"So finden und erwerben Sie das richtige Ticket","og_url":"https:\/\/www.city-bahn.de\/en\/tickets-und-tarife\/tickets-und-preise\/","og_site_name":"City-Bahn Chemnitz","article_publisher":"https:\/\/www.facebook.com\/city.bahn.chemnitz","article_modified_time":"2026-04-04T13:55:53+00:00","og_image":[{"width":1920,"height":1080,"url":"https:\/\/www.city-bahn.de\/wp-content\/uploads\/2022\/05\/vorschau_ticket_verkaufsstellen_kundenzentrum.jpg","type":"image\/jpeg"}],"twitter_card":"summary_large_image","twitter_site":"@citybahn","twitter_misc":{"Estimated reading time":"1 minute"},"schema":{"@context":"https:\/\/schema.org","@graph":[{"@type":"WebPage","@id":"https:\/\/www.city-bahn.de\/tickets-und-tarife\/tickets-und-preise\/","url":"https:\/\/www.city-bahn.de\/tickets-und-tarife\/tickets-und-preise\/","name":"Tickets and prices \u00bb City-Bahn Chemnitz","isPartOf":{"@id":"https:\/\/www.city-bahn.de\/#website"},"primaryImageOfPage":{"@id":"https:\/\/www.city-bahn.de\/tickets-und-tarife\/tickets-und-preise\/#primaryimage"},"image":{"@id":"https:\/\/www.city-bahn.de\/tickets-und-tarife\/tickets-und-preise\/#primaryimage"},"thumbnailUrl":"https:\/\/www.city-bahn.de\/wp-content\/uploads\/2022\/05\/vorschau_ticket_verkaufsstellen_kundenzentrum.jpg","datePublished":"2023-05-26T06:29:18+00:00","dateModified":"2026-04-04T13:55:53+00:00","breadcrumb":{"@id":"https:\/\/www.city-bahn.de\/tickets-und-tarife\/tickets-und-preise\/#breadcrumb"},"inLanguage":"en-GB","potentialAction":[{"@type":"ReadAction","target":["https:\/\/www.city-bahn.de\/tickets-und-tarife\/tickets-und-preise\/"]}]},{"@type":"ImageObject","inLanguage":"en-GB","@id":"https:\/\/www.city-bahn.de\/tickets-und-tarife\/tickets-und-preise\/#primaryimage","url":"https:\/\/www.city-bahn.de\/wp-content\/uploads\/2022\/05\/vorschau_ticket_verkaufsstellen_kundenzentrum.jpg","contentUrl":"https:\/\/www.city-bahn.de\/wp-content\/uploads\/2022\/05\/vorschau_ticket_verkaufsstellen_kundenzentrum.jpg","width":1920,"height":1080,"caption":"Collage: Eine freundliche Kundenbetreuerin h\u00e4lt einen Fahrplan in der Hand, links daneben eine gro\u00dfe Hand h\u00e4lt ein gro\u00dfes Smartphone, das Display zeigt eine App zum Erwerb von Fahrscheinen"},{"@type":"BreadcrumbList","@id":"https:\/\/www.city-bahn.de\/tickets-und-tarife\/tickets-und-preise\/#breadcrumb","itemListElement":[{"@type":"ListItem","position":1,"name":"Startseite","item":"https:\/\/www.city-bahn.de\/"},{"@type":"ListItem","position":2,"name":"Tickets &#038; Tarife","item":"https:\/\/www.city-bahn.de\/tickets-und-tarife\/"},{"@type":"ListItem","position":3,"name":"Tickets und Preise"}]},{"@type":"WebSite","@id":"https:\/\/www.city-bahn.de\/#website","url":"https:\/\/www.city-bahn.de\/","name":"Chemnitz City Railway","description":"We connect the region","publisher":{"@id":"https:\/\/www.city-bahn.de\/#organization"},"alternateName":"City-Bahn Chemnitz GmbH","potentialAction":[{"@type":"SearchAction","target":{"@type":"EntryPoint","urlTemplate":"https:\/\/www.city-bahn.de\/?s={search_term_string}"},"query-input":{"@type":"PropertyValueSpecification","valueRequired":true,"valueName":"search_term_string"}}],"inLanguage":"en-GB"},{"@type":"Organization","@id":"https:\/\/www.city-bahn.de\/#organization","name":"City-Bahn Chemnitz GmbH","url":"https:\/\/www.city-bahn.de\/","logo":{"@type":"ImageObject","inLanguage":"en-GB","@id":"https:\/\/www.city-bahn.de\/#\/schema\/logo\/image\/","url":"https:\/\/www.city-bahn.de\/wp-content\/uploads\/2022\/01\/LogoCBC.svg","contentUrl":"https:\/\/www.city-bahn.de\/wp-content\/uploads\/2022\/01\/LogoCBC.svg","width":1385,"height":658,"caption":"City-Bahn Chemnitz GmbH"},"image":{"@id":"https:\/\/www.city-bahn.de\/#\/schema\/logo\/image\/"},"sameAs":["https:\/\/www.facebook.com\/city.bahn.chemnitz","https:\/\/x.com\/citybahn"]}]}},"publishpress_future_workflow_manual_trigger":{"enabledWorkflows":[]},"_links":{"self":[{"href":"https:\/\/www.city-bahn.de\/en\/wp-json\/wp\/v2\/pages\/3037","targetHints":{"allow":["GET"]}}],"collection":[{"href":"https:\/\/www.city-bahn.de\/en\/wp-json\/wp\/v2\/pages"}],"about":[{"href":"https:\/\/www.city-bahn.de\/en\/wp-json\/wp\/v2\/types\/page"}],"author":[{"embeddable":true,"href":"https:\/\/www.city-bahn.de\/en\/wp-json\/wp\/v2\/users\/2"}],"replies":[{"embeddable":true,"href":"https:\/\/www.city-bahn.de\/en\/wp-json\/wp\/v2\/comments?post=3037"}],"version-history":[{"count":25,"href":"https:\/\/www.city-bahn.de\/en\/wp-json\/wp\/v2\/pages\/3037\/revisions"}],"predecessor-version":[{"id":10379,"href":"https:\/\/www.city-bahn.de\/en\/wp-json\/wp\/v2\/pages\/3037\/revisions\/10379"}],"up":[{"embeddable":true,"href":"https:\/\/www.city-bahn.de\/en\/wp-json\/wp\/v2\/pages\/1399"}],"wp:featuredmedia":[{"embeddable":true,"href":"https:\/\/www.city-bahn.de\/en\/wp-json\/wp\/v2\/media\/1505"}],"wp:attachment":[{"href":"https:\/\/www.city-bahn.de\/en\/wp-json\/wp\/v2\/media?parent=3037"}],"curies":[{"name":"wp","href":"https:\/\/api.w.org\/{rel}","templated":true}]}}