{"id":2414,"date":"2023-03-01T09:40:35","date_gmt":"2023-03-01T08:40:35","guid":{"rendered":"https:\/\/www.city-bahn.de\/?page_id=2414"},"modified":"2024-06-10T11:21:49","modified_gmt":"2024-06-10T09:21:49","slug":"citylink-zweisystemfahrzeug","status":"publish","type":"page","link":"https:\/\/www.city-bahn.de\/en\/ueber-uns\/fahrzeuge\/citylink-zweisystemfahrzeug\/","title":{"rendered":"Citylink - dual-system vehicle"},"content":{"rendered":"<div data-elementor-type=\"wp-page\" data-elementor-id=\"2414\" class=\"elementor elementor-2414\" data-elementor-post-type=\"page\">\n\t\t\t\t<div class=\"elementor-element elementor-element-c70ef9e e-con-full e-flex e-con e-parent\" data-id=\"c70ef9e\" data-element_type=\"container\">\n\t\t\t\t<div class=\"elementor-element elementor-element-dfcb555 elementor-widget elementor-widget-template\" data-id=\"dfcb555\" data-element_type=\"widget\" data-widget_type=\"template.default\">\n\t\t\t\t<div class=\"elementor-widget-container\">\n\t\t\t\t\t\t\t<div class=\"elementor-template\">\n\t\t\t\t\t<div data-elementor-type=\"section\" data-elementor-id=\"1369\" class=\"elementor elementor-1369\" data-elementor-post-type=\"elementor_library\">\n\t\t\t<div class=\"elementor-element elementor-element-1274cd1 e-con-full e-flex e-con e-parent\" data-id=\"1274cd1\" data-element_type=\"container\" data-settings=\"{&quot;background_background&quot;:&quot;classic&quot;}\">\n\t\t<div class=\"elementor-element elementor-element-3a760d5 e-con-full e-flex e-con e-child\" data-id=\"3a760d5\" data-element_type=\"container\" data-settings=\"{&quot;background_background&quot;:&quot;classic&quot;}\">\n\t\t\t\t<div class=\"elementor-element elementor-element-5a475b5 elementor-widget__width-auto cb-outline-shadow elementor-widget elementor-widget-heading\" data-id=\"5a475b5\" data-element_type=\"widget\" data-widget_type=\"heading.default\">\n\t\t\t\t<div class=\"elementor-widget-container\">\n\t\t\t\t\t<h2 class=\"elementor-heading-title elementor-size-default\"><a href=\"https:\/\/www.city-bahn.de\/en\/ueber-uns\/fahrzeuge\/\">Vehicles<\/a><\/h2>\t\t\t\t<\/div>\n\t\t\t\t<\/div>\n\t\t\t\t<div class=\"elementor-element elementor-element-fd26813 cb-outline-shadow elementor-widget elementor-widget-html\" data-id=\"fd26813\" data-element_type=\"widget\" data-widget_type=\"html.default\">\n\t\t\t\t<div class=\"elementor-widget-container\">\n\t\t\t\t\t<h1 class=\"cb_title_small cb_title_style\">Citylink - dual-system vehicle<\/h1>\t\t\t\t<\/div>\n\t\t\t\t<\/div>\n\t\t\t\t<\/div>\n\t\t\t\t<\/div>\n\t\t\t\t<\/div>\n\t\t\t\t<\/div>\n\t\t\t\t\t\t<\/div>\n\t\t\t\t<\/div>\n\t\t\t\t<\/div>\n\t\t\t\t<section class=\"elementor-section elementor-top-section elementor-element elementor-element-9b4f1df elementor-section-boxed elementor-section-height-default elementor-section-height-default\" data-id=\"9b4f1df\" data-element_type=\"section\">\n\t\t\t\t\t\t<div class=\"elementor-container elementor-column-gap-wide\">\n\t\t\t\t\t<div class=\"elementor-column elementor-col-50 elementor-top-column elementor-element elementor-element-7328602\" data-id=\"7328602\" data-element_type=\"column\">\n\t\t\t<div class=\"elementor-widget-wrap elementor-element-populated\">\n\t\t\t\t\t\t<div class=\"elementor-element elementor-element-8329c4b elementor-pagination-position-inside elementor-arrows-position-inside elementor-widget elementor-widget-image-carousel\" data-id=\"8329c4b\" data-element_type=\"widget\" data-settings=\"{&quot;slides_to_show&quot;:&quot;1&quot;,&quot;navigation&quot;:&quot;both&quot;,&quot;autoplay&quot;:&quot;yes&quot;,&quot;pause_on_hover&quot;:&quot;yes&quot;,&quot;pause_on_interaction&quot;:&quot;yes&quot;,&quot;autoplay_speed&quot;:5000,&quot;infinite&quot;:&quot;yes&quot;,&quot;effect&quot;:&quot;slide&quot;,&quot;speed&quot;:500}\" data-widget_type=\"image-carousel.default\">\n\t\t\t\t<div class=\"elementor-widget-container\">\n\t\t\t\t\t\t\t<div class=\"elementor-image-carousel-wrapper swiper\" role=\"region\" aria-roledescription=\"carousel\" aria-label=\"image carousel\" dir=\"ltr\">\n\t\t\t<div class=\"elementor-image-carousel swiper-wrapper\" aria-live=\"off\">\n\t\t\t\t\t\t\t\t<div class=\"swiper-slide\" role=\"group\" aria-roledescription=\"slide\" aria-label=\"1 of 1\"><figure class=\"swiper-slide-inner\"><img decoding=\"async\" class=\"swiper-slide-image\" src=\"https:\/\/www.city-bahn.de\/wp-content\/uploads\/2023\/03\/citylink_auf_bruecke_klein_193081.jpg\" alt=\"Seitenansicht: Ein Citylink \u00fcberquert eine Br\u00fccke\" \/><\/figure><\/div>\t\t\t<\/div>\n\t\t\t\t\t<\/div>\n\t\t\t\t\t\t<\/div>\n\t\t\t\t<\/div>\n\t\t\t\t<div class=\"elementor-element elementor-element-c89e622 elementor-widget elementor-widget-text-editor\" data-id=\"c89e622\" data-element_type=\"widget\" data-widget_type=\"text-editor.default\">\n\t\t\t\t<div class=\"elementor-widget-container\">\n\t\t\t\t\t\t\t\t\t<p>With the commissioning of stage 1 of the Chemnitz model and the associated passing through Chemnitz main station as a second linking point between rail and tram, vehicles were required on lines C13 (Chemnitz - Burgst\u00e4dt), C14 (Chemnitz - Mittweida) and C15 (Chemnitz - Hainichen) that can travel under the contact wire of the tram in Chemnitz (600 V DC) as well as on non-electrified branch lines of the railway and under the contact wire of DB lines (15 kV AC).<\/p>\t\t\t\t\t\t\t\t<\/div>\n\t\t\t\t<\/div>\n\t\t\t\t<div class=\"elementor-element elementor-element-b10f7af elementor-widget elementor-widget-text-editor\" data-id=\"b10f7af\" data-element_type=\"widget\" data-widget_type=\"text-editor.default\">\n\t\t\t\t<div class=\"elementor-widget-container\">\n\t\t\t\t\t\t\t\t\t<p>The 12 Citylink purchased by the VMS were given to the City-Bahn for operation on these 3 routes.<\/p>\t\t\t\t\t\t\t\t<\/div>\n\t\t\t\t<\/div>\n\t\t\t\t<div class=\"elementor-element elementor-element-fc24b68 cb-no-deco elementor-widget elementor-widget-image\" data-id=\"fc24b68\" data-element_type=\"widget\" data-widget_type=\"image.default\">\n\t\t\t\t<div class=\"elementor-widget-container\">\n\t\t\t\t\t\t\t\t\t\t\t\t<figure class=\"wp-caption\">\n\t\t\t\t\t\t\t\t\t\t\t<a href=\"https:\/\/www.city-bahn.de\/wp-content\/uploads\/2023\/03\/citylink_grafik_leo_2017_11_27_193101.png\" data-elementor-open-lightbox=\"yes\" data-elementor-lightbox-title=\"Seitenansicht Citylink - Zweisystemfahrzeug\" data-elementor-lightbox-description=\"Seitenansicht Citylink - Zweisystemfahrzeug\" data-e-action-hash=\"#elementor-action%3Aaction%3Dlightbox%26settings%3DeyJpZCI6MjQxNywidXJsIjoiaHR0cHM6XC9cL3d3dy5jaXR5LWJhaG4uZGVcL3dwLWNvbnRlbnRcL3VwbG9hZHNcLzIwMjNcLzAzXC9jaXR5bGlua19ncmFmaWtfbGVvXzIwMTdfMTFfMjdfMTkzMTAxLnBuZyJ9\">\n\t\t\t\t\t\t\t<img fetchpriority=\"high\" decoding=\"async\" width=\"760\" height=\"118\" src=\"https:\/\/www.city-bahn.de\/wp-content\/uploads\/2023\/03\/citylink_grafik_leo_2017_11_27_193101.png\" class=\"attachment-large size-large wp-image-2417\" alt=\"Seitenansicht Citylink - Zweisystemfahrzeug\" srcset=\"https:\/\/www.city-bahn.de\/wp-content\/uploads\/2023\/03\/citylink_grafik_leo_2017_11_27_193101.png 760w, https:\/\/www.city-bahn.de\/wp-content\/uploads\/2023\/03\/citylink_grafik_leo_2017_11_27_193101-300x47.png 300w\" sizes=\"(max-width: 760px) 100vw, 760px\" \/>\t\t\t\t\t\t\t\t<\/a>\n\t\t\t\t\t\t\t\t\t\t\t<figcaption class=\"widget-image-caption wp-caption-text\">Side view Citylink - dual-system vehicle\n<\/figcaption>\n\t\t\t\t\t\t\t\t\t\t<\/figure>\n\t\t\t\t\t\t\t\t\t<\/div>\n\t\t\t\t<\/div>\n\t\t\t\t\t<\/div>\n\t\t<\/div>\n\t\t\t\t<div class=\"elementor-column elementor-col-50 elementor-top-column elementor-element elementor-element-68392f0\" data-id=\"68392f0\" data-element_type=\"column\">\n\t\t\t<div class=\"elementor-widget-wrap elementor-element-populated\">\n\t\t\t\t\t\t<section class=\"elementor-section elementor-inner-section elementor-element elementor-element-e5baa1c elementor-section-boxed elementor-section-height-default elementor-section-height-default\" data-id=\"e5baa1c\" data-element_type=\"section\">\n\t\t\t\t\t\t<div class=\"elementor-container elementor-column-gap-wide\">\n\t\t\t\t\t<div class=\"elementor-column elementor-col-100 elementor-inner-column elementor-element elementor-element-5e0c2be cb-deco cb-bd cb-bd--shift-tl cb-ul cb-ul--red-light\" data-id=\"5e0c2be\" data-element_type=\"column\" data-settings=\"{&quot;background_background&quot;:&quot;classic&quot;}\">\n\t\t\t<div class=\"elementor-widget-wrap elementor-element-populated\">\n\t\t\t\t\t\t<div class=\"elementor-element elementor-element-4a02a5f cb-deco cb-table elementor-widget elementor-widget-text-editor\" data-id=\"4a02a5f\" data-element_type=\"widget\" data-widget_type=\"text-editor.default\">\n\t\t\t\t<div class=\"elementor-widget-container\">\n\t\t\t\t\t\t\t\t\t<p><strong>Dimensions<\/strong><\/p><table border=\"0\" width=\"560\" cellspacing=\"1\" cellpadding=\"1\" align=\"left\"><tbody><tr><td width=\"237\">Length<\/td><td width=\"310\">37,930 mm<\/td><\/tr><tr><td width=\"237\">Wide<\/td><td width=\"310\">2,650 mm<\/td><\/tr><tr><td width=\"237\">Height<\/td><td width=\"310\">3,845 mm<\/td><\/tr><tr><td width=\"237\">Entry height<\/td><td width=\"310\">435\/ 600 mm<\/td><\/tr><\/tbody><\/table><p><strong>Loads<\/strong><\/p><table border=\"0\" width=\"560\" cellspacing=\"1\" cellpadding=\"1\" align=\"left\"><tbody><tr><td width=\"237\">Tare weight with supplies<\/td><td width=\"310\">68 t<\/td><\/tr><tr><td width=\"237\">Maximum payload<\/td><td width=\"310\">\u00a081 t<\/td><\/tr><\/tbody><\/table><p><strong>Chassis<\/strong><\/p><table border=\"0\" width=\"560\" cellspacing=\"1\" cellpadding=\"1\"><tbody><tr><td width=\"236\">Gauge<\/td><td width=\"311\">1,435 mm<\/td><\/tr><tr><td width=\"236\">Smallest passable<br \/>Arc radius<\/td><td width=\"311\">25 m<\/td><\/tr><tr><td width=\"236\">Wheel diameter (new\/ worn)<\/td><td width=\"311\">720 mm\/ 640 mm<\/td><\/tr><\/tbody><\/table><p><strong>Space available<\/strong><\/p><table border=\"0\" width=\"560\" cellspacing=\"1\" cellpadding=\"1\"><tbody><tr><td width=\"237\">Passenger seats<\/td><td width=\"310\">87<\/td><\/tr><tr><td width=\"237\">thereof folding seats<\/td><td width=\"310\">16<\/td><\/tr><tr><td width=\"237\">Standing room<\/td><td width=\"310\">141<\/td><\/tr><\/tbody><\/table><p><strong>Drive\/ Other<\/strong><\/p><table border=\"0\" width=\"560\" cellspacing=\"1\" cellpadding=\"1\"><tbody><tr><td width=\"238\">Contact wire voltage<\/td><td width=\"309\">600\/ 750 V DC<\/td><\/tr><tr><td width=\"238\">Powerpack<\/td><td width=\"309\">2 * 350 kW diesel engine generator unit<\/td><\/tr><tr><td width=\"238\">Traction motors (electric)<\/td><td width=\"309\">4 * 145 kW<\/td><\/tr><tr><td width=\"238\">Maximum speed<\/td><td width=\"309\">100 km\/h (EBO)<\/td><\/tr><\/tbody><\/table>\t\t\t\t\t\t\t\t<\/div>\n\t\t\t\t<\/div>\n\t\t\t\t\t<\/div>\n\t\t<\/div>\n\t\t\t\t\t<\/div>\n\t\t<\/section>\n\t\t\t\t\t<\/div>\n\t\t<\/div>\n\t\t\t\t\t<\/div>\n\t\t<\/section>\n\t\t\t\t<\/div>","protected":false},"excerpt":{"rendered":"<p>With the commissioning of stage 1 of the Chemnitz model and the associated use of Chemnitz main station as a second link between the railway and tramway, vehicles were required on the C13 (Chemnitz - Burgst\u00e4dt), C14 (Chemnitz - Mittweida) and C15 (Chemnitz - Hainichen) lines, which are operated both under the overhead wire of the tramway in Chemnitz (600 V DC) and under the...<\/p>","protected":false},"author":2,"featured_media":3015,"parent":1344,"menu_order":49,"comment_status":"closed","ping_status":"closed","template":"elementor_header_footer","meta":{"_acf_changed":false,"footnotes":""},"class_list":["post-2414","page","type-page","status-publish","has-post-thumbnail","hentry"],"acf":[],"yoast_head":"<!-- This site is optimized with the Yoast SEO plugin v26.5 - https:\/\/yoast.com\/wordpress\/plugins\/seo\/ -->\n<title>Citylink - Zweisystemfahrzeug &#187; City-Bahn Chemnitz<\/title>\n<meta name=\"robots\" content=\"index, follow, max-snippet:-1, max-image-preview:large, max-video-preview:-1\" \/>\n<link rel=\"canonical\" href=\"https:\/\/www.city-bahn.de\/en\/ueber-uns\/fahrzeuge\/citylink-zweisystemfahrzeug\/\" \/>\n<meta property=\"og:locale\" content=\"en_GB\" \/>\n<meta property=\"og:type\" content=\"article\" \/>\n<meta property=\"og:title\" content=\"Citylink - Zweisystemfahrzeug &#187; City-Bahn Chemnitz\" \/>\n<meta property=\"og:description\" content=\"Mit Inbetriebnahme der Stufe 1 des Chemnitzer Modells und dem damit verbundenen Durchfahren des Chemnitzer Hauptbahnhofs als zweite Verkn\u00fcpfungsstelle zwischen Eisen- und Stra\u00dfenbahn wurden auf den Strecken C13 (Chemnitz &#8211; Burgst\u00e4dt), C14 (Chemnitz &#8211; Mittweida) und C15 (Chemnitz &#8211; Hainichen) Fahrzeuge erforderlich, die sowohl unter dem Fahrdraht der Stra\u00dfenbahn in Chemnitz (600 V DC) als...\" \/>\n<meta property=\"og:url\" content=\"https:\/\/www.city-bahn.de\/en\/ueber-uns\/fahrzeuge\/citylink-zweisystemfahrzeug\/\" \/>\n<meta property=\"og:site_name\" content=\"City-Bahn Chemnitz\" \/>\n<meta property=\"article:publisher\" content=\"https:\/\/www.facebook.com\/city.bahn.chemnitz\" \/>\n<meta property=\"article:modified_time\" content=\"2024-06-10T09:21:49+00:00\" \/>\n<meta property=\"og:image\" content=\"https:\/\/www.city-bahn.de\/wp-content\/uploads\/2023\/05\/20200530HARRASTUNNEL005.jpg\" \/>\n\t<meta property=\"og:image:width\" content=\"1600\" \/>\n\t<meta property=\"og:image:height\" content=\"945\" \/>\n\t<meta property=\"og:image:type\" content=\"image\/jpeg\" \/>\n<meta name=\"twitter:card\" content=\"summary_large_image\" \/>\n<meta name=\"twitter:site\" content=\"@citybahn\" \/>\n<meta name=\"twitter:label1\" content=\"Estimated reading time\" \/>\n\t<meta name=\"twitter:data1\" content=\"1 minute\" \/>\n<script type=\"application\/ld+json\" class=\"yoast-schema-graph\">{\"@context\":\"https:\/\/schema.org\",\"@graph\":[{\"@type\":\"WebPage\",\"@id\":\"https:\/\/www.city-bahn.de\/ueber-uns\/fahrzeuge\/citylink-zweisystemfahrzeug\/\",\"url\":\"https:\/\/www.city-bahn.de\/ueber-uns\/fahrzeuge\/citylink-zweisystemfahrzeug\/\",\"name\":\"Citylink - Zweisystemfahrzeug &#187; City-Bahn Chemnitz\",\"isPartOf\":{\"@id\":\"https:\/\/www.city-bahn.de\/#website\"},\"primaryImageOfPage\":{\"@id\":\"https:\/\/www.city-bahn.de\/ueber-uns\/fahrzeuge\/citylink-zweisystemfahrzeug\/#primaryimage\"},\"image\":{\"@id\":\"https:\/\/www.city-bahn.de\/ueber-uns\/fahrzeuge\/citylink-zweisystemfahrzeug\/#primaryimage\"},\"thumbnailUrl\":\"https:\/\/www.city-bahn.de\/wp-content\/uploads\/2023\/05\/20200530HARRASTUNNEL005.jpg\",\"datePublished\":\"2023-03-01T08:40:35+00:00\",\"dateModified\":\"2024-06-10T09:21:49+00:00\",\"breadcrumb\":{\"@id\":\"https:\/\/www.city-bahn.de\/ueber-uns\/fahrzeuge\/citylink-zweisystemfahrzeug\/#breadcrumb\"},\"inLanguage\":\"en-GB\",\"potentialAction\":[{\"@type\":\"ReadAction\",\"target\":[\"https:\/\/www.city-bahn.de\/ueber-uns\/fahrzeuge\/citylink-zweisystemfahrzeug\/\"]}]},{\"@type\":\"ImageObject\",\"inLanguage\":\"en-GB\",\"@id\":\"https:\/\/www.city-bahn.de\/ueber-uns\/fahrzeuge\/citylink-zweisystemfahrzeug\/#primaryimage\",\"url\":\"https:\/\/www.city-bahn.de\/wp-content\/uploads\/2023\/05\/20200530HARRASTUNNEL005.jpg\",\"contentUrl\":\"https:\/\/www.city-bahn.de\/wp-content\/uploads\/2023\/05\/20200530HARRASTUNNEL005.jpg\",\"width\":1600,\"height\":945,\"caption\":\"Ein Citylink f\u00e4hrt an einem Sommertag in den Harrastunnel in Richtung Hainichen\"},{\"@type\":\"BreadcrumbList\",\"@id\":\"https:\/\/www.city-bahn.de\/ueber-uns\/fahrzeuge\/citylink-zweisystemfahrzeug\/#breadcrumb\",\"itemListElement\":[{\"@type\":\"ListItem\",\"position\":1,\"name\":\"Startseite\",\"item\":\"https:\/\/www.city-bahn.de\/\"},{\"@type\":\"ListItem\",\"position\":2,\"name\":\"\u00dcber uns\",\"item\":\"https:\/\/www.city-bahn.de\/ueber-uns\/\"},{\"@type\":\"ListItem\",\"position\":3,\"name\":\"Fahrzeuge\",\"item\":\"https:\/\/www.city-bahn.de\/ueber-uns\/fahrzeuge\/\"},{\"@type\":\"ListItem\",\"position\":4,\"name\":\"Citylink &#8211; Zweisystemfahrzeug\"}]},{\"@type\":\"WebSite\",\"@id\":\"https:\/\/www.city-bahn.de\/#website\",\"url\":\"https:\/\/www.city-bahn.de\/\",\"name\":\"City-Bahn Chemnitz\",\"description\":\"Wir verbinden die Region\",\"publisher\":{\"@id\":\"https:\/\/www.city-bahn.de\/#organization\"},\"alternateName\":\"City-Bahn Chemnitz GmbH\",\"potentialAction\":[{\"@type\":\"SearchAction\",\"target\":{\"@type\":\"EntryPoint\",\"urlTemplate\":\"https:\/\/www.city-bahn.de\/?s={search_term_string}\"},\"query-input\":{\"@type\":\"PropertyValueSpecification\",\"valueRequired\":true,\"valueName\":\"search_term_string\"}}],\"inLanguage\":\"en-GB\"},{\"@type\":\"Organization\",\"@id\":\"https:\/\/www.city-bahn.de\/#organization\",\"name\":\"City-Bahn Chemnitz GmbH\",\"url\":\"https:\/\/www.city-bahn.de\/\",\"logo\":{\"@type\":\"ImageObject\",\"inLanguage\":\"en-GB\",\"@id\":\"https:\/\/www.city-bahn.de\/#\/schema\/logo\/image\/\",\"url\":\"https:\/\/www.city-bahn.de\/wp-content\/uploads\/2022\/01\/LogoCBC.svg\",\"contentUrl\":\"https:\/\/www.city-bahn.de\/wp-content\/uploads\/2022\/01\/LogoCBC.svg\",\"width\":1385,\"height\":658,\"caption\":\"City-Bahn Chemnitz GmbH\"},\"image\":{\"@id\":\"https:\/\/www.city-bahn.de\/#\/schema\/logo\/image\/\"},\"sameAs\":[\"https:\/\/www.facebook.com\/city.bahn.chemnitz\",\"https:\/\/x.com\/citybahn\"]}]}<\/script>\n<!-- \/ Yoast SEO plugin. -->","yoast_head_json":{"title":"Citylink - Two-system vehicle \" City-Bahn Chemnitz","robots":{"index":"index","follow":"follow","max-snippet":"max-snippet:-1","max-image-preview":"max-image-preview:large","max-video-preview":"max-video-preview:-1"},"canonical":"https:\/\/www.city-bahn.de\/en\/ueber-uns\/fahrzeuge\/citylink-zweisystemfahrzeug\/","og_locale":"en_GB","og_type":"article","og_title":"Citylink - Zweisystemfahrzeug &#187; City-Bahn Chemnitz","og_description":"Mit Inbetriebnahme der Stufe 1 des Chemnitzer Modells und dem damit verbundenen Durchfahren des Chemnitzer Hauptbahnhofs als zweite Verkn\u00fcpfungsstelle zwischen Eisen- und Stra\u00dfenbahn wurden auf den Strecken C13 (Chemnitz &#8211; Burgst\u00e4dt), C14 (Chemnitz &#8211; Mittweida) und C15 (Chemnitz &#8211; Hainichen) Fahrzeuge erforderlich, die sowohl unter dem Fahrdraht der Stra\u00dfenbahn in Chemnitz (600 V DC) als...","og_url":"https:\/\/www.city-bahn.de\/en\/ueber-uns\/fahrzeuge\/citylink-zweisystemfahrzeug\/","og_site_name":"City-Bahn Chemnitz","article_publisher":"https:\/\/www.facebook.com\/city.bahn.chemnitz","article_modified_time":"2024-06-10T09:21:49+00:00","og_image":[{"width":1600,"height":945,"url":"https:\/\/www.city-bahn.de\/wp-content\/uploads\/2023\/05\/20200530HARRASTUNNEL005.jpg","type":"image\/jpeg"}],"twitter_card":"summary_large_image","twitter_site":"@citybahn","twitter_misc":{"Estimated reading time":"1 minute"},"schema":{"@context":"https:\/\/schema.org","@graph":[{"@type":"WebPage","@id":"https:\/\/www.city-bahn.de\/ueber-uns\/fahrzeuge\/citylink-zweisystemfahrzeug\/","url":"https:\/\/www.city-bahn.de\/ueber-uns\/fahrzeuge\/citylink-zweisystemfahrzeug\/","name":"Citylink - Two-system vehicle \" City-Bahn Chemnitz","isPartOf":{"@id":"https:\/\/www.city-bahn.de\/#website"},"primaryImageOfPage":{"@id":"https:\/\/www.city-bahn.de\/ueber-uns\/fahrzeuge\/citylink-zweisystemfahrzeug\/#primaryimage"},"image":{"@id":"https:\/\/www.city-bahn.de\/ueber-uns\/fahrzeuge\/citylink-zweisystemfahrzeug\/#primaryimage"},"thumbnailUrl":"https:\/\/www.city-bahn.de\/wp-content\/uploads\/2023\/05\/20200530HARRASTUNNEL005.jpg","datePublished":"2023-03-01T08:40:35+00:00","dateModified":"2024-06-10T09:21:49+00:00","breadcrumb":{"@id":"https:\/\/www.city-bahn.de\/ueber-uns\/fahrzeuge\/citylink-zweisystemfahrzeug\/#breadcrumb"},"inLanguage":"en-GB","potentialAction":[{"@type":"ReadAction","target":["https:\/\/www.city-bahn.de\/ueber-uns\/fahrzeuge\/citylink-zweisystemfahrzeug\/"]}]},{"@type":"ImageObject","inLanguage":"en-GB","@id":"https:\/\/www.city-bahn.de\/ueber-uns\/fahrzeuge\/citylink-zweisystemfahrzeug\/#primaryimage","url":"https:\/\/www.city-bahn.de\/wp-content\/uploads\/2023\/05\/20200530HARRASTUNNEL005.jpg","contentUrl":"https:\/\/www.city-bahn.de\/wp-content\/uploads\/2023\/05\/20200530HARRASTUNNEL005.jpg","width":1600,"height":945,"caption":"Ein Citylink f\u00e4hrt an einem Sommertag in den Harrastunnel in Richtung Hainichen"},{"@type":"BreadcrumbList","@id":"https:\/\/www.city-bahn.de\/ueber-uns\/fahrzeuge\/citylink-zweisystemfahrzeug\/#breadcrumb","itemListElement":[{"@type":"ListItem","position":1,"name":"Startseite","item":"https:\/\/www.city-bahn.de\/"},{"@type":"ListItem","position":2,"name":"\u00dcber uns","item":"https:\/\/www.city-bahn.de\/ueber-uns\/"},{"@type":"ListItem","position":3,"name":"Fahrzeuge","item":"https:\/\/www.city-bahn.de\/ueber-uns\/fahrzeuge\/"},{"@type":"ListItem","position":4,"name":"Citylink &#8211; Zweisystemfahrzeug"}]},{"@type":"WebSite","@id":"https:\/\/www.city-bahn.de\/#website","url":"https:\/\/www.city-bahn.de\/","name":"Chemnitz City Railway","description":"We connect the region","publisher":{"@id":"https:\/\/www.city-bahn.de\/#organization"},"alternateName":"City-Bahn Chemnitz GmbH","potentialAction":[{"@type":"SearchAction","target":{"@type":"EntryPoint","urlTemplate":"https:\/\/www.city-bahn.de\/?s={search_term_string}"},"query-input":{"@type":"PropertyValueSpecification","valueRequired":true,"valueName":"search_term_string"}}],"inLanguage":"en-GB"},{"@type":"Organization","@id":"https:\/\/www.city-bahn.de\/#organization","name":"City-Bahn Chemnitz GmbH","url":"https:\/\/www.city-bahn.de\/","logo":{"@type":"ImageObject","inLanguage":"en-GB","@id":"https:\/\/www.city-bahn.de\/#\/schema\/logo\/image\/","url":"https:\/\/www.city-bahn.de\/wp-content\/uploads\/2022\/01\/LogoCBC.svg","contentUrl":"https:\/\/www.city-bahn.de\/wp-content\/uploads\/2022\/01\/LogoCBC.svg","width":1385,"height":658,"caption":"City-Bahn Chemnitz GmbH"},"image":{"@id":"https:\/\/www.city-bahn.de\/#\/schema\/logo\/image\/"},"sameAs":["https:\/\/www.facebook.com\/city.bahn.chemnitz","https:\/\/x.com\/citybahn"]}]}},"publishpress_future_workflow_manual_trigger":{"enabledWorkflows":[]},"_links":{"self":[{"href":"https:\/\/www.city-bahn.de\/en\/wp-json\/wp\/v2\/pages\/2414","targetHints":{"allow":["GET"]}}],"collection":[{"href":"https:\/\/www.city-bahn.de\/en\/wp-json\/wp\/v2\/pages"}],"about":[{"href":"https:\/\/www.city-bahn.de\/en\/wp-json\/wp\/v2\/types\/page"}],"author":[{"embeddable":true,"href":"https:\/\/www.city-bahn.de\/en\/wp-json\/wp\/v2\/users\/2"}],"replies":[{"embeddable":true,"href":"https:\/\/www.city-bahn.de\/en\/wp-json\/wp\/v2\/comments?post=2414"}],"version-history":[{"count":15,"href":"https:\/\/www.city-bahn.de\/en\/wp-json\/wp\/v2\/pages\/2414\/revisions"}],"predecessor-version":[{"id":5463,"href":"https:\/\/www.city-bahn.de\/en\/wp-json\/wp\/v2\/pages\/2414\/revisions\/5463"}],"up":[{"embeddable":true,"href":"https:\/\/www.city-bahn.de\/en\/wp-json\/wp\/v2\/pages\/1344"}],"wp:featuredmedia":[{"embeddable":true,"href":"https:\/\/www.city-bahn.de\/en\/wp-json\/wp\/v2\/media\/3015"}],"wp:attachment":[{"href":"https:\/\/www.city-bahn.de\/en\/wp-json\/wp\/v2\/media?parent=2414"}],"curies":[{"name":"wp","href":"https:\/\/api.w.org\/{rel}","templated":true}]}}