{"id":2407,"date":"2023-03-01T09:37:14","date_gmt":"2023-03-01T08:37:14","guid":{"rendered":"https:\/\/www.city-bahn.de\/?page_id=2407"},"modified":"2024-06-10T11:21:04","modified_gmt":"2024-06-10T09:21:04","slug":"regio-shuttle-rs-1","status":"publish","type":"page","link":"https:\/\/www.city-bahn.de\/en\/ueber-uns\/fahrzeuge\/regio-shuttle-rs-1\/","title":{"rendered":"Regio Shuttle RS-1"},"content":{"rendered":"<div data-elementor-type=\"wp-page\" data-elementor-id=\"2407\" class=\"elementor elementor-2407\" data-elementor-post-type=\"page\">\n\t\t\t\t<div class=\"elementor-element elementor-element-9039df3 e-con-full e-flex e-con e-parent\" data-id=\"9039df3\" data-element_type=\"container\">\n\t\t\t\t<div class=\"elementor-element elementor-element-c188537 elementor-widget elementor-widget-template\" data-id=\"c188537\" data-element_type=\"widget\" data-widget_type=\"template.default\">\n\t\t\t\t<div class=\"elementor-widget-container\">\n\t\t\t\t\t\t\t<div class=\"elementor-template\">\n\t\t\t\t\t<div data-elementor-type=\"section\" data-elementor-id=\"1369\" class=\"elementor elementor-1369\" data-elementor-post-type=\"elementor_library\">\n\t\t\t<div class=\"elementor-element elementor-element-1274cd1 e-con-full e-flex e-con e-parent\" data-id=\"1274cd1\" data-element_type=\"container\" data-settings=\"{&quot;background_background&quot;:&quot;classic&quot;}\">\n\t\t<div class=\"elementor-element elementor-element-3a760d5 e-con-full e-flex e-con e-child\" data-id=\"3a760d5\" data-element_type=\"container\" data-settings=\"{&quot;background_background&quot;:&quot;classic&quot;}\">\n\t\t\t\t<div class=\"elementor-element elementor-element-5a475b5 elementor-widget__width-auto cb-outline-shadow elementor-widget elementor-widget-heading\" data-id=\"5a475b5\" data-element_type=\"widget\" data-widget_type=\"heading.default\">\n\t\t\t\t<div class=\"elementor-widget-container\">\n\t\t\t\t\t<h2 class=\"elementor-heading-title elementor-size-default\"><a href=\"https:\/\/www.city-bahn.de\/en\/ueber-uns\/fahrzeuge\/\">Vehicles<\/a><\/h2>\t\t\t\t<\/div>\n\t\t\t\t<\/div>\n\t\t\t\t<div class=\"elementor-element elementor-element-fd26813 cb-outline-shadow elementor-widget elementor-widget-html\" data-id=\"fd26813\" data-element_type=\"widget\" data-widget_type=\"html.default\">\n\t\t\t\t<div class=\"elementor-widget-container\">\n\t\t\t\t\t<h1 class=\"cb_title_small cb_title_style\">Regio Shuttle RS-1<\/h1>\t\t\t\t<\/div>\n\t\t\t\t<\/div>\n\t\t\t\t<\/div>\n\t\t\t\t<\/div>\n\t\t\t\t<\/div>\n\t\t\t\t<\/div>\n\t\t\t\t\t\t<\/div>\n\t\t\t\t<\/div>\n\t\t\t\t<\/div>\n\t\t\t\t<section class=\"elementor-section elementor-top-section elementor-element elementor-element-9b4f1df elementor-section-boxed elementor-section-height-default elementor-section-height-default\" data-id=\"9b4f1df\" data-element_type=\"section\">\n\t\t\t\t\t\t<div class=\"elementor-container elementor-column-gap-wide\">\n\t\t\t\t\t<div class=\"elementor-column elementor-col-50 elementor-top-column elementor-element elementor-element-7328602\" data-id=\"7328602\" data-element_type=\"column\">\n\t\t\t<div class=\"elementor-widget-wrap elementor-element-populated\">\n\t\t\t\t\t\t<div class=\"elementor-element elementor-element-8329c4b elementor-pagination-position-inside elementor-arrows-position-inside elementor-widget elementor-widget-image-carousel\" data-id=\"8329c4b\" data-element_type=\"widget\" data-settings=\"{&quot;slides_to_show&quot;:&quot;1&quot;,&quot;navigation&quot;:&quot;both&quot;,&quot;autoplay&quot;:&quot;yes&quot;,&quot;pause_on_hover&quot;:&quot;yes&quot;,&quot;pause_on_interaction&quot;:&quot;yes&quot;,&quot;autoplay_speed&quot;:5000,&quot;infinite&quot;:&quot;yes&quot;,&quot;effect&quot;:&quot;slide&quot;,&quot;speed&quot;:500}\" data-widget_type=\"image-carousel.default\">\n\t\t\t\t<div class=\"elementor-widget-container\">\n\t\t\t\t\t\t\t<div class=\"elementor-image-carousel-wrapper swiper\" role=\"region\" aria-roledescription=\"carousel\" aria-label=\"image carousel\" dir=\"ltr\">\n\t\t\t<div class=\"elementor-image-carousel swiper-wrapper\" aria-live=\"off\">\n\t\t\t\t\t\t\t\t<div class=\"swiper-slide\" role=\"group\" aria-roledescription=\"slide\" aria-label=\"1 of 1\"><figure class=\"swiper-slide-inner\"><img decoding=\"async\" class=\"swiper-slide-image\" src=\"https:\/\/www.city-bahn.de\/wp-content\/uploads\/2023\/03\/rs1_523_193041.jpg\" alt=\"Der Regioshuttle der City-Bahn Chemnitz GmbH\" \/><\/figure><\/div>\t\t\t<\/div>\n\t\t\t\t\t<\/div>\n\t\t\t\t\t\t<\/div>\n\t\t\t\t<\/div>\n\t\t\t\t<div class=\"elementor-element elementor-element-c89e622 elementor-widget elementor-widget-text-editor\" data-id=\"c89e622\" data-element_type=\"widget\" data-widget_type=\"text-editor.default\">\n\t\t\t\t<div class=\"elementor-widget-container\">\n\t\t\t\t\t\t\t\t\t<p>The operating conditions on the CBC's regional rail network require a vehicle with rapid acceleration, a line speed of up to 120 km\/h on the main lines (Sachsenmagistrale) and up to 80 km\/h on the single-track sections. The Regioshuttle with its seating capacity, comfort features and performance parameters fulfils the requirements for the services on the routes served. The City-Bahn currently has 6 Regio-Shuttle RS-1 (511-516).<\/p>\t\t\t\t\t\t\t\t<\/div>\n\t\t\t\t<\/div>\n\t\t\t\t<div class=\"elementor-element elementor-element-fc24b68 cb-no-deco elementor-widget elementor-widget-image\" data-id=\"fc24b68\" data-element_type=\"widget\" data-widget_type=\"image.default\">\n\t\t\t\t<div class=\"elementor-widget-container\">\n\t\t\t\t\t\t\t\t\t\t\t\t<figure class=\"wp-caption\">\n\t\t\t\t\t\t\t\t\t\t\t<a href=\"https:\/\/www.city-bahn.de\/wp-content\/uploads\/2023\/03\/skizze_rs_1_193061.png\" data-elementor-open-lightbox=\"yes\" data-elementor-lightbox-title=\"Seitenansicht Regio-Shuttle RS-1\" data-elementor-lightbox-description=\"Seitenansicht Regio-Shuttle RS-1\" data-e-action-hash=\"#elementor-action%3Aaction%3Dlightbox%26settings%3DeyJpZCI6MjQxMCwidXJsIjoiaHR0cHM6XC9cL3d3dy5jaXR5LWJhaG4uZGVcL3dwLWNvbnRlbnRcL3VwbG9hZHNcLzIwMjNcLzAzXC9za2l6emVfcnNfMV8xOTMwNjEucG5nIn0%3D\">\n\t\t\t\t\t\t\t<img fetchpriority=\"high\" decoding=\"async\" width=\"760\" height=\"114\" src=\"https:\/\/www.city-bahn.de\/wp-content\/uploads\/2023\/03\/skizze_rs_1_193061.png\" class=\"attachment-large size-large wp-image-2410\" alt=\"Seitenansicht Regio-Shuttle RS-1\" srcset=\"https:\/\/www.city-bahn.de\/wp-content\/uploads\/2023\/03\/skizze_rs_1_193061.png 760w, https:\/\/www.city-bahn.de\/wp-content\/uploads\/2023\/03\/skizze_rs_1_193061-300x45.png 300w\" sizes=\"(max-width: 760px) 100vw, 760px\" \/>\t\t\t\t\t\t\t\t<\/a>\n\t\t\t\t\t\t\t\t\t\t\t<figcaption class=\"widget-image-caption wp-caption-text\">Side view of Regio-Shuttle RS-1\n<\/figcaption>\n\t\t\t\t\t\t\t\t\t\t<\/figure>\n\t\t\t\t\t\t\t\t\t<\/div>\n\t\t\t\t<\/div>\n\t\t\t\t\t<\/div>\n\t\t<\/div>\n\t\t\t\t<div class=\"elementor-column elementor-col-50 elementor-top-column elementor-element elementor-element-68392f0\" data-id=\"68392f0\" data-element_type=\"column\">\n\t\t\t<div class=\"elementor-widget-wrap elementor-element-populated\">\n\t\t\t\t\t\t<section class=\"elementor-section elementor-inner-section elementor-element elementor-element-e5baa1c elementor-section-boxed elementor-section-height-default elementor-section-height-default\" data-id=\"e5baa1c\" data-element_type=\"section\">\n\t\t\t\t\t\t<div class=\"elementor-container elementor-column-gap-wide\">\n\t\t\t\t\t<div class=\"elementor-column elementor-col-100 elementor-inner-column elementor-element elementor-element-5e0c2be cb-deco cb-bd cb-bd--shift-tl cb-ul cb-ul--red-light\" data-id=\"5e0c2be\" data-element_type=\"column\" data-settings=\"{&quot;background_background&quot;:&quot;classic&quot;}\">\n\t\t\t<div class=\"elementor-widget-wrap elementor-element-populated\">\n\t\t\t\t\t\t<div class=\"elementor-element elementor-element-4a02a5f cb-deco cb-table elementor-widget elementor-widget-text-editor\" data-id=\"4a02a5f\" data-element_type=\"widget\" data-widget_type=\"text-editor.default\">\n\t\t\t\t<div class=\"elementor-widget-container\">\n\t\t\t\t\t\t\t\t\t<strong>Dimensions<\/strong>\n<table border=\"0\" width=\"560\" cellspacing=\"1\" cellpadding=\"1\" align=\"left\">\n<tbody>\n<tr>\n<td width=\"237\">Length<\/td>\n<td width=\"310\">25,500 mm<\/td>\n<\/tr>\n<tr>\n<td width=\"237\">Wide<\/td>\n<td width=\"310\">2,900 mm<\/td>\n<\/tr>\n<tr>\n<td width=\"237\">Height<\/td>\n<td width=\"310\">3,940 mm<\/td>\n<\/tr>\n<tr>\n<td width=\"237\">Entry height<\/td>\n<td width=\"310\">600 mm<\/td>\n<\/tr>\n<\/tbody>\n<\/table>\n<strong>Loads<\/strong>\n<table border=\"0\" width=\"560\" cellspacing=\"1\" cellpadding=\"1\" align=\"left\">\n<tbody>\n<tr>\n<td width=\"237\">Tare weight with supplies<\/td>\n<td width=\"310\">41 t<\/td>\n<\/tr>\n<tr>\n<td width=\"237\">Maximum payload<\/td>\n<td width=\"310\">56 t<\/td>\n<\/tr>\n<\/tbody>\n<\/table>\n<strong>Chassis<\/strong>\n<table border=\"0\" width=\"560\" cellspacing=\"1\" cellpadding=\"1\">\n<tbody>\n<tr>\n<td width=\"236\">Gauge<\/td>\n<td width=\"311\">1,435 mm<\/td>\n<\/tr>\n<tr>\n<td width=\"236\">Smallest navigable\ncurve radius<\/td>\n<td width=\"311\">140 m<\/td>\n<\/tr>\n<tr>\n<td width=\"236\">Wheel diameter (new\/ worn)<\/td>\n<td width=\"311\">770 mm\/ 710 mm<\/td>\n<\/tr>\n<\/tbody>\n<\/table>\n<strong>Space available<\/strong>\n<table border=\"0\" width=\"560\" cellspacing=\"1\" cellpadding=\"1\">\n<tbody>\n<tr>\n<td width=\"237\">Passenger seats<\/td>\n<td width=\"310\">71<\/td>\n<\/tr>\n<tr>\n<td width=\"237\">thereof folding seats<\/td>\n<td width=\"310\">5<\/td>\n<\/tr>\n<tr>\n<td width=\"237\">Standing room<\/td>\n<td width=\"310\">80-83<\/td>\n<\/tr>\n<\/tbody>\n<\/table>\n<strong>Drive\/ Other<\/strong>\n<table border=\"0\" width=\"560\" cellspacing=\"1\" cellpadding=\"1\">\n<tbody>\n<tr>\n<td width=\"238\">Motorisation<\/td>\n<td width=\"309\">2 water-cooled 6-cylinder in-line diesel engines<\/td>\n<\/tr>\n<tr>\n<td width=\"238\">Maximum speed<\/td>\n<td width=\"309\">120 km\/h<\/td>\n<\/tr>\n<tr>\n<td width=\"238\">Performance<\/td>\n<td width=\"309\">2\u00d7257 kW<\/td>\n<\/tr>\n\n<\/tbody>\n<\/table>\t\t\t\t\t\t\t\t<\/div>\n\t\t\t\t<\/div>\n\t\t\t\t\t<\/div>\n\t\t<\/div>\n\t\t\t\t\t<\/div>\n\t\t<\/section>\n\t\t\t\t\t<\/div>\n\t\t<\/div>\n\t\t\t\t\t<\/div>\n\t\t<\/section>\n\t\t\t\t<\/div>","protected":false},"excerpt":{"rendered":"<p>The operating conditions on the CBC's regional rail network require a vehicle with rapid acceleration, a line speed of up to 120 km\/h on the main lines (Sachsenmagistrale) and up to 80 km\/h on the single-track sections. The Regioshuttle with its seating capacity, comfort features and performance parameters fulfils the requirements for the services on the routes served. The City-Bahn has...<\/p>","protected":false},"author":2,"featured_media":2408,"parent":1344,"menu_order":48,"comment_status":"closed","ping_status":"closed","template":"elementor_header_footer","meta":{"_acf_changed":false,"footnotes":""},"class_list":["post-2407","page","type-page","status-publish","has-post-thumbnail","hentry"],"acf":[],"yoast_head":"<!-- This site is optimized with the Yoast SEO plugin v26.5 - https:\/\/yoast.com\/wordpress\/plugins\/seo\/ -->\n<title>Regio-Shuttle RS-1 &#187; City-Bahn Chemnitz<\/title>\n<meta name=\"robots\" content=\"index, follow, max-snippet:-1, max-image-preview:large, max-video-preview:-1\" \/>\n<link rel=\"canonical\" href=\"https:\/\/www.city-bahn.de\/en\/ueber-uns\/fahrzeuge\/regio-shuttle-rs-1\/\" \/>\n<meta property=\"og:locale\" content=\"en_GB\" \/>\n<meta property=\"og:type\" content=\"article\" \/>\n<meta property=\"og:title\" content=\"Regio-Shuttle RS-1 &#187; City-Bahn Chemnitz\" \/>\n<meta property=\"og:description\" content=\"Die Einsatzbedingungen im SPNV des Netzes der CBC erfordern ein Fahrzeug mit z\u00fcgiger Beschleunigung, einer Streckengeschwindigkeit bis zu 120 km\/h auf den Hauptstrecken (Sachsenmagistrale) und bis zu 80 km\/h auf den eingleisigen Streckenabschnitten. Der Regioshuttle mit seiner Platzkapazit\u00e4t, seinen Komfortmerkmalen und Leistungsparametern erf\u00fcllt die Anforderungen an die Leistungen auf den bedienten Strecken. Die City-Bahn verf\u00fcgt...\" \/>\n<meta property=\"og:url\" content=\"https:\/\/www.city-bahn.de\/en\/ueber-uns\/fahrzeuge\/regio-shuttle-rs-1\/\" \/>\n<meta property=\"og:site_name\" content=\"City-Bahn Chemnitz\" \/>\n<meta property=\"article:publisher\" content=\"https:\/\/www.facebook.com\/city.bahn.chemnitz\" \/>\n<meta property=\"article:modified_time\" content=\"2024-06-10T09:21:04+00:00\" \/>\n<meta property=\"og:image\" content=\"https:\/\/www.city-bahn.de\/wp-content\/uploads\/2023\/03\/rs1_523_193041.jpg\" \/>\n\t<meta property=\"og:image:width\" content=\"760\" \/>\n\t<meta property=\"og:image:height\" content=\"470\" \/>\n\t<meta property=\"og:image:type\" content=\"image\/jpeg\" \/>\n<meta name=\"twitter:card\" content=\"summary_large_image\" \/>\n<meta name=\"twitter:site\" content=\"@citybahn\" \/>\n<meta name=\"twitter:label1\" content=\"Estimated reading time\" \/>\n\t<meta name=\"twitter:data1\" content=\"1 minute\" \/>\n<script type=\"application\/ld+json\" class=\"yoast-schema-graph\">{\"@context\":\"https:\/\/schema.org\",\"@graph\":[{\"@type\":\"WebPage\",\"@id\":\"https:\/\/www.city-bahn.de\/ueber-uns\/fahrzeuge\/regio-shuttle-rs-1\/\",\"url\":\"https:\/\/www.city-bahn.de\/ueber-uns\/fahrzeuge\/regio-shuttle-rs-1\/\",\"name\":\"Regio-Shuttle RS-1 &#187; City-Bahn Chemnitz\",\"isPartOf\":{\"@id\":\"https:\/\/www.city-bahn.de\/#website\"},\"primaryImageOfPage\":{\"@id\":\"https:\/\/www.city-bahn.de\/ueber-uns\/fahrzeuge\/regio-shuttle-rs-1\/#primaryimage\"},\"image\":{\"@id\":\"https:\/\/www.city-bahn.de\/ueber-uns\/fahrzeuge\/regio-shuttle-rs-1\/#primaryimage\"},\"thumbnailUrl\":\"https:\/\/www.city-bahn.de\/wp-content\/uploads\/2023\/03\/rs1_523_193041.jpg\",\"datePublished\":\"2023-03-01T08:37:14+00:00\",\"dateModified\":\"2024-06-10T09:21:04+00:00\",\"breadcrumb\":{\"@id\":\"https:\/\/www.city-bahn.de\/ueber-uns\/fahrzeuge\/regio-shuttle-rs-1\/#breadcrumb\"},\"inLanguage\":\"en-GB\",\"potentialAction\":[{\"@type\":\"ReadAction\",\"target\":[\"https:\/\/www.city-bahn.de\/ueber-uns\/fahrzeuge\/regio-shuttle-rs-1\/\"]}]},{\"@type\":\"ImageObject\",\"inLanguage\":\"en-GB\",\"@id\":\"https:\/\/www.city-bahn.de\/ueber-uns\/fahrzeuge\/regio-shuttle-rs-1\/#primaryimage\",\"url\":\"https:\/\/www.city-bahn.de\/wp-content\/uploads\/2023\/03\/rs1_523_193041.jpg\",\"contentUrl\":\"https:\/\/www.city-bahn.de\/wp-content\/uploads\/2023\/03\/rs1_523_193041.jpg\",\"width\":760,\"height\":470,\"caption\":\"Der Regioshuttle der City-Bahn Chemnitz GmbH\"},{\"@type\":\"BreadcrumbList\",\"@id\":\"https:\/\/www.city-bahn.de\/ueber-uns\/fahrzeuge\/regio-shuttle-rs-1\/#breadcrumb\",\"itemListElement\":[{\"@type\":\"ListItem\",\"position\":1,\"name\":\"Startseite\",\"item\":\"https:\/\/www.city-bahn.de\/\"},{\"@type\":\"ListItem\",\"position\":2,\"name\":\"\u00dcber uns\",\"item\":\"https:\/\/www.city-bahn.de\/ueber-uns\/\"},{\"@type\":\"ListItem\",\"position\":3,\"name\":\"Fahrzeuge\",\"item\":\"https:\/\/www.city-bahn.de\/ueber-uns\/fahrzeuge\/\"},{\"@type\":\"ListItem\",\"position\":4,\"name\":\"Regio-Shuttle RS-1\"}]},{\"@type\":\"WebSite\",\"@id\":\"https:\/\/www.city-bahn.de\/#website\",\"url\":\"https:\/\/www.city-bahn.de\/\",\"name\":\"City-Bahn Chemnitz\",\"description\":\"Wir verbinden die Region\",\"publisher\":{\"@id\":\"https:\/\/www.city-bahn.de\/#organization\"},\"alternateName\":\"City-Bahn Chemnitz GmbH\",\"potentialAction\":[{\"@type\":\"SearchAction\",\"target\":{\"@type\":\"EntryPoint\",\"urlTemplate\":\"https:\/\/www.city-bahn.de\/?s={search_term_string}\"},\"query-input\":{\"@type\":\"PropertyValueSpecification\",\"valueRequired\":true,\"valueName\":\"search_term_string\"}}],\"inLanguage\":\"en-GB\"},{\"@type\":\"Organization\",\"@id\":\"https:\/\/www.city-bahn.de\/#organization\",\"name\":\"City-Bahn Chemnitz GmbH\",\"url\":\"https:\/\/www.city-bahn.de\/\",\"logo\":{\"@type\":\"ImageObject\",\"inLanguage\":\"en-GB\",\"@id\":\"https:\/\/www.city-bahn.de\/#\/schema\/logo\/image\/\",\"url\":\"https:\/\/www.city-bahn.de\/wp-content\/uploads\/2022\/01\/LogoCBC.svg\",\"contentUrl\":\"https:\/\/www.city-bahn.de\/wp-content\/uploads\/2022\/01\/LogoCBC.svg\",\"width\":1385,\"height\":658,\"caption\":\"City-Bahn Chemnitz GmbH\"},\"image\":{\"@id\":\"https:\/\/www.city-bahn.de\/#\/schema\/logo\/image\/\"},\"sameAs\":[\"https:\/\/www.facebook.com\/city.bahn.chemnitz\",\"https:\/\/x.com\/citybahn\"]}]}<\/script>\n<!-- \/ Yoast SEO plugin. -->","yoast_head_json":{"title":"Regio-Shuttle RS-1 \" City-Bahn Chemnitz","robots":{"index":"index","follow":"follow","max-snippet":"max-snippet:-1","max-image-preview":"max-image-preview:large","max-video-preview":"max-video-preview:-1"},"canonical":"https:\/\/www.city-bahn.de\/en\/ueber-uns\/fahrzeuge\/regio-shuttle-rs-1\/","og_locale":"en_GB","og_type":"article","og_title":"Regio-Shuttle RS-1 &#187; City-Bahn Chemnitz","og_description":"Die Einsatzbedingungen im SPNV des Netzes der CBC erfordern ein Fahrzeug mit z\u00fcgiger Beschleunigung, einer Streckengeschwindigkeit bis zu 120 km\/h auf den Hauptstrecken (Sachsenmagistrale) und bis zu 80 km\/h auf den eingleisigen Streckenabschnitten. Der Regioshuttle mit seiner Platzkapazit\u00e4t, seinen Komfortmerkmalen und Leistungsparametern erf\u00fcllt die Anforderungen an die Leistungen auf den bedienten Strecken. Die City-Bahn verf\u00fcgt...","og_url":"https:\/\/www.city-bahn.de\/en\/ueber-uns\/fahrzeuge\/regio-shuttle-rs-1\/","og_site_name":"City-Bahn Chemnitz","article_publisher":"https:\/\/www.facebook.com\/city.bahn.chemnitz","article_modified_time":"2024-06-10T09:21:04+00:00","og_image":[{"width":760,"height":470,"url":"https:\/\/www.city-bahn.de\/wp-content\/uploads\/2023\/03\/rs1_523_193041.jpg","type":"image\/jpeg"}],"twitter_card":"summary_large_image","twitter_site":"@citybahn","twitter_misc":{"Estimated reading time":"1 minute"},"schema":{"@context":"https:\/\/schema.org","@graph":[{"@type":"WebPage","@id":"https:\/\/www.city-bahn.de\/ueber-uns\/fahrzeuge\/regio-shuttle-rs-1\/","url":"https:\/\/www.city-bahn.de\/ueber-uns\/fahrzeuge\/regio-shuttle-rs-1\/","name":"Regio-Shuttle RS-1 \" City-Bahn Chemnitz","isPartOf":{"@id":"https:\/\/www.city-bahn.de\/#website"},"primaryImageOfPage":{"@id":"https:\/\/www.city-bahn.de\/ueber-uns\/fahrzeuge\/regio-shuttle-rs-1\/#primaryimage"},"image":{"@id":"https:\/\/www.city-bahn.de\/ueber-uns\/fahrzeuge\/regio-shuttle-rs-1\/#primaryimage"},"thumbnailUrl":"https:\/\/www.city-bahn.de\/wp-content\/uploads\/2023\/03\/rs1_523_193041.jpg","datePublished":"2023-03-01T08:37:14+00:00","dateModified":"2024-06-10T09:21:04+00:00","breadcrumb":{"@id":"https:\/\/www.city-bahn.de\/ueber-uns\/fahrzeuge\/regio-shuttle-rs-1\/#breadcrumb"},"inLanguage":"en-GB","potentialAction":[{"@type":"ReadAction","target":["https:\/\/www.city-bahn.de\/ueber-uns\/fahrzeuge\/regio-shuttle-rs-1\/"]}]},{"@type":"ImageObject","inLanguage":"en-GB","@id":"https:\/\/www.city-bahn.de\/ueber-uns\/fahrzeuge\/regio-shuttle-rs-1\/#primaryimage","url":"https:\/\/www.city-bahn.de\/wp-content\/uploads\/2023\/03\/rs1_523_193041.jpg","contentUrl":"https:\/\/www.city-bahn.de\/wp-content\/uploads\/2023\/03\/rs1_523_193041.jpg","width":760,"height":470,"caption":"Der Regioshuttle der City-Bahn Chemnitz GmbH"},{"@type":"BreadcrumbList","@id":"https:\/\/www.city-bahn.de\/ueber-uns\/fahrzeuge\/regio-shuttle-rs-1\/#breadcrumb","itemListElement":[{"@type":"ListItem","position":1,"name":"Startseite","item":"https:\/\/www.city-bahn.de\/"},{"@type":"ListItem","position":2,"name":"\u00dcber uns","item":"https:\/\/www.city-bahn.de\/ueber-uns\/"},{"@type":"ListItem","position":3,"name":"Fahrzeuge","item":"https:\/\/www.city-bahn.de\/ueber-uns\/fahrzeuge\/"},{"@type":"ListItem","position":4,"name":"Regio-Shuttle RS-1"}]},{"@type":"WebSite","@id":"https:\/\/www.city-bahn.de\/#website","url":"https:\/\/www.city-bahn.de\/","name":"Chemnitz City Railway","description":"We connect the region","publisher":{"@id":"https:\/\/www.city-bahn.de\/#organization"},"alternateName":"City-Bahn Chemnitz GmbH","potentialAction":[{"@type":"SearchAction","target":{"@type":"EntryPoint","urlTemplate":"https:\/\/www.city-bahn.de\/?s={search_term_string}"},"query-input":{"@type":"PropertyValueSpecification","valueRequired":true,"valueName":"search_term_string"}}],"inLanguage":"en-GB"},{"@type":"Organization","@id":"https:\/\/www.city-bahn.de\/#organization","name":"City-Bahn Chemnitz GmbH","url":"https:\/\/www.city-bahn.de\/","logo":{"@type":"ImageObject","inLanguage":"en-GB","@id":"https:\/\/www.city-bahn.de\/#\/schema\/logo\/image\/","url":"https:\/\/www.city-bahn.de\/wp-content\/uploads\/2022\/01\/LogoCBC.svg","contentUrl":"https:\/\/www.city-bahn.de\/wp-content\/uploads\/2022\/01\/LogoCBC.svg","width":1385,"height":658,"caption":"City-Bahn Chemnitz GmbH"},"image":{"@id":"https:\/\/www.city-bahn.de\/#\/schema\/logo\/image\/"},"sameAs":["https:\/\/www.facebook.com\/city.bahn.chemnitz","https:\/\/x.com\/citybahn"]}]}},"publishpress_future_workflow_manual_trigger":{"enabledWorkflows":[]},"_links":{"self":[{"href":"https:\/\/www.city-bahn.de\/en\/wp-json\/wp\/v2\/pages\/2407","targetHints":{"allow":["GET"]}}],"collection":[{"href":"https:\/\/www.city-bahn.de\/en\/wp-json\/wp\/v2\/pages"}],"about":[{"href":"https:\/\/www.city-bahn.de\/en\/wp-json\/wp\/v2\/types\/page"}],"author":[{"embeddable":true,"href":"https:\/\/www.city-bahn.de\/en\/wp-json\/wp\/v2\/users\/2"}],"replies":[{"embeddable":true,"href":"https:\/\/www.city-bahn.de\/en\/wp-json\/wp\/v2\/comments?post=2407"}],"version-history":[{"count":14,"href":"https:\/\/www.city-bahn.de\/en\/wp-json\/wp\/v2\/pages\/2407\/revisions"}],"predecessor-version":[{"id":5460,"href":"https:\/\/www.city-bahn.de\/en\/wp-json\/wp\/v2\/pages\/2407\/revisions\/5460"}],"up":[{"embeddable":true,"href":"https:\/\/www.city-bahn.de\/en\/wp-json\/wp\/v2\/pages\/1344"}],"wp:featuredmedia":[{"embeddable":true,"href":"https:\/\/www.city-bahn.de\/en\/wp-json\/wp\/v2\/media\/2408"}],"wp:attachment":[{"href":"https:\/\/www.city-bahn.de\/en\/wp-json\/wp\/v2\/media?parent=2407"}],"curies":[{"name":"wp","href":"https:\/\/api.w.org\/{rel}","templated":true}]}}