{"id":2367,"date":"2023-03-01T09:16:37","date_gmt":"2023-03-01T08:16:37","guid":{"rendered":"https:\/\/www.city-bahn.de\/?page_id=2367"},"modified":"2024-06-10T11:15:32","modified_gmt":"2024-06-10T09:15:32","slug":"c13-chemnitz-burgstaedt","status":"publish","type":"page","link":"https:\/\/www.city-bahn.de\/en\/ueber-uns\/linien\/c13-chemnitz-burgstaedt\/","title":{"rendered":"C13 Burgst\u00e4dt - Chemnitz - Aue"},"content":{"rendered":"<div data-elementor-type=\"wp-page\" data-elementor-id=\"2367\" class=\"elementor elementor-2367\" data-elementor-post-type=\"page\">\n\t\t\t\t<div class=\"elementor-element elementor-element-d25147b e-flex e-con-boxed e-con e-parent\" data-id=\"d25147b\" data-element_type=\"container\">\n\t\t\t\t\t<div class=\"e-con-inner\">\n\t\t\t\t<div class=\"elementor-element elementor-element-ca8ab21 elementor-widget elementor-widget-heading\" data-id=\"ca8ab21\" data-element_type=\"widget\" data-widget_type=\"heading.default\">\n\t\t\t\t<div class=\"elementor-widget-container\">\n\t\t\t\t\t<h2 class=\"elementor-heading-title elementor-size-default\">Line properties<\/h2>\t\t\t\t<\/div>\n\t\t\t\t<\/div>\n\t\t\t\t<div class=\"elementor-element elementor-element-ecf7823 elementor-widget elementor-widget-text-editor\" data-id=\"ecf7823\" data-element_type=\"widget\" data-widget_type=\"text-editor.default\">\n\t\t\t\t<div class=\"elementor-widget-container\">\n\t\t\t\t\t\t\t\t\t<strong>Length:<\/strong>\u00a019.1 kilometres, of which\n<table border=\"0\" width=\"750\" cellspacing=\"1\" cellpadding=\"1\">\n<tbody>\n<tr>\n<td width=\"\">14.7 km<\/td>\n<td width=\"\">Chemnitz-Hbf - Burgst\u00e4dt (partly 2-track main line)<\/td>\n<td width=\"\">\u00a0(Operation according to EBO by DB Netz)<\/td>\n<\/tr>\n<tr>\n<td width=\"\">4.3 km<\/td>\n<td width=\"\">\u00a0Chemnitz main station - Technopark<\/td>\n<td width=\"\">(Operation according to BOStrab by CVAG)<\/td>\n<\/tr>\n<\/tbody>\n<\/table>\n<strong>Speed:<\/strong>\n<table border=\"0\" width=\"750\" cellspacing=\"1\" cellpadding=\"1\">\n<tbody>\n<tr>\n<td width=\"\">\u00a0v<sub>max<\/sub>\u00a0= 100 km\/h<\/td>\n<td width=\"\">\u00a0between Chemnitz main station and Burgst\u00e4dt<\/td>\n<\/tr>\n<tr>\n<td width=\"\">\u00a0vmax = 60 km\/h<\/td>\n<td width=\"\">\u00a0between Chemnitz-Hbf and Technopark<\/td>\n<\/tr>\n<\/tbody>\n<\/table>\n<strong>Travel time and speed, driving programme:<\/strong>\n<table border=\"0\" width=\"750\" cellspacing=\"1\" cellpadding=\"1\">\n<tbody>\n<tr>\n<td width=\"276\">\u00a0Chemnitz main station - Burgst\u00e4dt<\/td>\n<td width=\"177\">\u00a0Travel time: 17 minutes<\/td>\n<td width=\"221\">\u00a0(Cruising speed: 52.0 km\/h)<\/td>\n<\/tr>\n<tr>\n<td width=\"276\">\u00a0Technopark - Chemnitz main station - Burgst\u00e4dt<\/td>\n<td width=\"177\">\u00a0Travel time: 37 minutes<\/td>\n<td width=\"221\">\u00a0(Cruising speed: 30.9 km\/h)<\/td>\n<\/tr>\n<tr>\n<td width=\"276\">\u00a0Train pairs deployed: 19<\/td>\n<td width=\"177\">\u00a0Monday till Saturday<\/td>\n<td width=\"221\"><\/td>\n<\/tr>\n<tr>\n<td width=\"276\">\u00a0Train pairs deployed: 18<\/td>\n<td width=\"177\">\u00a0Sunday and public holiday<\/td>\n<td width=\"221\"><\/td>\n<\/tr>\n<\/tbody>\n<\/table>\n<strong>Start of operation by City-Bahn Chemnitz GmbH:<\/strong>\n<table border=\"0\" width=\"750\" cellspacing=\"1\" cellpadding=\"1\">\n<tbody>\n<tr>\n<td width=\"684\">\u00a001 July 2002 (described driving programme as of 10.12.2017)<\/td>\n<\/tr>\n<\/tbody>\n<\/table>\n<strong>Vehicles used:<\/strong>\n<table border=\"0\" width=\"750\" cellspacing=\"1\" cellpadding=\"1\">\n<tbody>\n<tr>\n<td width=\"174\">\u00a0Citylink (BR 690)<\/td>\n<td width=\"505\">\u00a0daily 3 vehicles (alternating operation with C14)<\/td>\n<\/tr>\n<\/tbody>\n<\/table>\n&nbsp;\t\t\t\t\t\t\t\t<\/div>\n\t\t\t\t<\/div>\n\t\t\t\t<div class=\"elementor-element elementor-element-fcbf023 elementor-widget elementor-widget-image\" data-id=\"fcbf023\" data-element_type=\"widget\" data-widget_type=\"image.default\">\n\t\t\t\t<div class=\"elementor-widget-container\">\n\t\t\t\t\t\t\t\t\t\t\t\t<figure class=\"wp-caption\">\n\t\t\t\t\t\t\t\t\t\t<img fetchpriority=\"high\" decoding=\"async\" width=\"800\" height=\"700\" src=\"https:\/\/www.city-bahn.de\/wp-content\/uploads\/2023\/03\/streckenskizze_c13_2017_12_12_155871.jpg\" class=\"attachment-large size-large wp-image-2369\" alt=\"Linienf\u00fchrung C13 Chemnitz - Burgst\u00e4dt\" srcset=\"https:\/\/www.city-bahn.de\/wp-content\/uploads\/2023\/03\/streckenskizze_c13_2017_12_12_155871.jpg 800w, https:\/\/www.city-bahn.de\/wp-content\/uploads\/2023\/03\/streckenskizze_c13_2017_12_12_155871-300x263.jpg 300w, https:\/\/www.city-bahn.de\/wp-content\/uploads\/2023\/03\/streckenskizze_c13_2017_12_12_155871-768x672.jpg 768w\" sizes=\"(max-width: 800px) 100vw, 800px\" \/>\t\t\t\t\t\t\t\t\t\t\t<figcaption class=\"widget-image-caption wp-caption-text\">Route C13 Chemnitz - Burgst\u00e4dt<\/figcaption>\n\t\t\t\t\t\t\t\t\t\t<\/figure>\n\t\t\t\t\t\t\t\t\t<\/div>\n\t\t\t\t<\/div>\n\t\t\t\t\t<\/div>\n\t\t\t\t<\/div>\n\t\t\t\t<\/div>","protected":false},"excerpt":{"rendered":"<p>Line characteristics Length: 19.1 kilometres, of which 14.7 km Chemnitz-Hbf - Burgst\u00e4dt (partly 2-track main line) (operation according to EBO by DB Netz) 4.3 km Chemnitz-Hbf - Technopark (operation according to BOStrab by CVAG) Speed:  vmax = 100 km\/h between Chemnitz-Hbf and Burgst\u00e4dt vmax = 60 km\/h between Chemnitz-Hbf and Technopark Journey time and speed, timetable: Chemnitz-Hbf - Burgst\u00e4dt Journey time: 17 minutes (cruising speed: 52.0 km\/h)...<\/p>","protected":false},"author":2,"featured_media":2946,"parent":2249,"menu_order":41,"comment_status":"closed","ping_status":"closed","template":"","meta":{"_acf_changed":false,"footnotes":""},"class_list":["post-2367","page","type-page","status-publish","has-post-thumbnail","hentry"],"acf":[],"yoast_head":"<!-- This site is optimized with the Yoast SEO plugin v26.5 - https:\/\/yoast.com\/wordpress\/plugins\/seo\/ -->\n<title>C13 Burgst\u00e4dt - Chemnitz - Aue &#187; City-Bahn Chemnitz<\/title>\n<meta name=\"robots\" content=\"index, follow, max-snippet:-1, max-image-preview:large, max-video-preview:-1\" \/>\n<link rel=\"canonical\" href=\"https:\/\/www.city-bahn.de\/en\/ueber-uns\/linien\/c13-chemnitz-burgstaedt\/\" \/>\n<meta property=\"og:locale\" content=\"en_GB\" \/>\n<meta property=\"og:type\" content=\"article\" \/>\n<meta property=\"og:title\" content=\"C13 Burgst\u00e4dt - Chemnitz - Aue &#187; City-Bahn Chemnitz\" \/>\n<meta property=\"og:description\" content=\"Linieneigenschaften L\u00e4nge:&nbsp;19,1 Kilometer, davon 14,7&nbsp;km Chemnitz-Hbf &#8211; Burgst\u00e4dt (teilweise 2-gleisige Hauptbahn) &nbsp;(Betrieb nach EBO durch DB Netz) 4,3&nbsp;km &nbsp;Chemnitz-Hbf &#8211; Technopark (Betrieb nach BOStrab durch CVAG) Geschwindigkeit: &nbsp;vmax&nbsp;= 100 km\/h &nbsp;zwischen Chemnitz-Hbf und Burgst\u00e4dt &nbsp;vmax =&nbsp;&nbsp; 60 km\/h &nbsp;zwischen Chemnitz-Hbf und Technopark Reisezeit und -geschwindigkeit, Fahrprogramm: &nbsp;Chemnitz-Hbf &#8211; Burgst\u00e4dt &nbsp;Reisezeit: 17 Minuten &nbsp;(Reisegeschwindigkeit: 52,0 km\/h)...\" \/>\n<meta property=\"og:url\" content=\"https:\/\/www.city-bahn.de\/en\/ueber-uns\/linien\/c13-chemnitz-burgstaedt\/\" \/>\n<meta property=\"og:site_name\" content=\"City-Bahn Chemnitz\" \/>\n<meta property=\"article:publisher\" content=\"https:\/\/www.facebook.com\/city.bahn.chemnitz\" \/>\n<meta property=\"article:modified_time\" content=\"2024-06-10T09:15:32+00:00\" \/>\n<meta property=\"og:image\" content=\"https:\/\/www.city-bahn.de\/wp-content\/uploads\/2023\/05\/C13.jpg\" \/>\n\t<meta property=\"og:image:width\" content=\"2560\" \/>\n\t<meta property=\"og:image:height\" content=\"1707\" \/>\n\t<meta property=\"og:image:type\" content=\"image\/jpeg\" \/>\n<meta name=\"twitter:card\" content=\"summary_large_image\" \/>\n<meta name=\"twitter:site\" content=\"@citybahn\" \/>\n<meta name=\"twitter:label1\" content=\"Estimated reading time\" \/>\n\t<meta name=\"twitter:data1\" content=\"1 minute\" \/>\n<script type=\"application\/ld+json\" class=\"yoast-schema-graph\">{\"@context\":\"https:\/\/schema.org\",\"@graph\":[{\"@type\":\"WebPage\",\"@id\":\"https:\/\/www.city-bahn.de\/ueber-uns\/linien\/c13-chemnitz-burgstaedt\/\",\"url\":\"https:\/\/www.city-bahn.de\/ueber-uns\/linien\/c13-chemnitz-burgstaedt\/\",\"name\":\"C13 Burgst\u00e4dt - Chemnitz - Aue &#187; City-Bahn Chemnitz\",\"isPartOf\":{\"@id\":\"https:\/\/www.city-bahn.de\/#website\"},\"primaryImageOfPage\":{\"@id\":\"https:\/\/www.city-bahn.de\/ueber-uns\/linien\/c13-chemnitz-burgstaedt\/#primaryimage\"},\"image\":{\"@id\":\"https:\/\/www.city-bahn.de\/ueber-uns\/linien\/c13-chemnitz-burgstaedt\/#primaryimage\"},\"thumbnailUrl\":\"https:\/\/www.city-bahn.de\/wp-content\/uploads\/2023\/05\/C13.jpg\",\"datePublished\":\"2023-03-01T08:16:37+00:00\",\"dateModified\":\"2024-06-10T09:15:32+00:00\",\"breadcrumb\":{\"@id\":\"https:\/\/www.city-bahn.de\/ueber-uns\/linien\/c13-chemnitz-burgstaedt\/#breadcrumb\"},\"inLanguage\":\"en-GB\",\"potentialAction\":[{\"@type\":\"ReadAction\",\"target\":[\"https:\/\/www.city-bahn.de\/ueber-uns\/linien\/c13-chemnitz-burgstaedt\/\"]}]},{\"@type\":\"ImageObject\",\"inLanguage\":\"en-GB\",\"@id\":\"https:\/\/www.city-bahn.de\/ueber-uns\/linien\/c13-chemnitz-burgstaedt\/#primaryimage\",\"url\":\"https:\/\/www.city-bahn.de\/wp-content\/uploads\/2023\/05\/C13.jpg\",\"contentUrl\":\"https:\/\/www.city-bahn.de\/wp-content\/uploads\/2023\/05\/C13.jpg\",\"width\":2560,\"height\":1707,\"caption\":\"Ein Zug der Linie C13 \u00fcberquert die Br\u00fccker \u00fcber die Blankenauer Stra\u00dfe\"},{\"@type\":\"BreadcrumbList\",\"@id\":\"https:\/\/www.city-bahn.de\/ueber-uns\/linien\/c13-chemnitz-burgstaedt\/#breadcrumb\",\"itemListElement\":[{\"@type\":\"ListItem\",\"position\":1,\"name\":\"Startseite\",\"item\":\"https:\/\/www.city-bahn.de\/\"},{\"@type\":\"ListItem\",\"position\":2,\"name\":\"\u00dcber uns\",\"item\":\"https:\/\/www.city-bahn.de\/ueber-uns\/\"},{\"@type\":\"ListItem\",\"position\":3,\"name\":\"Linien\",\"item\":\"https:\/\/www.city-bahn.de\/ueber-uns\/linien\/\"},{\"@type\":\"ListItem\",\"position\":4,\"name\":\"C13 Burgst\u00e4dt &#8211; Chemnitz &#8211; Aue\"}]},{\"@type\":\"WebSite\",\"@id\":\"https:\/\/www.city-bahn.de\/#website\",\"url\":\"https:\/\/www.city-bahn.de\/\",\"name\":\"City-Bahn Chemnitz\",\"description\":\"Wir verbinden die Region\",\"publisher\":{\"@id\":\"https:\/\/www.city-bahn.de\/#organization\"},\"alternateName\":\"City-Bahn Chemnitz GmbH\",\"potentialAction\":[{\"@type\":\"SearchAction\",\"target\":{\"@type\":\"EntryPoint\",\"urlTemplate\":\"https:\/\/www.city-bahn.de\/?s={search_term_string}\"},\"query-input\":{\"@type\":\"PropertyValueSpecification\",\"valueRequired\":true,\"valueName\":\"search_term_string\"}}],\"inLanguage\":\"en-GB\"},{\"@type\":\"Organization\",\"@id\":\"https:\/\/www.city-bahn.de\/#organization\",\"name\":\"City-Bahn Chemnitz GmbH\",\"url\":\"https:\/\/www.city-bahn.de\/\",\"logo\":{\"@type\":\"ImageObject\",\"inLanguage\":\"en-GB\",\"@id\":\"https:\/\/www.city-bahn.de\/#\/schema\/logo\/image\/\",\"url\":\"https:\/\/www.city-bahn.de\/wp-content\/uploads\/2022\/01\/LogoCBC.svg\",\"contentUrl\":\"https:\/\/www.city-bahn.de\/wp-content\/uploads\/2022\/01\/LogoCBC.svg\",\"width\":1385,\"height\":658,\"caption\":\"City-Bahn Chemnitz GmbH\"},\"image\":{\"@id\":\"https:\/\/www.city-bahn.de\/#\/schema\/logo\/image\/\"},\"sameAs\":[\"https:\/\/www.facebook.com\/city.bahn.chemnitz\",\"https:\/\/x.com\/citybahn\"]}]}<\/script>\n<!-- \/ Yoast SEO plugin. -->","yoast_head_json":{"title":"C13 Burgst\u00e4dt - Chemnitz - Aue \" City-Bahn Chemnitz","robots":{"index":"index","follow":"follow","max-snippet":"max-snippet:-1","max-image-preview":"max-image-preview:large","max-video-preview":"max-video-preview:-1"},"canonical":"https:\/\/www.city-bahn.de\/en\/ueber-uns\/linien\/c13-chemnitz-burgstaedt\/","og_locale":"en_GB","og_type":"article","og_title":"C13 Burgst\u00e4dt - Chemnitz - Aue &#187; City-Bahn Chemnitz","og_description":"Linieneigenschaften L\u00e4nge:&nbsp;19,1 Kilometer, davon 14,7&nbsp;km Chemnitz-Hbf &#8211; Burgst\u00e4dt (teilweise 2-gleisige Hauptbahn) &nbsp;(Betrieb nach EBO durch DB Netz) 4,3&nbsp;km &nbsp;Chemnitz-Hbf &#8211; Technopark (Betrieb nach BOStrab durch CVAG) Geschwindigkeit: &nbsp;vmax&nbsp;= 100 km\/h &nbsp;zwischen Chemnitz-Hbf und Burgst\u00e4dt &nbsp;vmax =&nbsp;&nbsp; 60 km\/h &nbsp;zwischen Chemnitz-Hbf und Technopark Reisezeit und -geschwindigkeit, Fahrprogramm: &nbsp;Chemnitz-Hbf &#8211; Burgst\u00e4dt &nbsp;Reisezeit: 17 Minuten &nbsp;(Reisegeschwindigkeit: 52,0 km\/h)...","og_url":"https:\/\/www.city-bahn.de\/en\/ueber-uns\/linien\/c13-chemnitz-burgstaedt\/","og_site_name":"City-Bahn Chemnitz","article_publisher":"https:\/\/www.facebook.com\/city.bahn.chemnitz","article_modified_time":"2024-06-10T09:15:32+00:00","og_image":[{"width":2560,"height":1707,"url":"https:\/\/www.city-bahn.de\/wp-content\/uploads\/2023\/05\/C13.jpg","type":"image\/jpeg"}],"twitter_card":"summary_large_image","twitter_site":"@citybahn","twitter_misc":{"Estimated reading time":"1 minute"},"schema":{"@context":"https:\/\/schema.org","@graph":[{"@type":"WebPage","@id":"https:\/\/www.city-bahn.de\/ueber-uns\/linien\/c13-chemnitz-burgstaedt\/","url":"https:\/\/www.city-bahn.de\/ueber-uns\/linien\/c13-chemnitz-burgstaedt\/","name":"C13 Burgst\u00e4dt - Chemnitz - Aue \" City-Bahn Chemnitz","isPartOf":{"@id":"https:\/\/www.city-bahn.de\/#website"},"primaryImageOfPage":{"@id":"https:\/\/www.city-bahn.de\/ueber-uns\/linien\/c13-chemnitz-burgstaedt\/#primaryimage"},"image":{"@id":"https:\/\/www.city-bahn.de\/ueber-uns\/linien\/c13-chemnitz-burgstaedt\/#primaryimage"},"thumbnailUrl":"https:\/\/www.city-bahn.de\/wp-content\/uploads\/2023\/05\/C13.jpg","datePublished":"2023-03-01T08:16:37+00:00","dateModified":"2024-06-10T09:15:32+00:00","breadcrumb":{"@id":"https:\/\/www.city-bahn.de\/ueber-uns\/linien\/c13-chemnitz-burgstaedt\/#breadcrumb"},"inLanguage":"en-GB","potentialAction":[{"@type":"ReadAction","target":["https:\/\/www.city-bahn.de\/ueber-uns\/linien\/c13-chemnitz-burgstaedt\/"]}]},{"@type":"ImageObject","inLanguage":"en-GB","@id":"https:\/\/www.city-bahn.de\/ueber-uns\/linien\/c13-chemnitz-burgstaedt\/#primaryimage","url":"https:\/\/www.city-bahn.de\/wp-content\/uploads\/2023\/05\/C13.jpg","contentUrl":"https:\/\/www.city-bahn.de\/wp-content\/uploads\/2023\/05\/C13.jpg","width":2560,"height":1707,"caption":"Ein Zug der Linie C13 \u00fcberquert die Br\u00fccker \u00fcber die Blankenauer Stra\u00dfe"},{"@type":"BreadcrumbList","@id":"https:\/\/www.city-bahn.de\/ueber-uns\/linien\/c13-chemnitz-burgstaedt\/#breadcrumb","itemListElement":[{"@type":"ListItem","position":1,"name":"Startseite","item":"https:\/\/www.city-bahn.de\/"},{"@type":"ListItem","position":2,"name":"\u00dcber uns","item":"https:\/\/www.city-bahn.de\/ueber-uns\/"},{"@type":"ListItem","position":3,"name":"Linien","item":"https:\/\/www.city-bahn.de\/ueber-uns\/linien\/"},{"@type":"ListItem","position":4,"name":"C13 Burgst\u00e4dt &#8211; Chemnitz &#8211; Aue"}]},{"@type":"WebSite","@id":"https:\/\/www.city-bahn.de\/#website","url":"https:\/\/www.city-bahn.de\/","name":"Chemnitz City Railway","description":"We connect the region","publisher":{"@id":"https:\/\/www.city-bahn.de\/#organization"},"alternateName":"City-Bahn Chemnitz GmbH","potentialAction":[{"@type":"SearchAction","target":{"@type":"EntryPoint","urlTemplate":"https:\/\/www.city-bahn.de\/?s={search_term_string}"},"query-input":{"@type":"PropertyValueSpecification","valueRequired":true,"valueName":"search_term_string"}}],"inLanguage":"en-GB"},{"@type":"Organization","@id":"https:\/\/www.city-bahn.de\/#organization","name":"City-Bahn Chemnitz GmbH","url":"https:\/\/www.city-bahn.de\/","logo":{"@type":"ImageObject","inLanguage":"en-GB","@id":"https:\/\/www.city-bahn.de\/#\/schema\/logo\/image\/","url":"https:\/\/www.city-bahn.de\/wp-content\/uploads\/2022\/01\/LogoCBC.svg","contentUrl":"https:\/\/www.city-bahn.de\/wp-content\/uploads\/2022\/01\/LogoCBC.svg","width":1385,"height":658,"caption":"City-Bahn Chemnitz GmbH"},"image":{"@id":"https:\/\/www.city-bahn.de\/#\/schema\/logo\/image\/"},"sameAs":["https:\/\/www.facebook.com\/city.bahn.chemnitz","https:\/\/x.com\/citybahn"]}]}},"publishpress_future_workflow_manual_trigger":{"enabledWorkflows":[]},"_links":{"self":[{"href":"https:\/\/www.city-bahn.de\/en\/wp-json\/wp\/v2\/pages\/2367","targetHints":{"allow":["GET"]}}],"collection":[{"href":"https:\/\/www.city-bahn.de\/en\/wp-json\/wp\/v2\/pages"}],"about":[{"href":"https:\/\/www.city-bahn.de\/en\/wp-json\/wp\/v2\/types\/page"}],"author":[{"embeddable":true,"href":"https:\/\/www.city-bahn.de\/en\/wp-json\/wp\/v2\/users\/2"}],"replies":[{"embeddable":true,"href":"https:\/\/www.city-bahn.de\/en\/wp-json\/wp\/v2\/comments?post=2367"}],"version-history":[{"count":9,"href":"https:\/\/www.city-bahn.de\/en\/wp-json\/wp\/v2\/pages\/2367\/revisions"}],"predecessor-version":[{"id":5446,"href":"https:\/\/www.city-bahn.de\/en\/wp-json\/wp\/v2\/pages\/2367\/revisions\/5446"}],"up":[{"embeddable":true,"href":"https:\/\/www.city-bahn.de\/en\/wp-json\/wp\/v2\/pages\/2249"}],"wp:featuredmedia":[{"embeddable":true,"href":"https:\/\/www.city-bahn.de\/en\/wp-json\/wp\/v2\/media\/2946"}],"wp:attachment":[{"href":"https:\/\/www.city-bahn.de\/en\/wp-json\/wp\/v2\/media?parent=2367"}],"curies":[{"name":"wp","href":"https:\/\/api.w.org\/{rel}","templated":true}]}}