{"id":1978,"date":"2022-08-02T12:20:35","date_gmt":"2022-08-02T12:20:35","guid":{"rendered":"https:\/\/www.city-bahn.de\/?page_id=1978"},"modified":"2024-08-29T17:50:51","modified_gmt":"2024-08-29T15:50:51","slug":"datenschutz","status":"publish","type":"page","link":"https:\/\/www.city-bahn.de\/en\/datenschutz\/","title":{"rendered":"Data protection"},"content":{"rendered":"<div data-elementor-type=\"wp-page\" data-elementor-id=\"1978\" class=\"elementor elementor-1978\" data-elementor-post-type=\"page\">\n\t\t\t\t\t\t<section class=\"elementor-section elementor-top-section elementor-element elementor-element-c1aa226 elementor-section-full_width elementor-section-height-default elementor-section-height-default\" data-id=\"c1aa226\" data-element_type=\"section\">\n\t\t\t\t\t\t<div class=\"elementor-container elementor-column-gap-no\">\n\t\t\t\t\t<div class=\"elementor-column elementor-col-100 elementor-top-column elementor-element elementor-element-fdf9a4c\" data-id=\"fdf9a4c\" data-element_type=\"column\">\n\t\t\t<div class=\"elementor-widget-wrap elementor-element-populated\">\n\t\t\t\t\t\t<div class=\"elementor-element elementor-element-7228169 elementor-widget elementor-widget-template\" data-id=\"7228169\" data-element_type=\"widget\" data-widget_type=\"template.default\">\n\t\t\t\t<div class=\"elementor-widget-container\">\n\t\t\t\t\t\t\t<div class=\"elementor-template\">\n\t\t\t\t\t<div data-elementor-type=\"section\" data-elementor-id=\"1369\" class=\"elementor elementor-1369\" data-elementor-post-type=\"elementor_library\">\n\t\t\t<div class=\"elementor-element elementor-element-1274cd1 e-con-full e-flex e-con e-parent\" data-id=\"1274cd1\" data-element_type=\"container\" data-settings=\"{&quot;background_background&quot;:&quot;classic&quot;}\">\n\t\t<div class=\"elementor-element elementor-element-3a760d5 e-con-full e-flex e-con e-child\" data-id=\"3a760d5\" data-element_type=\"container\" data-settings=\"{&quot;background_background&quot;:&quot;classic&quot;}\">\n\t\t\t\t<div class=\"elementor-element elementor-element-5a475b5 elementor-widget__width-auto cb-outline-shadow elementor-widget elementor-widget-heading\" data-id=\"5a475b5\" data-element_type=\"widget\" data-widget_type=\"heading.default\">\n\t\t\t\t<div class=\"elementor-widget-container\">\n\t\t\t\t\t<h2 class=\"elementor-heading-title elementor-size-default\"><\/h2>\t\t\t\t<\/div>\n\t\t\t\t<\/div>\n\t\t\t\t<div class=\"elementor-element elementor-element-fd26813 cb-outline-shadow elementor-widget elementor-widget-html\" data-id=\"fd26813\" data-element_type=\"widget\" data-widget_type=\"html.default\">\n\t\t\t\t<div class=\"elementor-widget-container\">\n\t\t\t\t\t<h1 class=\"cb_title_big cb_title_style\">Data protection<\/h1>\t\t\t\t<\/div>\n\t\t\t\t<\/div>\n\t\t\t\t<\/div>\n\t\t\t\t<\/div>\n\t\t\t\t<\/div>\n\t\t\t\t<\/div>\n\t\t\t\t\t\t<\/div>\n\t\t\t\t<\/div>\n\t\t\t\t\t<\/div>\n\t\t<\/div>\n\t\t\t\t\t<\/div>\n\t\t<\/section>\n\t\t\t\t<section class=\"elementor-section elementor-top-section elementor-element elementor-element-72ccae29 elementor-section-boxed elementor-section-height-default elementor-section-height-default\" data-id=\"72ccae29\" data-element_type=\"section\">\n\t\t\t\t\t\t<div class=\"elementor-container elementor-column-gap-default\">\n\t\t\t\t\t<div class=\"elementor-column elementor-col-100 elementor-top-column elementor-element elementor-element-30cf7020\" data-id=\"30cf7020\" data-element_type=\"column\">\n\t\t\t<div class=\"elementor-widget-wrap elementor-element-populated\">\n\t\t\t\t\t\t<div class=\"elementor-element elementor-element-6eb241cc elementor-widget elementor-widget-text-editor\" data-id=\"6eb241cc\" data-element_type=\"widget\" data-widget_type=\"text-editor.default\">\n\t\t\t\t<div class=\"elementor-widget-container\">\n\t\t\t\t\t\t\t\t\t<p><\/p>\n<p>With the following data protection information, we explain the <strong>City-Bahn Chemnitz GmbH<\/strong>Bahnhofstra\u00dfe 10 in 09111 Chemnitz, represented by the management, as the controller within the meaning of the General Data Protection Regulation (GDPR), which personal data we process when you visit our website and use our online services. We would like to point out that, by default, all data transmissions in connection with our website take place via an encrypted connection.<\/p>\n<p><\/p>\n<p>We reserve the right to adapt our data protection information from time to time so that it always complies with the current legal requirements or to reflect changes in our services. We therefore recommend that you read the data protection information regularly to keep up to date with the protection of the personal data we process.<\/p>\n<p><\/p>\n<h3>Logging and creation of log files<\/h3>\n<p>When accessing <a href=\"http:\/\/www.city-bahn.de\/en\/\">www.city-bahn.de<\/a> a number of technical data are logged. This general data and information is stored in the server's log files. Your IP address, your browser ID and domain, the name of the retrieved file, the date and time of the retrieval, the amount of data transferred and the successful retrieval are recorded in a log file. The processing of personal data is carried out for the provision of the website as well as for troubleshooting and clarification of acts of abuse or fraud on the basis of a legitimate interest in accordance with Art. 6 para. 1 p. 1 lit. f DS-GVO. The deletion of the log files takes place after seven days.<\/p>\n<p><\/p>\t\t\t\t\t\t\t\t<\/div>\n\t\t\t\t<\/div>\n\t\t\t\t<div class=\"elementor-element elementor-element-9f27ec9 elementor-widget elementor-widget-text-editor\" data-id=\"9f27ec9\" data-element_type=\"widget\" data-widget_type=\"text-editor.default\">\n\t\t\t\t<div class=\"elementor-widget-container\">\n\t\t\t\t\t\t\t\t\t<h3>Use of cookies<\/h3>\n<p>We use cookies on our website. Cookies enable us to optimise the information and offers on our website in the interests of the user. Cookies enable us to recognise the users of our website. The purpose of this recognition is to make it easier for users to use our website.<\/p>\n<h4>Matomo<\/h4>\n<p>This website uses Matomo, an open source, self-hosted software to collect anonymous usage data for this website.<\/p>\n<p>The data on visitor behaviour is collected to find out any problems such as pages not found, search engine problems or unpopular pages. Once the data (number of visitors who see error pages or only one page, etc.) is processed, Matomo generates reports for website operators to react to. (layout changes, new content, etc.)<\/p>\n<p>Matomo processes the following data:<\/p>\n<ul>\n<li>Cookies<\/li>\n<li>Anonymised IP addresses by removing the last 2 bytes (i.e. 198.51.0.0 instead of 198.51.100.54)<\/li>\n<li>Pseudonymised location (based on the anonymised IP address)<\/li>\n<li>Date and time<\/li>\n<li>Title of the page accessed<\/li>\n<li>URL of the accessed page<\/li>\n<li>URL of the previous page (if this is allowed)<\/li>\n<li>Screen resolution<\/li>\n<li>Local time<\/li>\n<li>Files that have been clicked and downloaded<\/li>\n<li>External links<\/li>\n<li>Duration of the page layout<\/li>\n<li>Country, region, city (with low accuracy due to IP address)<\/li>\n<li>Main language of the browser<\/li>\n<li>User agent of the browser<\/li>\n<\/ul>\n<div>\u00a0<\/div>\n<p>Furthermore, only technically necessary cookies are used on the basis of the legitimate interest according to Art. 6 (1) lit. f DS-GVO. The legitimate interest of City-Bahn Chemnitz GmbH in this case is to ensure user-friendliness (e.g. display \/ text size), to ensure that the website is provided in accordance with data protection requirements (e.g. storage of the selection made with regard to the cookie banner) and to ensure unrestricted technical functionality of the website, in particular the login area (e.g. user guidance \/ language identification). The storage period of these cookies is a maximum of one month. Further information on this is also available in the context of our cookie banner.<\/p>\n<p><!-- \/wp:paragraph --><\/p>\t\t\t\t\t\t\t\t<\/div>\n\t\t\t\t<\/div>\n\t\t\t\t<div class=\"elementor-element elementor-element-4c0fd2d elementor-widget elementor-widget-text-editor\" data-id=\"4c0fd2d\" data-element_type=\"widget\" data-widget_type=\"text-editor.default\">\n\t\t\t\t<div class=\"elementor-widget-container\">\n\t\t\t\t\t\t\t\t\t<p><!-- wp:paragraph --><\/p>\n<h3>Use of service providers for the provision of the website<\/h3>\n<p>In order to provide the website, we use service providers who process personal data on behalf of City-Bahn Chemnitz GmbH or through whom access to personal data cannot be excluded. We have concluded commissioned processing contracts with all of these service providers in accordance with Art. 28 of the German Data Protection Regulation (DS-GVO). In addition to the service providers already mentioned, these are make IT GmbH (e-mails) and theCASE GmbH &amp; Co. KG (hosting\/support).<\/p>\n<p><!-- \/wp:paragraph --><\/p>\t\t\t\t\t\t\t\t<\/div>\n\t\t\t\t<\/div>\n\t\t\t\t<div class=\"elementor-element elementor-element-9cf0fb3 elementor-widget elementor-widget-text-editor\" data-id=\"9cf0fb3\" data-element_type=\"widget\" data-widget_type=\"text-editor.default\">\n\t\t\t\t<div class=\"elementor-widget-container\">\n\t\t\t\t\t\t\t\t\t<p><!-- wp:paragraph --><\/p>\n<h3>Data subject rights and contact with the data protection officer<\/h3>\n<p>Data subjects may at any time request information about the personal data concerning them and, if necessary, request rectification or deletion or restriction of processing, or object to processing. There is also a right to data portability in their favour. Furthermore, if the data processing is carried out on the basis of consent, this can be revoked at any time for the future. To exercise your rights, you can contact our data protection officer, the Dresden Institute for Data Protection, at dsb[at]city-bahn.de (for further contact details, please go to <a href=\"http:\/\/www.dids.de\">www.dids.de<\/a>) are available to you. In addition, you have the right to lodge a complaint with a data protection supervisory authority in accordance with Art. 77 DS-GVO if it is suspected that the personal data is being processed unlawfully.<\/p>\n<p><!-- \/wp:paragraph --><\/p>\t\t\t\t\t\t\t\t<\/div>\n\t\t\t\t<\/div>\n\t\t\t\t\t<\/div>\n\t\t<\/div>\n\t\t\t\t\t<\/div>\n\t\t<\/section>\n\t\t<div class=\"elementor-element elementor-element-7c1140b e-flex e-con-boxed e-con e-parent\" data-id=\"7c1140b\" data-element_type=\"container\">\n\t\t\t\t\t<div class=\"e-con-inner\">\n\t\t\t\t<div class=\"elementor-element elementor-element-858be98 elementor-widget elementor-widget-text-editor\" data-id=\"858be98\" data-element_type=\"widget\" data-widget_type=\"text-editor.default\">\n\t\t\t\t<div class=\"elementor-widget-container\">\n\t\t\t\t\t\t\t\t\t<h3>Data protection information<\/h3>\n<ul>\n<li><a href=\"https:\/\/www.city-bahn.de\/wp-content\/uploads\/2024\/08\/Datenschutzinfo_Abonnement_VMS.pdf\">Subscription VMS<\/a> (PDF)<\/li>\n<li><a href=\"https:\/\/www.city-bahn.de\/wp-content\/uploads\/2024\/08\/Datenschutzinfo_Kundenkarte_VMS.pdf\">VMS customer card<\/a>\u00a0(PDF)<\/li>\n<li><a href=\"https:\/\/www.city-bahn.de\/wp-content\/uploads\/2024\/08\/FB_013_2024_Datenschutzinfo_Videoueberwachung.pdf\">Video surveillance<\/a>\u00a0(PDF)<\/li>\n<li><a href=\"https:\/\/www.city-bahn.de\/wp-content\/uploads\/2024\/08\/FB_014_2024_Datenschutzinfo_Kundenanliegen.pdf\">Customer concerns<\/a>\u00a0(PDF)<\/li>\n<li><a href=\"https:\/\/www.city-bahn.de\/wp-content\/uploads\/2024\/08\/FB_015_2024_Datenschutzinfo_Fundsachen.pdf\">Lost property<\/a>\u00a0(PDF)<\/li>\n<li><a href=\"https:\/\/www.city-bahn.de\/wp-content\/uploads\/2024\/08\/FB_016_2024_Datenschutzinfo_EBE.pdf\">Increased transport charge (EBE)<\/a>\u00a0(PDF)<\/li>\n<li><a href=\"https:\/\/www.city-bahn.de\/wp-content\/uploads\/2024\/08\/FB_017_Datenschutzinfo_Bewerbungsverfahren.pdf\">Application procedure<\/a>\u00a0(PDF)<\/li>\n<\/ul>\t\t\t\t\t\t\t\t<\/div>\n\t\t\t\t<\/div>\n\t\t\t\t\t<\/div>\n\t\t\t\t<\/div>\n\t\t\t\t<\/div>","protected":false},"excerpt":{"rendered":"<p>With the following data protection information, we, City-Bahn Chemnitz GmbH, Bahnhofstra\u00dfe 10 in 09111 Chemnitz, represented by the management, as the controller within the meaning of the General Data Protection Regulation (GDPR), explain which personal data we process when you visit our website and use our online services. We would like to point out that, by default, all data transfers in connection with our website are carried out via...<\/p>","protected":false},"author":1,"featured_media":0,"parent":0,"menu_order":57,"comment_status":"closed","ping_status":"closed","template":"elementor_header_footer","meta":{"_acf_changed":false,"footnotes":""},"class_list":["post-1978","page","type-page","status-publish","hentry"],"acf":[],"yoast_head":"<!-- This site is optimized with the Yoast SEO plugin v26.5 - https:\/\/yoast.com\/wordpress\/plugins\/seo\/ -->\n<title>Datenschutz &#187; City-Bahn Chemnitz<\/title>\n<meta name=\"robots\" content=\"index, follow, max-snippet:-1, max-image-preview:large, max-video-preview:-1\" \/>\n<link rel=\"canonical\" href=\"https:\/\/www.city-bahn.de\/en\/datenschutz\/\" \/>\n<meta property=\"og:locale\" content=\"en_GB\" \/>\n<meta property=\"og:type\" content=\"article\" \/>\n<meta property=\"og:title\" content=\"Datenschutz &#187; City-Bahn Chemnitz\" \/>\n<meta property=\"og:description\" content=\"Mit den folgenden Datenschutzinformationen erl\u00e4utern wir, die City-Bahn Chemnitz GmbH, Bahnhofstra\u00dfe 10 in 09111 Chemnitz, vertreten durch die Gesch\u00e4ftsf\u00fchrung, als Verantwortlicher im Sinne der Datenschutz-Grundverordnung (DS-GVO), welche personenbezogenen Daten wir verarbeiten, wenn Sie unsere Internetseite besuchen sowie unsere Online-Dienste nutzen. Wir m\u00f6chten Sie darauf hinweisen, dass standardm\u00e4\u00dfig s\u00e4mtliche Daten\u00fcbermittlungen im Zusammenhang mit unserer Internetseite \u00fcber...\" \/>\n<meta property=\"og:url\" content=\"https:\/\/www.city-bahn.de\/en\/datenschutz\/\" \/>\n<meta property=\"og:site_name\" content=\"City-Bahn Chemnitz\" \/>\n<meta property=\"article:publisher\" content=\"https:\/\/www.facebook.com\/city.bahn.chemnitz\" \/>\n<meta property=\"article:modified_time\" content=\"2024-08-29T15:50:51+00:00\" \/>\n<meta name=\"twitter:card\" content=\"summary_large_image\" \/>\n<meta name=\"twitter:site\" content=\"@citybahn\" \/>\n<meta name=\"twitter:label1\" content=\"Estimated reading time\" \/>\n\t<meta name=\"twitter:data1\" content=\"4 minutes\" \/>\n<script type=\"application\/ld+json\" class=\"yoast-schema-graph\">{\"@context\":\"https:\/\/schema.org\",\"@graph\":[{\"@type\":\"WebPage\",\"@id\":\"https:\/\/www.city-bahn.de\/datenschutz\/\",\"url\":\"https:\/\/www.city-bahn.de\/datenschutz\/\",\"name\":\"Datenschutz &#187; City-Bahn Chemnitz\",\"isPartOf\":{\"@id\":\"https:\/\/www.city-bahn.de\/#website\"},\"datePublished\":\"2022-08-02T12:20:35+00:00\",\"dateModified\":\"2024-08-29T15:50:51+00:00\",\"breadcrumb\":{\"@id\":\"https:\/\/www.city-bahn.de\/datenschutz\/#breadcrumb\"},\"inLanguage\":\"en-GB\",\"potentialAction\":[{\"@type\":\"ReadAction\",\"target\":[\"https:\/\/www.city-bahn.de\/datenschutz\/\"]}]},{\"@type\":\"BreadcrumbList\",\"@id\":\"https:\/\/www.city-bahn.de\/datenschutz\/#breadcrumb\",\"itemListElement\":[{\"@type\":\"ListItem\",\"position\":1,\"name\":\"Startseite\",\"item\":\"https:\/\/www.city-bahn.de\/\"},{\"@type\":\"ListItem\",\"position\":2,\"name\":\"Datenschutz\"}]},{\"@type\":\"WebSite\",\"@id\":\"https:\/\/www.city-bahn.de\/#website\",\"url\":\"https:\/\/www.city-bahn.de\/\",\"name\":\"City-Bahn Chemnitz\",\"description\":\"Wir verbinden die Region\",\"publisher\":{\"@id\":\"https:\/\/www.city-bahn.de\/#organization\"},\"alternateName\":\"City-Bahn Chemnitz GmbH\",\"potentialAction\":[{\"@type\":\"SearchAction\",\"target\":{\"@type\":\"EntryPoint\",\"urlTemplate\":\"https:\/\/www.city-bahn.de\/?s={search_term_string}\"},\"query-input\":{\"@type\":\"PropertyValueSpecification\",\"valueRequired\":true,\"valueName\":\"search_term_string\"}}],\"inLanguage\":\"en-GB\"},{\"@type\":\"Organization\",\"@id\":\"https:\/\/www.city-bahn.de\/#organization\",\"name\":\"City-Bahn Chemnitz GmbH\",\"url\":\"https:\/\/www.city-bahn.de\/\",\"logo\":{\"@type\":\"ImageObject\",\"inLanguage\":\"en-GB\",\"@id\":\"https:\/\/www.city-bahn.de\/#\/schema\/logo\/image\/\",\"url\":\"https:\/\/www.city-bahn.de\/wp-content\/uploads\/2022\/01\/LogoCBC.svg\",\"contentUrl\":\"https:\/\/www.city-bahn.de\/wp-content\/uploads\/2022\/01\/LogoCBC.svg\",\"width\":1385,\"height\":658,\"caption\":\"City-Bahn Chemnitz GmbH\"},\"image\":{\"@id\":\"https:\/\/www.city-bahn.de\/#\/schema\/logo\/image\/\"},\"sameAs\":[\"https:\/\/www.facebook.com\/city.bahn.chemnitz\",\"https:\/\/x.com\/citybahn\"]}]}<\/script>\n<!-- \/ Yoast SEO plugin. -->","yoast_head_json":{"title":"Data protection \" City-Bahn Chemnitz","robots":{"index":"index","follow":"follow","max-snippet":"max-snippet:-1","max-image-preview":"max-image-preview:large","max-video-preview":"max-video-preview:-1"},"canonical":"https:\/\/www.city-bahn.de\/en\/datenschutz\/","og_locale":"en_GB","og_type":"article","og_title":"Datenschutz &#187; City-Bahn Chemnitz","og_description":"Mit den folgenden Datenschutzinformationen erl\u00e4utern wir, die City-Bahn Chemnitz GmbH, Bahnhofstra\u00dfe 10 in 09111 Chemnitz, vertreten durch die Gesch\u00e4ftsf\u00fchrung, als Verantwortlicher im Sinne der Datenschutz-Grundverordnung (DS-GVO), welche personenbezogenen Daten wir verarbeiten, wenn Sie unsere Internetseite besuchen sowie unsere Online-Dienste nutzen. Wir m\u00f6chten Sie darauf hinweisen, dass standardm\u00e4\u00dfig s\u00e4mtliche Daten\u00fcbermittlungen im Zusammenhang mit unserer Internetseite \u00fcber...","og_url":"https:\/\/www.city-bahn.de\/en\/datenschutz\/","og_site_name":"City-Bahn Chemnitz","article_publisher":"https:\/\/www.facebook.com\/city.bahn.chemnitz","article_modified_time":"2024-08-29T15:50:51+00:00","twitter_card":"summary_large_image","twitter_site":"@citybahn","twitter_misc":{"Estimated reading time":"4 minutes"},"schema":{"@context":"https:\/\/schema.org","@graph":[{"@type":"WebPage","@id":"https:\/\/www.city-bahn.de\/datenschutz\/","url":"https:\/\/www.city-bahn.de\/datenschutz\/","name":"Data protection \" City-Bahn Chemnitz","isPartOf":{"@id":"https:\/\/www.city-bahn.de\/#website"},"datePublished":"2022-08-02T12:20:35+00:00","dateModified":"2024-08-29T15:50:51+00:00","breadcrumb":{"@id":"https:\/\/www.city-bahn.de\/datenschutz\/#breadcrumb"},"inLanguage":"en-GB","potentialAction":[{"@type":"ReadAction","target":["https:\/\/www.city-bahn.de\/datenschutz\/"]}]},{"@type":"BreadcrumbList","@id":"https:\/\/www.city-bahn.de\/datenschutz\/#breadcrumb","itemListElement":[{"@type":"ListItem","position":1,"name":"Startseite","item":"https:\/\/www.city-bahn.de\/"},{"@type":"ListItem","position":2,"name":"Datenschutz"}]},{"@type":"WebSite","@id":"https:\/\/www.city-bahn.de\/#website","url":"https:\/\/www.city-bahn.de\/","name":"Chemnitz City Railway","description":"We connect the region","publisher":{"@id":"https:\/\/www.city-bahn.de\/#organization"},"alternateName":"City-Bahn Chemnitz GmbH","potentialAction":[{"@type":"SearchAction","target":{"@type":"EntryPoint","urlTemplate":"https:\/\/www.city-bahn.de\/?s={search_term_string}"},"query-input":{"@type":"PropertyValueSpecification","valueRequired":true,"valueName":"search_term_string"}}],"inLanguage":"en-GB"},{"@type":"Organization","@id":"https:\/\/www.city-bahn.de\/#organization","name":"City-Bahn Chemnitz GmbH","url":"https:\/\/www.city-bahn.de\/","logo":{"@type":"ImageObject","inLanguage":"en-GB","@id":"https:\/\/www.city-bahn.de\/#\/schema\/logo\/image\/","url":"https:\/\/www.city-bahn.de\/wp-content\/uploads\/2022\/01\/LogoCBC.svg","contentUrl":"https:\/\/www.city-bahn.de\/wp-content\/uploads\/2022\/01\/LogoCBC.svg","width":1385,"height":658,"caption":"City-Bahn Chemnitz GmbH"},"image":{"@id":"https:\/\/www.city-bahn.de\/#\/schema\/logo\/image\/"},"sameAs":["https:\/\/www.facebook.com\/city.bahn.chemnitz","https:\/\/x.com\/citybahn"]}]}},"publishpress_future_workflow_manual_trigger":{"enabledWorkflows":[]},"_links":{"self":[{"href":"https:\/\/www.city-bahn.de\/en\/wp-json\/wp\/v2\/pages\/1978","targetHints":{"allow":["GET"]}}],"collection":[{"href":"https:\/\/www.city-bahn.de\/en\/wp-json\/wp\/v2\/pages"}],"about":[{"href":"https:\/\/www.city-bahn.de\/en\/wp-json\/wp\/v2\/types\/page"}],"author":[{"embeddable":true,"href":"https:\/\/www.city-bahn.de\/en\/wp-json\/wp\/v2\/users\/1"}],"replies":[{"embeddable":true,"href":"https:\/\/www.city-bahn.de\/en\/wp-json\/wp\/v2\/comments?post=1978"}],"version-history":[{"count":19,"href":"https:\/\/www.city-bahn.de\/en\/wp-json\/wp\/v2\/pages\/1978\/revisions"}],"predecessor-version":[{"id":6153,"href":"https:\/\/www.city-bahn.de\/en\/wp-json\/wp\/v2\/pages\/1978\/revisions\/6153"}],"wp:attachment":[{"href":"https:\/\/www.city-bahn.de\/en\/wp-json\/wp\/v2\/media?parent=1978"}],"curies":[{"name":"wp","href":"https:\/\/api.w.org\/{rel}","templated":true}]}}