{"id":1787,"date":"2022-07-13T07:54:39","date_gmt":"2022-07-13T07:54:39","guid":{"rendered":"https:\/\/www.city-bahn.de\/?page_id=1787"},"modified":"2025-12-03T10:39:32","modified_gmt":"2025-12-03T09:39:32","slug":"karriere","status":"publish","type":"page","link":"https:\/\/www.city-bahn.de\/en\/karriere\/","title":{"rendered":"Career"},"content":{"rendered":"<div data-elementor-type=\"wp-page\" data-elementor-id=\"1787\" class=\"elementor elementor-1787\" data-elementor-post-type=\"page\">\n\t\t\t\t<div class=\"elementor-element elementor-element-f1230b9 e-con-full e-flex e-con e-parent\" data-id=\"f1230b9\" data-element_type=\"container\">\n\t\t\t\t<div class=\"elementor-element elementor-element-863cf96 elementor-widget elementor-widget-template\" data-id=\"863cf96\" data-element_type=\"widget\" data-widget_type=\"template.default\">\n\t\t\t\t<div class=\"elementor-widget-container\">\n\t\t\t\t\t\t\t<div class=\"elementor-template\">\n\t\t\t\t\t<div data-elementor-type=\"section\" data-elementor-id=\"1369\" class=\"elementor elementor-1369\" data-elementor-post-type=\"elementor_library\">\n\t\t\t<div class=\"elementor-element elementor-element-1274cd1 e-con-full e-flex e-con e-parent\" data-id=\"1274cd1\" data-element_type=\"container\" data-settings=\"{&quot;background_background&quot;:&quot;classic&quot;}\">\n\t\t<div class=\"elementor-element elementor-element-3a760d5 e-con-full e-flex e-con e-child\" data-id=\"3a760d5\" data-element_type=\"container\" data-settings=\"{&quot;background_background&quot;:&quot;classic&quot;}\">\n\t\t\t\t<div class=\"elementor-element elementor-element-5a475b5 elementor-widget__width-auto cb-outline-shadow elementor-widget elementor-widget-heading\" data-id=\"5a475b5\" data-element_type=\"widget\" data-widget_type=\"heading.default\">\n\t\t\t\t<div class=\"elementor-widget-container\">\n\t\t\t\t\t<h2 class=\"elementor-heading-title elementor-size-default\"><\/h2>\t\t\t\t<\/div>\n\t\t\t\t<\/div>\n\t\t\t\t<div class=\"elementor-element elementor-element-fd26813 cb-outline-shadow elementor-widget elementor-widget-html\" data-id=\"fd26813\" data-element_type=\"widget\" data-widget_type=\"html.default\">\n\t\t\t\t<div class=\"elementor-widget-container\">\n\t\t\t\t\t<h1 class=\"cb_title_big cb_title_style\">Apprenticeship for transport service clerks (d\/m\/w)<\/h1>\t\t\t\t<\/div>\n\t\t\t\t<\/div>\n\t\t\t\t<\/div>\n\t\t\t\t<\/div>\n\t\t\t\t<\/div>\n\t\t\t\t<\/div>\n\t\t\t\t\t\t<\/div>\n\t\t\t\t<\/div>\n\t\t\t\t<\/div>\n\t\t<div class=\"elementor-element elementor-element-afab2ae e-flex e-con-boxed e-con e-parent\" data-id=\"afab2ae\" data-element_type=\"container\">\n\t\t\t\t\t<div class=\"e-con-inner\">\n\t\t<div class=\"elementor-element elementor-element-437aa1d e-con-full e-flex e-con e-child\" data-id=\"437aa1d\" data-element_type=\"container\">\n\t\t\t\t<div class=\"elementor-element elementor-element-99e30b5 elementor-widget elementor-widget-text-editor\" data-id=\"99e30b5\" data-element_type=\"widget\" data-widget_type=\"text-editor.default\">\n\t\t\t\t<div class=\"elementor-widget-container\">\n\t\t\t\t\t\t\t\t\t<p>You can find our current vacancies here:<\/p>\t\t\t\t\t\t\t\t<\/div>\n\t\t\t\t<\/div>\n\t\t\t\t<div class=\"elementor-element elementor-element-316ab18 elementor-widget elementor-widget-spacer\" data-id=\"316ab18\" data-element_type=\"widget\" data-widget_type=\"spacer.default\">\n\t\t\t\t<div class=\"elementor-widget-container\">\n\t\t\t\t\t\t\t<div class=\"elementor-spacer\">\n\t\t\t<div class=\"elementor-spacer-inner\"><\/div>\n\t\t<\/div>\n\t\t\t\t\t\t<\/div>\n\t\t\t\t<\/div>\n\t\t\t\t<div class=\"elementor-element elementor-element-def69a6 elementor-grid-tablet-3 elementor-grid-3 elementor-grid-mobile-1 elementor-widget elementor-widget-loop-grid\" data-id=\"def69a6\" data-element_type=\"widget\" data-settings=\"{&quot;template_id&quot;:2198,&quot;columns_tablet&quot;:3,&quot;row_gap_tablet&quot;:{&quot;unit&quot;:&quot;px&quot;,&quot;size&quot;:15,&quot;sizes&quot;:[]},&quot;pagination_type&quot;:&quot;numbers_and_prev_next&quot;,&quot;_skin&quot;:&quot;post&quot;,&quot;columns&quot;:&quot;3&quot;,&quot;columns_mobile&quot;:&quot;1&quot;,&quot;edit_handle_selector&quot;:&quot;[data-elementor-type=\\&quot;loop-item\\&quot;]&quot;,&quot;pagination_load_type&quot;:&quot;page_reload&quot;,&quot;row_gap&quot;:{&quot;unit&quot;:&quot;px&quot;,&quot;size&quot;:&quot;&quot;,&quot;sizes&quot;:[]},&quot;row_gap_mobile&quot;:{&quot;unit&quot;:&quot;px&quot;,&quot;size&quot;:&quot;&quot;,&quot;sizes&quot;:[]}}\" data-widget_type=\"loop-grid.post\">\n\t\t\t\t<div class=\"elementor-widget-container\">\n\t\t\t\t\t\t\t<div class=\"elementor-loop-container elementor-grid\" role=\"list\">\n\t\t<style id=\"loop-dynamic-2198\">.e-loop-item-5975 .elementor-element.elementor-element-4fe3c3f:not(.elementor-motion-effects-element-type-background), .e-loop-item-5975 .elementor-element.elementor-element-4fe3c3f > .elementor-motion-effects-container > .elementor-motion-effects-layer{background-color:#b81916;}<\/style><style id=\"loop-2198\">.elementor-2198 .elementor-element.elementor-element-4fe3c3f{--display:flex;--flex-direction:column;--container-widget-width:calc( ( 1 - var( --container-widget-flex-grow ) ) * 100% );--container-widget-height:initial;--container-widget-flex-grow:0;--container-widget-align-self:initial;--flex-wrap-mobile:wrap;--justify-content:space-between;--align-items:stretch;--gap:5px 5px;--row-gap:5px;--column-gap:5px;--border-radius:15px 15px 15px 15px;--padding-top:5px;--padding-bottom:5px;--padding-left:5px;--padding-right:5px;}.elementor-2198 .elementor-element.elementor-element-f1cebed{--display:flex;--padding-top:0px;--padding-bottom:0px;--padding-left:0px;--padding-right:0px;}.elementor-widget-theme-post-featured-image .widget-image-caption{color:var( --e-global-color-text );font-family:var( --e-global-typography-text-font-family ), Sans-serif;font-size:var( --e-global-typography-text-font-size );font-weight:var( --e-global-typography-text-font-weight );line-height:var( --e-global-typography-text-line-height );}.elementor-2198 .elementor-element.elementor-element-5005a6f > .elementor-widget-container{border-radius:25px 25px 0px 0px;}.elementor-2198 .elementor-element.elementor-element-5005a6f img{width:100%;height:200px;object-fit:cover;object-position:center center;border-radius:15px 15px 15px 15px;}.elementor-2198 .elementor-element.elementor-element-5c78028{--display:flex;--justify-content:flex-start;--gap:0px 0px;--row-gap:0px;--column-gap:0px;--border-radius:15px 15px 15px 15px;}.elementor-2198 .elementor-element.elementor-element-5c78028:not(.elementor-motion-effects-element-type-background), .elementor-2198 .elementor-element.elementor-element-5c78028 > .elementor-motion-effects-container > .elementor-motion-effects-layer{background-color:var( --e-global-color-284a556 );}.elementor-2198 .elementor-element.elementor-element-5c78028.e-con{--flex-grow:1;--flex-shrink:0;}.elementor-widget-theme-post-title .elementor-heading-title{font-family:var( --e-global-typography-primary-font-family ), Sans-serif;font-weight:var( --e-global-typography-primary-font-weight );color:var( --e-global-color-primary );}.elementor-2198 .elementor-element.elementor-element-dae969a{width:auto;max-width:auto;text-align:center;}.elementor-2198 .elementor-element.elementor-element-dae969a .elementor-heading-title{font-family:\"Roboto\", Sans-serif;font-size:1.2em;font-weight:600;color:var( --e-global-color-secondary );}.elementor-widget-theme-post-excerpt .elementor-widget-container{font-family:var( --e-global-typography-text-font-family ), Sans-serif;font-size:var( --e-global-typography-text-font-size );font-weight:var( --e-global-typography-text-font-weight );line-height:var( --e-global-typography-text-line-height );color:var( --e-global-color-text );}.elementor-2198 .elementor-element.elementor-element-7aeb33f .elementor-widget-container{text-align:center;}@media(max-width:1024px){.elementor-widget-theme-post-featured-image .widget-image-caption{font-size:var( --e-global-typography-text-font-size );line-height:var( --e-global-typography-text-line-height );}.elementor-2198 .elementor-element.elementor-element-5005a6f img{height:150px;}.elementor-widget-theme-post-excerpt .elementor-widget-container{font-size:var( --e-global-typography-text-font-size );line-height:var( --e-global-typography-text-line-height );}}@media(max-width:767px){.elementor-2198 .elementor-element.elementor-element-4fe3c3f{--flex-direction:row;--container-widget-width:calc( ( 1 - var( --container-widget-flex-grow ) ) * 100% );--container-widget-height:100%;--container-widget-flex-grow:1;--container-widget-align-self:stretch;--flex-wrap-mobile:wrap;--align-items:stretch;--flex-wrap:nowrap;}.elementor-2198 .elementor-element.elementor-element-f1cebed{--width:25%;}.elementor-widget-theme-post-featured-image .widget-image-caption{font-size:var( --e-global-typography-text-font-size );line-height:var( --e-global-typography-text-line-height );}.elementor-2198 .elementor-element.elementor-element-5005a6f.elementor-element{--flex-grow:1;--flex-shrink:0;}.elementor-2198 .elementor-element.elementor-element-5005a6f img{width:100%;max-width:100%;height:100%;}.elementor-2198 .elementor-element.elementor-element-5c78028{--width:75%;--align-items:flex-start;--container-widget-width:calc( ( 1 - var( --container-widget-flex-grow ) ) * 100% );}.elementor-2198 .elementor-element.elementor-element-dae969a{text-align:left;}.elementor-2198 .elementor-element.elementor-element-dae969a .elementor-heading-title{font-size:1em;}.elementor-widget-theme-post-excerpt .elementor-widget-container{font-size:var( --e-global-typography-text-font-size );line-height:var( --e-global-typography-text-line-height );}.elementor-2198 .elementor-element.elementor-element-7aeb33f .elementor-widget-container{text-align:left;}}<\/style>\t\t<div data-elementor-type=\"loop-item\" data-elementor-id=\"2198\" class=\"elementor elementor-2198 e-loop-item e-loop-item-5975 post-5975 stellenangebote type-stellenangebote status-publish has-post-thumbnail hentry\" data-elementor-post-type=\"elementor_library\" data-custom-edit-handle=\"1\">\n\t\t\t<a class=\"elementor-element elementor-element-4fe3c3f cb-deco cb-bd cb-bd--shift-tl e-flex e-con-boxed e-con e-parent\" data-id=\"4fe3c3f\" data-element_type=\"container\" data-settings=\"{&quot;background_background&quot;:&quot;classic&quot;}\" href=\"https:\/\/www.city-bahn.de\/en\/stellenangebote\/ausbildung-eisenbahnerin-im-betriebsdienst\/\">\n\t\t\t\t\t<div class=\"e-con-inner\">\n\t\t<div class=\"elementor-element elementor-element-f1cebed e-con-full e-flex e-con e-child\" data-id=\"f1cebed\" data-element_type=\"container\">\n\t\t\t\t<div class=\"elementor-element elementor-element-5005a6f elementor-widget elementor-widget-theme-post-featured-image elementor-widget-image\" data-id=\"5005a6f\" data-element_type=\"widget\" data-widget_type=\"theme-post-featured-image.default\">\n\t\t\t\t<div class=\"elementor-widget-container\">\n\t\t\t\t\t\t\t\t\t\t\t\t\t\t\t<img fetchpriority=\"high\" decoding=\"async\" width=\"768\" height=\"512\" src=\"https:\/\/www.city-bahn.de\/wp-content\/uploads\/2023\/05\/Azubi_Web_2023-768x512.jpg\" class=\"attachment-medium_large size-medium_large wp-image-4162\" alt=\"Collage: Im Mittelpunkt eine l\u00e4chelnde junge Frau mit Rucksack \u00fcber der linken Schulter und Schreibbl\u00f6cken in der Hand, im Hintergrund zwei verschwommene Citylinks\" srcset=\"https:\/\/www.city-bahn.de\/wp-content\/uploads\/2023\/05\/Azubi_Web_2023-768x512.jpg 768w, https:\/\/www.city-bahn.de\/wp-content\/uploads\/2023\/05\/Azubi_Web_2023-300x200.jpg 300w, https:\/\/www.city-bahn.de\/wp-content\/uploads\/2023\/05\/Azubi_Web_2023-1024x683.jpg 1024w, https:\/\/www.city-bahn.de\/wp-content\/uploads\/2023\/05\/Azubi_Web_2023-1536x1024.jpg 1536w, https:\/\/www.city-bahn.de\/wp-content\/uploads\/2023\/05\/Azubi_Web_2023-18x12.jpg 18w, https:\/\/www.city-bahn.de\/wp-content\/uploads\/2023\/05\/Azubi_Web_2023.jpg 1800w\" sizes=\"(max-width: 768px) 100vw, 768px\" \/>\t\t\t\t\t\t\t\t\t\t\t\t\t\t\t<\/div>\n\t\t\t\t<\/div>\n\t\t\t\t<\/div>\n\t\t<div class=\"elementor-element elementor-element-5c78028 e-con-full e-flex e-con e-child\" data-id=\"5c78028\" data-element_type=\"container\" data-settings=\"{&quot;background_background&quot;:&quot;classic&quot;}\">\n\t\t\t\t<div class=\"elementor-element elementor-element-dae969a elementor-widget__width-auto elementor-widget elementor-widget-theme-post-title elementor-page-title elementor-widget-heading\" data-id=\"dae969a\" data-element_type=\"widget\" data-widget_type=\"theme-post-title.default\">\n\t\t\t\t<div class=\"elementor-widget-container\">\n\t\t\t\t\t<h1 class=\"elementor-heading-title elementor-size-default\">Apprenticeship as a railway employee (d\/m\/w)<\/h1>\t\t\t\t<\/div>\n\t\t\t\t<\/div>\n\t\t\t\t<div class=\"elementor-element elementor-element-7aeb33f elementor-hidden-mobile elementor-widget elementor-widget-theme-post-excerpt\" data-id=\"7aeb33f\" data-element_type=\"widget\" data-widget_type=\"theme-post-excerpt.default\">\n\t\t\t\t<div class=\"elementor-widget-container\">\n\t\t\t\t\tStart your professional future in August 2027!.\t\t\t\t<\/div>\n\t\t\t\t<\/div>\n\t\t\t\t<\/div>\n\t\t\t\t\t<\/div>\n\t\t\t\t<\/a>\n\t\t\t\t<\/div>\n\t\t<style id=\"loop-dynamic-2198\">.e-loop-item-6087 .elementor-element.elementor-element-4fe3c3f:not(.elementor-motion-effects-element-type-background), .e-loop-item-6087 .elementor-element.elementor-element-4fe3c3f > .elementor-motion-effects-container > .elementor-motion-effects-layer{background-color:#B81916;}<\/style>\t\t<div data-elementor-type=\"loop-item\" data-elementor-id=\"2198\" class=\"elementor elementor-2198 e-loop-item e-loop-item-6087 post-6087 stellenangebote type-stellenangebote status-publish has-post-thumbnail hentry\" data-elementor-post-type=\"elementor_library\" data-custom-edit-handle=\"1\">\n\t\t\t<a class=\"elementor-element elementor-element-4fe3c3f cb-deco cb-bd cb-bd--shift-tl e-flex e-con-boxed e-con e-parent\" data-id=\"4fe3c3f\" data-element_type=\"container\" data-settings=\"{&quot;background_background&quot;:&quot;classic&quot;}\" href=\"https:\/\/www.city-bahn.de\/en\/stellenangebote\/ausbildung-kaufleute-fuer-verkehrsservice-d-m-w\/\">\n\t\t\t\t\t<div class=\"e-con-inner\">\n\t\t<div class=\"elementor-element elementor-element-f1cebed e-con-full e-flex e-con e-child\" data-id=\"f1cebed\" data-element_type=\"container\">\n\t\t\t\t<div class=\"elementor-element elementor-element-5005a6f elementor-widget elementor-widget-theme-post-featured-image elementor-widget-image\" data-id=\"5005a6f\" data-element_type=\"widget\" data-widget_type=\"theme-post-featured-image.default\">\n\t\t\t\t<div class=\"elementor-widget-container\">\n\t\t\t\t\t\t\t\t\t\t\t\t\t\t\t<img decoding=\"async\" width=\"768\" height=\"578\" src=\"https:\/\/www.city-bahn.de\/wp-content\/uploads\/2024\/08\/KB-Azubi-CBC_Version-1-768x578.jpg\" class=\"attachment-medium_large size-medium_large wp-image-6090\" alt=\"In einem Citylink: Eine Kundenbetreuerin begleitet einen jungen Mann, dieser l\u00e4chelt in die Kamera, vor den beiden sitzt eine Kundin und zeigt ihr Smartphone mit dem digitalen Ticket vor\" srcset=\"https:\/\/www.city-bahn.de\/wp-content\/uploads\/2024\/08\/KB-Azubi-CBC_Version-1-768x578.jpg 768w, https:\/\/www.city-bahn.de\/wp-content\/uploads\/2024\/08\/KB-Azubi-CBC_Version-1-300x226.jpg 300w, https:\/\/www.city-bahn.de\/wp-content\/uploads\/2024\/08\/KB-Azubi-CBC_Version-1-1024x770.jpg 1024w, https:\/\/www.city-bahn.de\/wp-content\/uploads\/2024\/08\/KB-Azubi-CBC_Version-1-1536x1155.jpg 1536w, https:\/\/www.city-bahn.de\/wp-content\/uploads\/2024\/08\/KB-Azubi-CBC_Version-1-2048x1540.jpg 2048w, https:\/\/www.city-bahn.de\/wp-content\/uploads\/2024\/08\/KB-Azubi-CBC_Version-1-16x12.jpg 16w\" sizes=\"(max-width: 768px) 100vw, 768px\" \/>\t\t\t\t\t\t\t\t\t\t\t\t\t\t\t<\/div>\n\t\t\t\t<\/div>\n\t\t\t\t<\/div>\n\t\t<div class=\"elementor-element elementor-element-5c78028 e-con-full e-flex e-con e-child\" data-id=\"5c78028\" data-element_type=\"container\" data-settings=\"{&quot;background_background&quot;:&quot;classic&quot;}\">\n\t\t\t\t<div class=\"elementor-element elementor-element-dae969a elementor-widget__width-auto elementor-widget elementor-widget-theme-post-title elementor-page-title elementor-widget-heading\" data-id=\"dae969a\" data-element_type=\"widget\" data-widget_type=\"theme-post-title.default\">\n\t\t\t\t<div class=\"elementor-widget-container\">\n\t\t\t\t\t<h1 class=\"elementor-heading-title elementor-size-default\">Apprenticeship for transport service clerks (d\/m\/w)<\/h1>\t\t\t\t<\/div>\n\t\t\t\t<\/div>\n\t\t\t\t<div class=\"elementor-element elementor-element-7aeb33f elementor-hidden-mobile elementor-widget elementor-widget-theme-post-excerpt\" data-id=\"7aeb33f\" data-element_type=\"widget\" data-widget_type=\"theme-post-excerpt.default\">\n\t\t\t\t<div class=\"elementor-widget-container\">\n\t\t\t\t\tStart your professional future in August 2027!.\t\t\t\t<\/div>\n\t\t\t\t<\/div>\n\t\t\t\t<\/div>\n\t\t\t\t\t<\/div>\n\t\t\t\t<\/a>\n\t\t\t\t<\/div>\n\t\t\t\t<\/div>\n\t\t\n\t\t\t\t\t\t<\/div>\n\t\t\t\t<\/div>\n\t\t\t\t<\/div>\n\t\t\t\t\t<\/div>\n\t\t\t\t<\/div>\n\t\t<div class=\"elementor-element elementor-element-4f35634 e-flex e-con-boxed e-con e-parent\" data-id=\"4f35634\" data-element_type=\"container\" data-settings=\"{&quot;background_background&quot;:&quot;gradient&quot;}\">\n\t\t\t\t\t<div class=\"e-con-inner\">\n\t\t<div class=\"elementor-element elementor-element-da3aecd e-con-full e-flex e-con e-child\" data-id=\"da3aecd\" data-element_type=\"container\">\n\t\t\t\t<div class=\"elementor-element elementor-element-f300639 elementor-widget elementor-widget-heading\" data-id=\"f300639\" data-element_type=\"widget\" data-widget_type=\"heading.default\">\n\t\t\t\t<div class=\"elementor-widget-container\">\n\t\t\t\t\t<h2 class=\"elementor-heading-title elementor-size-default\">Not the right one?<\/h2>\t\t\t\t<\/div>\n\t\t\t\t<\/div>\n\t\t\t\t<div class=\"elementor-element elementor-element-c375f30 elementor-widget elementor-widget-text-editor\" data-id=\"c375f30\" data-element_type=\"widget\" data-widget_type=\"text-editor.default\">\n\t\t\t\t<div class=\"elementor-widget-container\">\n\t\t\t\t\t\t\t\t\t<p>In addition to the listed vacancies <strong>unsolicited applications<\/strong> as well as enquiries about <strong>internships<\/strong> welcome at any time, of course.<\/p>\t\t\t\t\t\t\t\t<\/div>\n\t\t\t\t<\/div>\n\t\t\t\t<div class=\"elementor-element elementor-element-8501af6 elementor-widget elementor-widget-heading\" data-id=\"8501af6\" data-element_type=\"widget\" data-widget_type=\"heading.default\">\n\t\t\t\t<div class=\"elementor-widget-container\">\n\t\t\t\t\t<div class=\"elementor-heading-title elementor-size-default\"><a href=\"mailto:bewerbung@city-bahn.de\">bewerbung@city-bahn.de<\/a><\/div>\t\t\t\t<\/div>\n\t\t\t\t<\/div>\n\t\t\t\t<\/div>\n\t\t\t\t\t<\/div>\n\t\t\t\t<\/div>\n\t\t\t\t<\/div>","protected":false},"excerpt":{"rendered":"<p>You can find our current vacancies here: Not the right one for you? In addition to the vacancies listed, unsolicited applications and enquiries about internships are of course always welcome. bewerbung@city-bahn.de<\/p>","protected":false},"author":1,"featured_media":0,"parent":0,"menu_order":36,"comment_status":"closed","ping_status":"closed","template":"elementor_header_footer","meta":{"_acf_changed":false,"footnotes":""},"class_list":["post-1787","page","type-page","status-publish","hentry"],"acf":[],"yoast_head":"<!-- This site is optimized with the Yoast SEO plugin v26.5 - https:\/\/yoast.com\/wordpress\/plugins\/seo\/ -->\n<title>Karriere &#187; City-Bahn Chemnitz<\/title>\n<meta name=\"robots\" content=\"index, follow, max-snippet:-1, max-image-preview:large, max-video-preview:-1\" \/>\n<link rel=\"canonical\" href=\"https:\/\/www.city-bahn.de\/en\/karriere\/\" \/>\n<meta property=\"og:locale\" content=\"en_GB\" \/>\n<meta property=\"og:type\" content=\"article\" \/>\n<meta property=\"og:title\" content=\"Karriere &#187; City-Bahn Chemnitz\" \/>\n<meta property=\"og:description\" content=\"Hier findest Du unsere aktuellen Stellenausschreibungen: Nicht das Richtige dabei? Neben den aufgef\u00fchrten Stellenangeboten sind Initiativbewerbungen sowie Anfragen zu Praktika nat\u00fcrlich jederzeit willkommen. bewerbung@city-bahn.de\" \/>\n<meta property=\"og:url\" content=\"https:\/\/www.city-bahn.de\/en\/karriere\/\" \/>\n<meta property=\"og:site_name\" content=\"City-Bahn Chemnitz\" \/>\n<meta property=\"article:publisher\" content=\"https:\/\/www.facebook.com\/city.bahn.chemnitz\" \/>\n<meta property=\"article:modified_time\" content=\"2025-12-03T09:39:32+00:00\" \/>\n<meta name=\"twitter:card\" content=\"summary_large_image\" \/>\n<meta name=\"twitter:site\" content=\"@citybahn\" \/>\n<script type=\"application\/ld+json\" class=\"yoast-schema-graph\">{\"@context\":\"https:\/\/schema.org\",\"@graph\":[{\"@type\":\"WebPage\",\"@id\":\"https:\/\/www.city-bahn.de\/karriere\/\",\"url\":\"https:\/\/www.city-bahn.de\/karriere\/\",\"name\":\"Karriere &#187; City-Bahn Chemnitz\",\"isPartOf\":{\"@id\":\"https:\/\/www.city-bahn.de\/#website\"},\"datePublished\":\"2022-07-13T07:54:39+00:00\",\"dateModified\":\"2025-12-03T09:39:32+00:00\",\"breadcrumb\":{\"@id\":\"https:\/\/www.city-bahn.de\/karriere\/#breadcrumb\"},\"inLanguage\":\"en-GB\",\"potentialAction\":[{\"@type\":\"ReadAction\",\"target\":[\"https:\/\/www.city-bahn.de\/karriere\/\"]}]},{\"@type\":\"BreadcrumbList\",\"@id\":\"https:\/\/www.city-bahn.de\/karriere\/#breadcrumb\",\"itemListElement\":[{\"@type\":\"ListItem\",\"position\":1,\"name\":\"Startseite\",\"item\":\"https:\/\/www.city-bahn.de\/\"},{\"@type\":\"ListItem\",\"position\":2,\"name\":\"Karriere\"}]},{\"@type\":\"WebSite\",\"@id\":\"https:\/\/www.city-bahn.de\/#website\",\"url\":\"https:\/\/www.city-bahn.de\/\",\"name\":\"City-Bahn Chemnitz\",\"description\":\"Wir verbinden die Region\",\"publisher\":{\"@id\":\"https:\/\/www.city-bahn.de\/#organization\"},\"alternateName\":\"City-Bahn Chemnitz GmbH\",\"potentialAction\":[{\"@type\":\"SearchAction\",\"target\":{\"@type\":\"EntryPoint\",\"urlTemplate\":\"https:\/\/www.city-bahn.de\/?s={search_term_string}\"},\"query-input\":{\"@type\":\"PropertyValueSpecification\",\"valueRequired\":true,\"valueName\":\"search_term_string\"}}],\"inLanguage\":\"en-GB\"},{\"@type\":\"Organization\",\"@id\":\"https:\/\/www.city-bahn.de\/#organization\",\"name\":\"City-Bahn Chemnitz GmbH\",\"url\":\"https:\/\/www.city-bahn.de\/\",\"logo\":{\"@type\":\"ImageObject\",\"inLanguage\":\"en-GB\",\"@id\":\"https:\/\/www.city-bahn.de\/#\/schema\/logo\/image\/\",\"url\":\"https:\/\/www.city-bahn.de\/wp-content\/uploads\/2022\/01\/LogoCBC.svg\",\"contentUrl\":\"https:\/\/www.city-bahn.de\/wp-content\/uploads\/2022\/01\/LogoCBC.svg\",\"width\":1385,\"height\":658,\"caption\":\"City-Bahn Chemnitz GmbH\"},\"image\":{\"@id\":\"https:\/\/www.city-bahn.de\/#\/schema\/logo\/image\/\"},\"sameAs\":[\"https:\/\/www.facebook.com\/city.bahn.chemnitz\",\"https:\/\/x.com\/citybahn\"]}]}<\/script>\n<!-- \/ Yoast SEO plugin. -->","yoast_head_json":{"title":"Career \" City-Bahn Chemnitz","robots":{"index":"index","follow":"follow","max-snippet":"max-snippet:-1","max-image-preview":"max-image-preview:large","max-video-preview":"max-video-preview:-1"},"canonical":"https:\/\/www.city-bahn.de\/en\/karriere\/","og_locale":"en_GB","og_type":"article","og_title":"Karriere &#187; City-Bahn Chemnitz","og_description":"Hier findest Du unsere aktuellen Stellenausschreibungen: Nicht das Richtige dabei? Neben den aufgef\u00fchrten Stellenangeboten sind Initiativbewerbungen sowie Anfragen zu Praktika nat\u00fcrlich jederzeit willkommen. bewerbung@city-bahn.de","og_url":"https:\/\/www.city-bahn.de\/en\/karriere\/","og_site_name":"City-Bahn Chemnitz","article_publisher":"https:\/\/www.facebook.com\/city.bahn.chemnitz","article_modified_time":"2025-12-03T09:39:32+00:00","twitter_card":"summary_large_image","twitter_site":"@citybahn","schema":{"@context":"https:\/\/schema.org","@graph":[{"@type":"WebPage","@id":"https:\/\/www.city-bahn.de\/karriere\/","url":"https:\/\/www.city-bahn.de\/karriere\/","name":"Career \" City-Bahn Chemnitz","isPartOf":{"@id":"https:\/\/www.city-bahn.de\/#website"},"datePublished":"2022-07-13T07:54:39+00:00","dateModified":"2025-12-03T09:39:32+00:00","breadcrumb":{"@id":"https:\/\/www.city-bahn.de\/karriere\/#breadcrumb"},"inLanguage":"en-GB","potentialAction":[{"@type":"ReadAction","target":["https:\/\/www.city-bahn.de\/karriere\/"]}]},{"@type":"BreadcrumbList","@id":"https:\/\/www.city-bahn.de\/karriere\/#breadcrumb","itemListElement":[{"@type":"ListItem","position":1,"name":"Startseite","item":"https:\/\/www.city-bahn.de\/"},{"@type":"ListItem","position":2,"name":"Karriere"}]},{"@type":"WebSite","@id":"https:\/\/www.city-bahn.de\/#website","url":"https:\/\/www.city-bahn.de\/","name":"Chemnitz City Railway","description":"We connect the region","publisher":{"@id":"https:\/\/www.city-bahn.de\/#organization"},"alternateName":"City-Bahn Chemnitz GmbH","potentialAction":[{"@type":"SearchAction","target":{"@type":"EntryPoint","urlTemplate":"https:\/\/www.city-bahn.de\/?s={search_term_string}"},"query-input":{"@type":"PropertyValueSpecification","valueRequired":true,"valueName":"search_term_string"}}],"inLanguage":"en-GB"},{"@type":"Organization","@id":"https:\/\/www.city-bahn.de\/#organization","name":"City-Bahn Chemnitz GmbH","url":"https:\/\/www.city-bahn.de\/","logo":{"@type":"ImageObject","inLanguage":"en-GB","@id":"https:\/\/www.city-bahn.de\/#\/schema\/logo\/image\/","url":"https:\/\/www.city-bahn.de\/wp-content\/uploads\/2022\/01\/LogoCBC.svg","contentUrl":"https:\/\/www.city-bahn.de\/wp-content\/uploads\/2022\/01\/LogoCBC.svg","width":1385,"height":658,"caption":"City-Bahn Chemnitz GmbH"},"image":{"@id":"https:\/\/www.city-bahn.de\/#\/schema\/logo\/image\/"},"sameAs":["https:\/\/www.facebook.com\/city.bahn.chemnitz","https:\/\/x.com\/citybahn"]}]}},"publishpress_future_workflow_manual_trigger":{"enabledWorkflows":[]},"_links":{"self":[{"href":"https:\/\/www.city-bahn.de\/en\/wp-json\/wp\/v2\/pages\/1787","targetHints":{"allow":["GET"]}}],"collection":[{"href":"https:\/\/www.city-bahn.de\/en\/wp-json\/wp\/v2\/pages"}],"about":[{"href":"https:\/\/www.city-bahn.de\/en\/wp-json\/wp\/v2\/types\/page"}],"author":[{"embeddable":true,"href":"https:\/\/www.city-bahn.de\/en\/wp-json\/wp\/v2\/users\/1"}],"replies":[{"embeddable":true,"href":"https:\/\/www.city-bahn.de\/en\/wp-json\/wp\/v2\/comments?post=1787"}],"version-history":[{"count":111,"href":"https:\/\/www.city-bahn.de\/en\/wp-json\/wp\/v2\/pages\/1787\/revisions"}],"predecessor-version":[{"id":8514,"href":"https:\/\/www.city-bahn.de\/en\/wp-json\/wp\/v2\/pages\/1787\/revisions\/8514"}],"wp:attachment":[{"href":"https:\/\/www.city-bahn.de\/en\/wp-json\/wp\/v2\/media?parent=1787"}],"curies":[{"name":"wp","href":"https:\/\/api.w.org\/{rel}","templated":true}]}}