{"id":1434,"date":"2022-05-24T13:19:19","date_gmt":"2022-05-24T13:19:19","guid":{"rendered":"https:\/\/www.city-bahn.de\/?page_id=1434"},"modified":"2026-04-04T15:56:02","modified_gmt":"2026-04-04T13:56:02","slug":"tarifbestimmungen","status":"publish","type":"page","link":"https:\/\/www.city-bahn.de\/en\/tickets-und-tarife\/tarifbestimmungen\/","title":{"rendered":"Tariff regulations"},"content":{"rendered":"<div data-elementor-type=\"wp-page\" data-elementor-id=\"1434\" class=\"elementor elementor-1434\" data-elementor-post-type=\"page\">\n\t\t\t\t\t\t<section class=\"elementor-section elementor-top-section elementor-element elementor-element-94597c6 elementor-section-full_width elementor-section-height-default elementor-section-height-default\" data-id=\"94597c6\" data-element_type=\"section\">\n\t\t\t\t\t\t<div class=\"elementor-container elementor-column-gap-no\">\n\t\t\t\t\t<div class=\"elementor-column elementor-col-100 elementor-top-column elementor-element elementor-element-9e88af3\" data-id=\"9e88af3\" data-element_type=\"column\">\n\t\t\t<div class=\"elementor-widget-wrap elementor-element-populated\">\n\t\t\t\t\t\t<div class=\"elementor-element elementor-element-382ca92 elementor-widget elementor-widget-template\" data-id=\"382ca92\" data-element_type=\"widget\" data-widget_type=\"template.default\">\n\t\t\t\t<div class=\"elementor-widget-container\">\n\t\t\t\t\t\t\t<div class=\"elementor-template\">\n\t\t\t\t\t<div data-elementor-type=\"section\" data-elementor-id=\"1369\" class=\"elementor elementor-1369\" data-elementor-post-type=\"elementor_library\">\n\t\t\t<div class=\"elementor-element elementor-element-1274cd1 e-con-full e-flex e-con e-parent\" data-id=\"1274cd1\" data-element_type=\"container\" data-settings=\"{&quot;background_background&quot;:&quot;classic&quot;}\">\n\t\t<div class=\"elementor-element elementor-element-3a760d5 e-con-full e-flex e-con e-child\" data-id=\"3a760d5\" data-element_type=\"container\" data-settings=\"{&quot;background_background&quot;:&quot;classic&quot;}\">\n\t\t\t\t<div class=\"elementor-element elementor-element-5a475b5 elementor-widget__width-auto cb-outline-shadow elementor-widget elementor-widget-heading\" data-id=\"5a475b5\" data-element_type=\"widget\" data-widget_type=\"heading.default\">\n\t\t\t\t<div class=\"elementor-widget-container\">\n\t\t\t\t\t<h2 class=\"elementor-heading-title elementor-size-default\"><a href=\"https:\/\/www.city-bahn.de\/en\/tickets-und-tarife\/\">Tickets &amp; tariffs<\/a><\/h2>\t\t\t\t<\/div>\n\t\t\t\t<\/div>\n\t\t\t\t<div class=\"elementor-element elementor-element-fd26813 cb-outline-shadow elementor-widget elementor-widget-html\" data-id=\"fd26813\" data-element_type=\"widget\" data-widget_type=\"html.default\">\n\t\t\t\t<div class=\"elementor-widget-container\">\n\t\t\t\t\t<h1 class=\"cb_title_small cb_title_style\">Tariff regulations<\/h1>\t\t\t\t<\/div>\n\t\t\t\t<\/div>\n\t\t\t\t<\/div>\n\t\t\t\t<\/div>\n\t\t\t\t<\/div>\n\t\t\t\t<\/div>\n\t\t\t\t\t\t<\/div>\n\t\t\t\t<\/div>\n\t\t\t\t\t<\/div>\n\t\t<\/div>\n\t\t\t\t\t<\/div>\n\t\t<\/section>\n\t\t<div class=\"elementor-element elementor-element-6297ba0 e-flex e-con-boxed e-con e-parent\" data-id=\"6297ba0\" data-element_type=\"container\">\n\t\t\t\t\t<div class=\"e-con-inner\">\n\t\t<div class=\"elementor-element elementor-element-4c7ef95 e-con-full e-flex e-con e-child\" data-id=\"4c7ef95\" data-element_type=\"container\">\n\t\t\t\t<div class=\"elementor-element elementor-element-c138e7d elementor-widget elementor-widget-heading\" data-id=\"c138e7d\" data-element_type=\"widget\" data-widget_type=\"heading.default\">\n\t\t\t\t<div class=\"elementor-widget-container\">\n\t\t\t\t\t<h2 class=\"elementor-heading-title elementor-size-default\">Fare regulations &amp; conditions of carriage<\/h2>\t\t\t\t<\/div>\n\t\t\t\t<\/div>\n\t\t\t\t<div class=\"elementor-element elementor-element-3ed9676 elementor-widget elementor-widget-text-editor\" data-id=\"3ed9676\" data-element_type=\"widget\" data-widget_type=\"text-editor.default\">\n\t\t\t\t<div class=\"elementor-widget-container\">\n\t\t\t\t\t\t\t\t\t<p><strong>As a partner of the Mittelsachsen Transport Association (VMS), you enjoy a great advantage not only in Chemnitz but throughout the entire area covered by the association: one ticket for the train, Chemnitz Bahn, tram and bus.<\/strong><\/p><div>The terms and conditions of carriage apply to the carriage of passengers and the carriage of objects and animals on the lines or line sections of the transport companies cooperating in Verkehrsverbund Mittelsachsen that are listed in the tariff regulations.<\/div>\t\t\t\t\t\t\t\t<\/div>\n\t\t\t\t<\/div>\n\t\t\t\t<div class=\"elementor-element elementor-element-09dca10 elementor-widget elementor-widget-button\" data-id=\"09dca10\" data-element_type=\"widget\" data-widget_type=\"button.default\">\n\t\t\t\t<div class=\"elementor-widget-container\">\n\t\t\t\t\t\t\t\t\t<div class=\"elementor-button-wrapper\">\n\t\t\t\t\t<a class=\"elementor-button elementor-button-link elementor-size-sm\" href=\"https:\/\/www.vms.de\/tarif-und-tickets\/tarif\/dokumente-downloads\/\" target=\"_blank\">\n\t\t\t\t\t\t<span class=\"elementor-button-content-wrapper\">\n\t\t\t\t\t\t<span class=\"elementor-button-icon\">\n\t\t\t\t<i aria-hidden=\"true\" class=\"fal fa-external-link-alt\"><\/i>\t\t\t<\/span>\n\t\t\t\t\t\t\t\t\t<span class=\"elementor-button-text\">Conditions of carriage and tariff regulations (vms.de)<\/span>\n\t\t\t\t\t<\/span>\n\t\t\t\t\t<\/a>\n\t\t\t\t<\/div>\n\t\t\t\t\t\t\t\t<\/div>\n\t\t\t\t<\/div>\n\t\t\t\t<\/div>\n\t\t<div class=\"elementor-element elementor-element-9dffcec e-con-full e-flex e-con e-child\" data-id=\"9dffcec\" data-element_type=\"container\">\n\t\t\t\t<div class=\"elementor-element elementor-element-96cf62b elementor-widget elementor-widget-image\" data-id=\"96cf62b\" data-element_type=\"widget\" data-widget_type=\"image.default\">\n\t\t\t\t<div class=\"elementor-widget-container\">\n\t\t\t\t\t\t\t\t\t\t\t\t\t\t\t<img fetchpriority=\"high\" decoding=\"async\" width=\"800\" height=\"600\" src=\"https:\/\/www.city-bahn.de\/wp-content\/uploads\/2023\/02\/img_9254_klein_195091.jpg\" class=\"attachment-large size-large wp-image-2124\" alt=\"Hauptbahnhof Chemnitz\" srcset=\"https:\/\/www.city-bahn.de\/wp-content\/uploads\/2023\/02\/img_9254_klein_195091.jpg 800w, https:\/\/www.city-bahn.de\/wp-content\/uploads\/2023\/02\/img_9254_klein_195091-300x225.jpg 300w, https:\/\/www.city-bahn.de\/wp-content\/uploads\/2023\/02\/img_9254_klein_195091-768x576.jpg 768w\" sizes=\"(max-width: 800px) 100vw, 800px\" \/>\t\t\t\t\t\t\t\t\t\t\t\t\t\t\t<\/div>\n\t\t\t\t<\/div>\n\t\t\t\t<\/div>\n\t\t\t\t\t<\/div>\n\t\t\t\t<\/div>\n\t\t\t\t<section class=\"elementor-section elementor-top-section elementor-element elementor-element-e65d0e8 elementor-section-boxed elementor-section-height-default elementor-section-height-default\" data-id=\"e65d0e8\" data-element_type=\"section\">\n\t\t\t\t\t\t<div class=\"elementor-container elementor-column-gap-default\">\n\t\t\t\t\t<div class=\"elementor-column elementor-col-100 elementor-top-column elementor-element elementor-element-44fdb32\" data-id=\"44fdb32\" data-element_type=\"column\">\n\t\t\t<div class=\"elementor-widget-wrap\">\n\t\t\t\t\t\t\t<\/div>\n\t\t<\/div>\n\t\t\t\t\t<\/div>\n\t\t<\/section>\n\t\t\t\t<\/div>","protected":false},"excerpt":{"rendered":"<p>VMS conditions, regulations for severely disabled persons, transport of additional persons<\/p>","protected":false},"author":1,"featured_media":1436,"parent":1399,"menu_order":28,"comment_status":"closed","ping_status":"closed","template":"elementor_header_footer","meta":{"_acf_changed":false,"footnotes":""},"class_list":["post-1434","page","type-page","status-publish","has-post-thumbnail","hentry"],"acf":[],"yoast_head":"<!-- This site is optimized with the Yoast SEO plugin v26.5 - https:\/\/yoast.com\/wordpress\/plugins\/seo\/ -->\n<title>Tarifbestimmungen &#187; City-Bahn Chemnitz<\/title>\n<meta name=\"robots\" content=\"index, follow, max-snippet:-1, max-image-preview:large, max-video-preview:-1\" \/>\n<link rel=\"canonical\" href=\"https:\/\/www.city-bahn.de\/en\/tickets-und-tarife\/tarifbestimmungen\/\" \/>\n<meta property=\"og:locale\" content=\"en_GB\" \/>\n<meta property=\"og:type\" content=\"article\" \/>\n<meta property=\"og:title\" content=\"Tarifbestimmungen &#187; City-Bahn Chemnitz\" \/>\n<meta property=\"og:description\" content=\"VMS-Bedingungen, Regelungen f\u00fcr Schwerbehinderte, Mitnahme weiterer Personen\" \/>\n<meta property=\"og:url\" content=\"https:\/\/www.city-bahn.de\/en\/tickets-und-tarife\/tarifbestimmungen\/\" \/>\n<meta property=\"og:site_name\" content=\"City-Bahn Chemnitz\" \/>\n<meta property=\"article:publisher\" content=\"https:\/\/www.facebook.com\/city.bahn.chemnitz\" \/>\n<meta property=\"article:modified_time\" content=\"2026-04-04T13:56:02+00:00\" \/>\n<meta property=\"og:image\" content=\"https:\/\/www.city-bahn.de\/wp-content\/uploads\/2022\/05\/vorschau_ticket_tarifbestimmungen.jpg\" \/>\n\t<meta property=\"og:image:width\" content=\"1920\" \/>\n\t<meta property=\"og:image:height\" content=\"1080\" \/>\n\t<meta property=\"og:image:type\" content=\"image\/jpeg\" \/>\n<meta name=\"twitter:card\" content=\"summary_large_image\" \/>\n<meta name=\"twitter:site\" content=\"@citybahn\" \/>\n<script type=\"application\/ld+json\" class=\"yoast-schema-graph\">{\"@context\":\"https:\/\/schema.org\",\"@graph\":[{\"@type\":\"WebPage\",\"@id\":\"https:\/\/www.city-bahn.de\/tickets-und-tarife\/tarifbestimmungen\/\",\"url\":\"https:\/\/www.city-bahn.de\/tickets-und-tarife\/tarifbestimmungen\/\",\"name\":\"Tarifbestimmungen &#187; City-Bahn Chemnitz\",\"isPartOf\":{\"@id\":\"https:\/\/www.city-bahn.de\/#website\"},\"primaryImageOfPage\":{\"@id\":\"https:\/\/www.city-bahn.de\/tickets-und-tarife\/tarifbestimmungen\/#primaryimage\"},\"image\":{\"@id\":\"https:\/\/www.city-bahn.de\/tickets-und-tarife\/tarifbestimmungen\/#primaryimage\"},\"thumbnailUrl\":\"https:\/\/www.city-bahn.de\/wp-content\/uploads\/2022\/05\/vorschau_ticket_tarifbestimmungen.jpg\",\"datePublished\":\"2022-05-24T13:19:19+00:00\",\"dateModified\":\"2026-04-04T13:56:02+00:00\",\"breadcrumb\":{\"@id\":\"https:\/\/www.city-bahn.de\/tickets-und-tarife\/tarifbestimmungen\/#breadcrumb\"},\"inLanguage\":\"en-GB\",\"potentialAction\":[{\"@type\":\"ReadAction\",\"target\":[\"https:\/\/www.city-bahn.de\/tickets-und-tarife\/tarifbestimmungen\/\"]}]},{\"@type\":\"ImageObject\",\"inLanguage\":\"en-GB\",\"@id\":\"https:\/\/www.city-bahn.de\/tickets-und-tarife\/tarifbestimmungen\/#primaryimage\",\"url\":\"https:\/\/www.city-bahn.de\/wp-content\/uploads\/2022\/05\/vorschau_ticket_tarifbestimmungen.jpg\",\"contentUrl\":\"https:\/\/www.city-bahn.de\/wp-content\/uploads\/2022\/05\/vorschau_ticket_tarifbestimmungen.jpg\",\"width\":1920,\"height\":1080,\"caption\":\"Collage: Drei Personen stehen mit dem R\u00fccken zur Kamera, von Links nach Rechts: Eine Frau mit einem tief h\u00e4ngenden Rucksack, ein Mann mit einer Bomberjacke und ein Mann mit einem Mantel und einer Aktentasche \u00fcber der rechten Schulter. \u00dcber Ihnen schwebt ein Symbol mit einem Rollstuhlfahrer und das Logo des VMS, Text: Gemeinsam mobil\"},{\"@type\":\"BreadcrumbList\",\"@id\":\"https:\/\/www.city-bahn.de\/tickets-und-tarife\/tarifbestimmungen\/#breadcrumb\",\"itemListElement\":[{\"@type\":\"ListItem\",\"position\":1,\"name\":\"Startseite\",\"item\":\"https:\/\/www.city-bahn.de\/\"},{\"@type\":\"ListItem\",\"position\":2,\"name\":\"Tickets &#038; Tarife\",\"item\":\"https:\/\/www.city-bahn.de\/tickets-und-tarife\/\"},{\"@type\":\"ListItem\",\"position\":3,\"name\":\"Tarifbestimmungen\"}]},{\"@type\":\"WebSite\",\"@id\":\"https:\/\/www.city-bahn.de\/#website\",\"url\":\"https:\/\/www.city-bahn.de\/\",\"name\":\"City-Bahn Chemnitz\",\"description\":\"Wir verbinden die Region\",\"publisher\":{\"@id\":\"https:\/\/www.city-bahn.de\/#organization\"},\"alternateName\":\"City-Bahn Chemnitz GmbH\",\"potentialAction\":[{\"@type\":\"SearchAction\",\"target\":{\"@type\":\"EntryPoint\",\"urlTemplate\":\"https:\/\/www.city-bahn.de\/?s={search_term_string}\"},\"query-input\":{\"@type\":\"PropertyValueSpecification\",\"valueRequired\":true,\"valueName\":\"search_term_string\"}}],\"inLanguage\":\"en-GB\"},{\"@type\":\"Organization\",\"@id\":\"https:\/\/www.city-bahn.de\/#organization\",\"name\":\"City-Bahn Chemnitz GmbH\",\"url\":\"https:\/\/www.city-bahn.de\/\",\"logo\":{\"@type\":\"ImageObject\",\"inLanguage\":\"en-GB\",\"@id\":\"https:\/\/www.city-bahn.de\/#\/schema\/logo\/image\/\",\"url\":\"https:\/\/www.city-bahn.de\/wp-content\/uploads\/2022\/01\/LogoCBC.svg\",\"contentUrl\":\"https:\/\/www.city-bahn.de\/wp-content\/uploads\/2022\/01\/LogoCBC.svg\",\"width\":1385,\"height\":658,\"caption\":\"City-Bahn Chemnitz GmbH\"},\"image\":{\"@id\":\"https:\/\/www.city-bahn.de\/#\/schema\/logo\/image\/\"},\"sameAs\":[\"https:\/\/www.facebook.com\/city.bahn.chemnitz\",\"https:\/\/x.com\/citybahn\"]}]}<\/script>\n<!-- \/ Yoast SEO plugin. -->","yoast_head_json":{"title":"Fare regulations \u00bb City-Bahn Chemnitz","robots":{"index":"index","follow":"follow","max-snippet":"max-snippet:-1","max-image-preview":"max-image-preview:large","max-video-preview":"max-video-preview:-1"},"canonical":"https:\/\/www.city-bahn.de\/en\/tickets-und-tarife\/tarifbestimmungen\/","og_locale":"en_GB","og_type":"article","og_title":"Tarifbestimmungen &#187; City-Bahn Chemnitz","og_description":"VMS-Bedingungen, Regelungen f\u00fcr Schwerbehinderte, Mitnahme weiterer Personen","og_url":"https:\/\/www.city-bahn.de\/en\/tickets-und-tarife\/tarifbestimmungen\/","og_site_name":"City-Bahn Chemnitz","article_publisher":"https:\/\/www.facebook.com\/city.bahn.chemnitz","article_modified_time":"2026-04-04T13:56:02+00:00","og_image":[{"width":1920,"height":1080,"url":"https:\/\/www.city-bahn.de\/wp-content\/uploads\/2022\/05\/vorschau_ticket_tarifbestimmungen.jpg","type":"image\/jpeg"}],"twitter_card":"summary_large_image","twitter_site":"@citybahn","schema":{"@context":"https:\/\/schema.org","@graph":[{"@type":"WebPage","@id":"https:\/\/www.city-bahn.de\/tickets-und-tarife\/tarifbestimmungen\/","url":"https:\/\/www.city-bahn.de\/tickets-und-tarife\/tarifbestimmungen\/","name":"Fare regulations \u00bb City-Bahn Chemnitz","isPartOf":{"@id":"https:\/\/www.city-bahn.de\/#website"},"primaryImageOfPage":{"@id":"https:\/\/www.city-bahn.de\/tickets-und-tarife\/tarifbestimmungen\/#primaryimage"},"image":{"@id":"https:\/\/www.city-bahn.de\/tickets-und-tarife\/tarifbestimmungen\/#primaryimage"},"thumbnailUrl":"https:\/\/www.city-bahn.de\/wp-content\/uploads\/2022\/05\/vorschau_ticket_tarifbestimmungen.jpg","datePublished":"2022-05-24T13:19:19+00:00","dateModified":"2026-04-04T13:56:02+00:00","breadcrumb":{"@id":"https:\/\/www.city-bahn.de\/tickets-und-tarife\/tarifbestimmungen\/#breadcrumb"},"inLanguage":"en-GB","potentialAction":[{"@type":"ReadAction","target":["https:\/\/www.city-bahn.de\/tickets-und-tarife\/tarifbestimmungen\/"]}]},{"@type":"ImageObject","inLanguage":"en-GB","@id":"https:\/\/www.city-bahn.de\/tickets-und-tarife\/tarifbestimmungen\/#primaryimage","url":"https:\/\/www.city-bahn.de\/wp-content\/uploads\/2022\/05\/vorschau_ticket_tarifbestimmungen.jpg","contentUrl":"https:\/\/www.city-bahn.de\/wp-content\/uploads\/2022\/05\/vorschau_ticket_tarifbestimmungen.jpg","width":1920,"height":1080,"caption":"Collage: Drei Personen stehen mit dem R\u00fccken zur Kamera, von Links nach Rechts: Eine Frau mit einem tief h\u00e4ngenden Rucksack, ein Mann mit einer Bomberjacke und ein Mann mit einem Mantel und einer Aktentasche \u00fcber der rechten Schulter. \u00dcber Ihnen schwebt ein Symbol mit einem Rollstuhlfahrer und das Logo des VMS, Text: Gemeinsam mobil"},{"@type":"BreadcrumbList","@id":"https:\/\/www.city-bahn.de\/tickets-und-tarife\/tarifbestimmungen\/#breadcrumb","itemListElement":[{"@type":"ListItem","position":1,"name":"Startseite","item":"https:\/\/www.city-bahn.de\/"},{"@type":"ListItem","position":2,"name":"Tickets &#038; Tarife","item":"https:\/\/www.city-bahn.de\/tickets-und-tarife\/"},{"@type":"ListItem","position":3,"name":"Tarifbestimmungen"}]},{"@type":"WebSite","@id":"https:\/\/www.city-bahn.de\/#website","url":"https:\/\/www.city-bahn.de\/","name":"Chemnitz City Railway","description":"We connect the region","publisher":{"@id":"https:\/\/www.city-bahn.de\/#organization"},"alternateName":"City-Bahn Chemnitz GmbH","potentialAction":[{"@type":"SearchAction","target":{"@type":"EntryPoint","urlTemplate":"https:\/\/www.city-bahn.de\/?s={search_term_string}"},"query-input":{"@type":"PropertyValueSpecification","valueRequired":true,"valueName":"search_term_string"}}],"inLanguage":"en-GB"},{"@type":"Organization","@id":"https:\/\/www.city-bahn.de\/#organization","name":"City-Bahn Chemnitz GmbH","url":"https:\/\/www.city-bahn.de\/","logo":{"@type":"ImageObject","inLanguage":"en-GB","@id":"https:\/\/www.city-bahn.de\/#\/schema\/logo\/image\/","url":"https:\/\/www.city-bahn.de\/wp-content\/uploads\/2022\/01\/LogoCBC.svg","contentUrl":"https:\/\/www.city-bahn.de\/wp-content\/uploads\/2022\/01\/LogoCBC.svg","width":1385,"height":658,"caption":"City-Bahn Chemnitz GmbH"},"image":{"@id":"https:\/\/www.city-bahn.de\/#\/schema\/logo\/image\/"},"sameAs":["https:\/\/www.facebook.com\/city.bahn.chemnitz","https:\/\/x.com\/citybahn"]}]}},"publishpress_future_workflow_manual_trigger":{"enabledWorkflows":[]},"_links":{"self":[{"href":"https:\/\/www.city-bahn.de\/en\/wp-json\/wp\/v2\/pages\/1434","targetHints":{"allow":["GET"]}}],"collection":[{"href":"https:\/\/www.city-bahn.de\/en\/wp-json\/wp\/v2\/pages"}],"about":[{"href":"https:\/\/www.city-bahn.de\/en\/wp-json\/wp\/v2\/types\/page"}],"author":[{"embeddable":true,"href":"https:\/\/www.city-bahn.de\/en\/wp-json\/wp\/v2\/users\/1"}],"replies":[{"embeddable":true,"href":"https:\/\/www.city-bahn.de\/en\/wp-json\/wp\/v2\/comments?post=1434"}],"version-history":[{"count":25,"href":"https:\/\/www.city-bahn.de\/en\/wp-json\/wp\/v2\/pages\/1434\/revisions"}],"predecessor-version":[{"id":10382,"href":"https:\/\/www.city-bahn.de\/en\/wp-json\/wp\/v2\/pages\/1434\/revisions\/10382"}],"up":[{"embeddable":true,"href":"https:\/\/www.city-bahn.de\/en\/wp-json\/wp\/v2\/pages\/1399"}],"wp:featuredmedia":[{"embeddable":true,"href":"https:\/\/www.city-bahn.de\/en\/wp-json\/wp\/v2\/media\/1436"}],"wp:attachment":[{"href":"https:\/\/www.city-bahn.de\/en\/wp-json\/wp\/v2\/media?parent=1434"}],"curies":[{"name":"wp","href":"https:\/\/api.w.org\/{rel}","templated":true}]}}